{"id":925,"date":"2016-06-15T14:05:54","date_gmt":"2016-06-15T12:05:54","guid":{"rendered":"http:\/\/gino.xtek.hosting\/?page_id=925"},"modified":"2022-07-12T11:57:58","modified_gmt":"2022-07-12T09:57:58","slug":"berufserfahrene","status":"publish","type":"page","link":"https:\/\/gino-ag.xtek.site\/de\/karriere\/berufserfahrene\/","title":{"rendered":"Berufserfahrene"},"content":{"rendered":"<div id=\"pl-925\"  class=\"panel-layout\" ><div id=\"pg-925-0\"  class=\"panel-grid panel-has-style\" ><div class=\"sidebar-row panel-row-style panel-row-style-for-925-0\" ><div id=\"pgc-925-0-0\"  class=\"panel-grid-cell\" ><div id=\"panel-925-0-0-0\" class=\"so-panel widget widget_black-studio-tinymce widget_black_studio_tinymce panel-first-child\" data-index=\"0\" ><div class=\"textwidget\"><h1>Karriere in der Elektrotechnik<\/h1>\n<h2>Es gibt viele Wege zu einer erfolgreichen Karriere \u2013<br \/>\nwas halten Sie davon, direkt den k\u00fcrzesten zu nehmen?<\/h2>\n<p>Sie sp\u00fcren einen Widerstand auf der Karriereleiter? Nicht bei der GINO AG - wir suchen und f\u00f6rdern unsere Talente, f\u00fcr eine erfolgreiche Zukunft. Wenn Sie bereits Berufserfahrung sammeln konnten, wird es Zeit f\u00fcr den n\u00e4chsten Karriereschritt \u2013 wir freuen uns auf Sie.<\/p>\n<h3>Das bietet Ihnen GINO<\/h3>\n<p>Mit GINO finden Sie einen modernen Arbeitgeber, der seine Mitarbeitenden achtet und erm\u00f6glicht sich weiterzuentwickeln. Ein fairer und freundlicher Umgang ist uns genauso wichtig eine hohe Mitarbeiterzufriedenheit. Daf\u00fcr bietet die GINO AG:<\/p>\n<ul>\n<li>Zukunftsperspektive<\/li>\n<li>Spannende Aufgaben<\/li>\n<li>Offene B\u00fcrot\u00fcren &amp; Feedbackkultur<\/li>\n<li>F\u00f6rderung von Mitarbeitenden-Engagement<\/li>\n<li>Mitarbeitervorteile:\n<ul>\n<li>Eden-Red-Karte<\/li>\n<li>Getr\u00e4nke<\/li>\n<li>Obst<\/li>\n<\/ul>\n<\/li>\n<\/ul>\n<h3>Das w\u00fcnschen wir uns von Ihnen:<\/h3>\n<p>Unsere Leistungsanforderungen sind je nach Einsatzbereich zu unterscheiden. Unabh\u00e4ngig davon w\u00fcnschen wir uns, dass Sie bereit sind, sich weiter zu qualifizieren und mit hohem Leistungsanspruch Ihre Arbeit erf\u00fcllen. Wir m\u00f6chten, dass Sie Verantwortung f\u00fcr Ihr Arbeitsgebiet \u00fcbernehmen und einen fairen Umgang mit Kolleginnen und Kollegen pflegen.<\/p>\n<h4>Auf einen Blick:<\/h4>\n<ul>\n<li>Erste Berufserfahrung passend zur vakanten Stelle<\/li>\n<li>Interessen an Weiterbildungen<\/li>\n<li>Hohes Ma\u00df an Eigenverantwortung<\/li>\n<li>Teamf\u00e4higkeit<\/li>\n<\/ul>\n<p>F\u00fchlen Sie sich angesprochen? Dann sind wir auf Ihre Bewerbung gespannt!<br \/>\nIhre Ansprechpartnerin ist Frau Sandra Decker - hier geht es zur <a href=\"https:\/\/www.gino-ag.com\/de\/karriere\/jobboerse\/\">Jobb\u00f6rse<\/a><\/p>\n<p>&nbsp;<\/p>\n<\/div><\/div><div id=\"panel-925-0-0-1\" class=\"so-panel widget widget_siteorigin-panels-builder\" data-index=\"1\" ><div class=\"produktbilder panel-widget-style panel-widget-style-for-925-0-0-1\" ><div id=\"pl-w62cd38cc9753c\"  class=\"panel-layout\" ><div id=\"pg-w62cd38cc9753c-0\"  class=\"panel-grid panel-no-style\" ><div id=\"pgc-w62cd38cc9753c-0-0\"  class=\"panel-grid-cell\" ><div id=\"panel-w62cd38cc9753c-0-0-0\" class=\"so-panel widget widget_media_image panel-first-child panel-last-child\" data-index=\"0\" ><img loading=\"lazy\" decoding=\"async\" width=\"320\" height=\"213\" src=\"https:\/\/www.gino-ag.com\/wp-content\/uploads\/GINO-AG_Eingang_01-320x213.jpg\" class=\"image wp-image-6087  attachment-thumbnail size-thumbnail\" alt=\"\" style=\"max-width: 100%; height: auto;\" srcset=\"https:\/\/www.gino-ag.com\/wp-content\/uploads\/GINO-AG_Eingang_01-320x213.jpg 320w, https:\/\/www.gino-ag.com\/wp-content\/uploads\/GINO-AG_Eingang_01-255x170.jpg 255w, https:\/\/www.gino-ag.com\/wp-content\/uploads\/GINO-AG_Eingang_01-272x182.jpg 272w, https:\/\/www.gino-ag.com\/wp-content\/uploads\/GINO-AG_Eingang_01.jpg 1024w\" sizes=\"auto, (max-width: 320px) 100vw, 320px\" \/><\/div><\/div><div id=\"pgc-w62cd38cc9753c-0-1\"  class=\"panel-grid-cell\" ><div id=\"panel-w62cd38cc9753c-0-1-0\" class=\"so-panel widget widget_media_image panel-first-child panel-last-child\" data-index=\"1\" ><img loading=\"lazy\" decoding=\"async\" width=\"320\" height=\"213\" src=\"https:\/\/www.gino-ag.com\/wp-content\/uploads\/GINO-AG_Besprechnung_01-320x213.jpg\" class=\"image wp-image-6091  attachment-thumbnail size-thumbnail\" alt=\"\" style=\"max-width: 100%; height: auto;\" srcset=\"https:\/\/www.gino-ag.com\/wp-content\/uploads\/GINO-AG_Besprechnung_01-320x213.jpg 320w, https:\/\/www.gino-ag.com\/wp-content\/uploads\/GINO-AG_Besprechnung_01-255x170.jpg 255w, https:\/\/www.gino-ag.com\/wp-content\/uploads\/GINO-AG_Besprechnung_01-272x182.jpg 272w, https:\/\/www.gino-ag.com\/wp-content\/uploads\/GINO-AG_Besprechnung_01.jpg 1024w\" sizes=\"auto, (max-width: 320px) 100vw, 320px\" \/><\/div><\/div><\/div><\/div><\/div><\/div><div id=\"panel-925-0-0-2\" class=\"so-panel widget widget_black-studio-tinymce widget_black_studio_tinymce panel-last-child\" data-index=\"2\" ><div class=\"textwidget\"><h2>Jobs f\u00fcr Berufserfahrene im \u00dcberblick<\/h2>\n<h3>GINO-AG in Bonn<\/h3>\n<ul>\n<li><a href=\"https:\/\/www.gino-ag.com\/de\/karriere\/jobboerse\/\">Mechatroniker oder Elektroniker f\u00fcr Betriebstechnik (m\/w\/d) ab sofort<\/a><\/li>\n<li><a href=\"https:\/\/www.gino-ag.com\/de\/karriere\/jobboerse\/\">Mitarbeiter f\u00fcr den Versand\/Gie\u00dferei (m\/w\/d) ab sofort<\/a><\/li>\n<li><a href=\"https:\/\/www.gino-ag.com\/de\/karriere\/jobboerse\/\">Technischer Mitarbeiter Service (m\/w\/d) ab sofort<\/a><\/li>\n<li><a href=\"https:\/\/www.gino-ag.com\/de\/karriere\/jobboerse\/\">Technischer Vertriebsmitarbeiter (m\/w\/d) ab sofort<\/a><\/li>\n<\/ul>\n<p>Nicht das passende dabei? Dann schicken Sie uns Ihre <a href=\"https:\/\/www.onlinebewerbungsserver.de\/ApplyForm\/AppStart.aspx?c=uI_10_0Cbwt_BE_FF_DDV_F7UhZ_25_947_80yw_D9_24_DC_B7pQ_D5_B9_B5_F5_96_00t_5C_FD_B7_D1_83_DB_D8j_F8_E5_06_C1_91C\">Initiativbewerbung<\/a><\/p>\n<h3>GINO-AG in Eisenach<\/h3>\n<ul>\n<li><a href=\"https:\/\/www.gino-ag.com\/de\/karriere\/jobboerse\/\">Maschinen- und Anlagenf\u00fchrer (m\/w\/d) ab sofort<\/a><\/li>\n<li><a href=\"https:\/\/www.gino-ag.com\/de\/karriere\/jobboerse\/\">Mitarbeiter Versand (m\/w\/d) ab sofort<\/a><\/li>\n<\/ul>\n<p>Nicht das passende dabei? Dann schicken Sie uns Ihre <a href=\"https:\/\/www.onlinebewerbungsserver.de\/ApplyForm\/AppStart.aspx?c=uI_10_0Cbwt_BE_FF_DDV_F7UhZ_25_947_80yw_D9_24_DC_B7pQ_D5_B9_B5_F5_96_00t_5C_FD_B7_D1_83_DB_D8j_F8_E5_06_C1_91C\">Initiativbewerbung<\/a><\/p>\n<h3>Bewerbungsprozess<\/h3>\n<ol>\n<li><strong>Ihre Bewerbungsunterlagen: <\/strong>Unsere HR-Abteilung sichtet Ihre Unterlagen auf Vollst\u00e4ndigkeit und inwieweit Ihre Erfahrungen und Qualifikationen auf die ausgeschriebene Stelle passen.<\/li>\n<\/ol>\n<ol start=\"2\">\n<li><strong>Erstes Kennenlernen:<\/strong> Nach dem Sichten Ihrer Bewerbungsunterlagen folgt ein erstes Gespr\u00e4ch zum gegenseitigen Kennenlernen. Ist der erste Eindruck f\u00fcr beide Seiten positiv, erhalten Sie einen \u00dcberblick \u00fcber das Unternehmen und Ihre kommenden Aufgaben. Detailfragen und Vertrags\u00adkonditionen k\u00f6nnen gerne im Anschluss ge\u00adkl\u00e4rt werden.<\/li>\n<\/ol>\n<ol start=\"3\">\n<li><strong>Willkommen im Team: <\/strong>Wenn alles stimmt, dann hei\u00dfen wir Sie herzlich willkommen bei uns im GINO-Team.<\/li>\n<\/ol>\n<p>&nbsp;<\/p>\n<\/div><\/div><\/div><div id=\"pgc-925-0-1\"  class=\"panel-grid-cell\" ><div id=\"panel-925-0-1-0\" class=\"so-panel widget widget_nav_menu panel-first-child\" data-index=\"3\" ><div class=\"sidebar panel-widget-style panel-widget-style-for-925-0-1-0\" ><div class=\"menu-submenu-karriere-container\"><ul id=\"menu-submenu-karriere\" class=\"menu\"><li id=\"menu-item-5378\" class=\"menu-item menu-item-type-post_type menu-item-object-page menu-item-5378\"><a href=\"https:\/\/gino-ag.xtek.site\/de\/karriere\/berufserfahrene\/\">Berufserfahrene<\/a><\/li>\n<li id=\"menu-item-5381\" class=\"menu-item menu-item-type-post_type menu-item-object-page menu-item-5381\"><a href=\"https:\/\/gino-ag.xtek.site\/de\/karriere\/studium-absolventen\/\">Studium und Absolventen<\/a><\/li>\n<li id=\"menu-item-5377\" class=\"menu-item menu-item-type-post_type menu-item-object-page menu-item-5377\"><a href=\"https:\/\/gino-ag.xtek.site\/de\/karriere\/berufsausbildung\/\">Berufsausbildung<\/a><\/li>\n<li id=\"menu-item-6027\" class=\"menu-item menu-item-type-post_type menu-item-object-page menu-item-6027\"><a href=\"https:\/\/gino-ag.xtek.site\/de\/karriere\/praktikum\/\">Praktikum<\/a><\/li>\n<li id=\"menu-item-6252\" class=\"menu-item menu-item-type-post_type menu-item-object-page menu-item-6252\"><a href=\"https:\/\/gino-ag.xtek.site\/de\/karriere\/jobboerse\/\">Jobb\u00f6rse<\/a><\/li>\n<\/ul><\/div><\/div><\/div><div id=\"panel-925-0-1-1\" class=\"so-panel widget widget_black-studio-tinymce widget_black_studio_tinymce panel-last-child\" data-index=\"4\" ><div class=\"textwidget\"><div class=\"info-box\">\n<h2>Ansprechpartner<\/h2>\n<p>Sandra Decker<br \/>\nTelefon: <a href=\"tel:00492289898660\">+49 (0) 228 98986-60<\/a><br \/>\nEmail: <a href=\"mailto:sandra.decker@gino.de\">sandra.decker@gino.de<\/a><\/p>\n<\/div>\n<\/div><\/div><\/div><\/div><\/div><\/div>","protected":false},"excerpt":{"rendered":"<p>Karriere in der Elektrotechnik Es gibt viele Wege zu einer erfolgreichen Karriere \u2013 was halten Sie davon, direkt den k\u00fcrzesten zu nehmen? Sie sp\u00fcren einen Widerstand auf der Karriereleiter? Nicht bei der GINO AG &#8211; wir suchen und f\u00f6rdern unsere Talente, f\u00fcr eine erfolgreiche Zukunft. Wenn Sie bereits Berufserfahrung sammeln konnten, wird es Zeit f\u00fcr [&hellip;]<\/p>\n","protected":false},"author":1,"featured_media":5649,"parent":15,"menu_order":0,"comment_status":"closed","ping_status":"closed","template":"","meta":{"_acf_changed":false,"footnotes":""},"class_list":["post-925","page","type-page","status-publish","has-post-thumbnail","hentry"],"acf":[],"yoast_head":"<!-- This site is optimized with the Yoast SEO plugin v24.4 - https:\/\/yoast.com\/wordpress\/plugins\/seo\/ -->\n<title>Karriere f\u00fcr Berufserfahrene - GINO AG<\/title>\n<meta name=\"description\" content=\"Es gibt viele Wege zu einer erfolgreichen Karriere in der Elektrotechnik \u2013 was halten Sie davon, direkt den k\u00fcrzesten zu nehmen? Jetzt bewerben: GINO AG\" \/>\n<meta name=\"robots\" content=\"index, follow, max-snippet:-1, max-image-preview:large, max-video-preview:-1\" \/>\n<link rel=\"canonical\" href=\"https:\/\/gino-ag.xtek.site\/de\/karriere\/berufserfahrene\/\" \/>\n<meta property=\"og:locale\" content=\"de_DE\" \/>\n<meta property=\"og:type\" content=\"article\" \/>\n<meta property=\"og:title\" content=\"Karriere f\u00fcr Berufserfahrene - GINO AG\" \/>\n<meta property=\"og:description\" content=\"Es gibt viele Wege zu einer erfolgreichen Karriere in der Elektrotechnik \u2013 was halten Sie davon, direkt den k\u00fcrzesten zu nehmen? Jetzt bewerben: GINO AG\" \/>\n<meta property=\"og:url\" content=\"https:\/\/gino-ag.xtek.site\/de\/karriere\/berufserfahrene\/\" \/>\n<meta property=\"og:site_name\" content=\"GINO AG\" \/>\n<meta property=\"article:modified_time\" content=\"2022-07-12T09:57:58+00:00\" \/>\n<meta property=\"og:image\" content=\"https:\/\/www.gino-ag.com\/wp-content\/uploads\/GINO_Header_Karriere.jpg\" \/>\n\t<meta property=\"og:image:width\" content=\"1920\" \/>\n\t<meta property=\"og:image:height\" content=\"480\" \/>\n\t<meta property=\"og:image:type\" content=\"image\/jpeg\" \/>\n<meta name=\"twitter:card\" content=\"summary_large_image\" \/>\n<meta name=\"twitter:label1\" content=\"Gesch\u00e4tzte Lesezeit\" \/>\n\t<meta name=\"twitter:data1\" content=\"3\u00a0Minuten\" \/>\n<script type=\"application\/ld+json\" class=\"yoast-schema-graph\">{\"@context\":\"https:\/\/schema.org\",\"@graph\":[{\"@type\":\"WebPage\",\"@id\":\"https:\/\/gino-ag.xtek.site\/de\/karriere\/berufserfahrene\/\",\"url\":\"https:\/\/gino-ag.xtek.site\/de\/karriere\/berufserfahrene\/\",\"name\":\"Karriere f\u00fcr Berufserfahrene - GINO AG\",\"isPartOf\":{\"@id\":\"https:\/\/www.gino-ag.com\/de\/#website\"},\"primaryImageOfPage\":{\"@id\":\"https:\/\/gino-ag.xtek.site\/de\/karriere\/berufserfahrene\/#primaryimage\"},\"image\":{\"@id\":\"https:\/\/gino-ag.xtek.site\/de\/karriere\/berufserfahrene\/#primaryimage\"},\"thumbnailUrl\":\"https:\/\/www.gino-ag.com\/wp-content\/uploads\/GINO_Header_Karriere.jpg\",\"datePublished\":\"2016-06-15T12:05:54+00:00\",\"dateModified\":\"2022-07-12T09:57:58+00:00\",\"description\":\"Es gibt viele Wege zu einer erfolgreichen Karriere in der Elektrotechnik \u2013 was halten Sie davon, direkt den k\u00fcrzesten zu nehmen? Jetzt bewerben: GINO AG\",\"breadcrumb\":{\"@id\":\"https:\/\/gino-ag.xtek.site\/de\/karriere\/berufserfahrene\/#breadcrumb\"},\"inLanguage\":\"de\",\"potentialAction\":[{\"@type\":\"ReadAction\",\"target\":[\"https:\/\/gino-ag.xtek.site\/de\/karriere\/berufserfahrene\/\"]}]},{\"@type\":\"ImageObject\",\"inLanguage\":\"de\",\"@id\":\"https:\/\/gino-ag.xtek.site\/de\/karriere\/berufserfahrene\/#primaryimage\",\"url\":\"https:\/\/www.gino-ag.com\/wp-content\/uploads\/GINO_Header_Karriere.jpg\",\"contentUrl\":\"https:\/\/www.gino-ag.com\/wp-content\/uploads\/GINO_Header_Karriere.jpg\",\"width\":1920,\"height\":480},{\"@type\":\"BreadcrumbList\",\"@id\":\"https:\/\/gino-ag.xtek.site\/de\/karriere\/berufserfahrene\/#breadcrumb\",\"itemListElement\":[{\"@type\":\"ListItem\",\"position\":1,\"name\":\"Startseite\",\"item\":\"https:\/\/www.gino-ag.com\/de\/\"},{\"@type\":\"ListItem\",\"position\":2,\"name\":\"Karriere\",\"item\":\"https:\/\/www.gino-ag.com\/de\/karriere\/\"},{\"@type\":\"ListItem\",\"position\":3,\"name\":\"Berufserfahrene\"}]},{\"@type\":\"WebSite\",\"@id\":\"https:\/\/www.gino-ag.com\/de\/#website\",\"url\":\"https:\/\/www.gino-ag.com\/de\/\",\"name\":\"GINO AG\",\"description\":\"Elektrische Widerst\u00e4nde von 50 W bis 360 MW\",\"potentialAction\":[{\"@type\":\"SearchAction\",\"target\":{\"@type\":\"EntryPoint\",\"urlTemplate\":\"https:\/\/www.gino-ag.com\/de\/?s={search_term_string}\"},\"query-input\":{\"@type\":\"PropertyValueSpecification\",\"valueRequired\":true,\"valueName\":\"search_term_string\"}}],\"inLanguage\":\"de\"}]}<\/script>\n<!-- \/ Yoast SEO plugin. -->","yoast_head_json":{"title":"Karriere f\u00fcr Berufserfahrene - GINO AG","description":"Es gibt viele Wege zu einer erfolgreichen Karriere in der Elektrotechnik \u2013 was halten Sie davon, direkt den k\u00fcrzesten zu nehmen? Jetzt bewerben: GINO AG","robots":{"index":"index","follow":"follow","max-snippet":"max-snippet:-1","max-image-preview":"max-image-preview:large","max-video-preview":"max-video-preview:-1"},"canonical":"https:\/\/gino-ag.xtek.site\/de\/karriere\/berufserfahrene\/","og_locale":"de_DE","og_type":"article","og_title":"Karriere f\u00fcr Berufserfahrene - GINO AG","og_description":"Es gibt viele Wege zu einer erfolgreichen Karriere in der Elektrotechnik \u2013 was halten Sie davon, direkt den k\u00fcrzesten zu nehmen? Jetzt bewerben: GINO AG","og_url":"https:\/\/gino-ag.xtek.site\/de\/karriere\/berufserfahrene\/","og_site_name":"GINO AG","article_modified_time":"2022-07-12T09:57:58+00:00","og_image":[{"width":1920,"height":480,"url":"https:\/\/www.gino-ag.com\/wp-content\/uploads\/GINO_Header_Karriere.jpg","type":"image\/jpeg"}],"twitter_card":"summary_large_image","twitter_misc":{"Gesch\u00e4tzte Lesezeit":"3\u00a0Minuten"},"schema":{"@context":"https:\/\/schema.org","@graph":[{"@type":"WebPage","@id":"https:\/\/gino-ag.xtek.site\/de\/karriere\/berufserfahrene\/","url":"https:\/\/gino-ag.xtek.site\/de\/karriere\/berufserfahrene\/","name":"Karriere f\u00fcr Berufserfahrene - GINO AG","isPartOf":{"@id":"https:\/\/www.gino-ag.com\/de\/#website"},"primaryImageOfPage":{"@id":"https:\/\/gino-ag.xtek.site\/de\/karriere\/berufserfahrene\/#primaryimage"},"image":{"@id":"https:\/\/gino-ag.xtek.site\/de\/karriere\/berufserfahrene\/#primaryimage"},"thumbnailUrl":"https:\/\/www.gino-ag.com\/wp-content\/uploads\/GINO_Header_Karriere.jpg","datePublished":"2016-06-15T12:05:54+00:00","dateModified":"2022-07-12T09:57:58+00:00","description":"Es gibt viele Wege zu einer erfolgreichen Karriere in der Elektrotechnik \u2013 was halten Sie davon, direkt den k\u00fcrzesten zu nehmen? Jetzt bewerben: GINO AG","breadcrumb":{"@id":"https:\/\/gino-ag.xtek.site\/de\/karriere\/berufserfahrene\/#breadcrumb"},"inLanguage":"de","potentialAction":[{"@type":"ReadAction","target":["https:\/\/gino-ag.xtek.site\/de\/karriere\/berufserfahrene\/"]}]},{"@type":"ImageObject","inLanguage":"de","@id":"https:\/\/gino-ag.xtek.site\/de\/karriere\/berufserfahrene\/#primaryimage","url":"https:\/\/www.gino-ag.com\/wp-content\/uploads\/GINO_Header_Karriere.jpg","contentUrl":"https:\/\/www.gino-ag.com\/wp-content\/uploads\/GINO_Header_Karriere.jpg","width":1920,"height":480},{"@type":"BreadcrumbList","@id":"https:\/\/gino-ag.xtek.site\/de\/karriere\/berufserfahrene\/#breadcrumb","itemListElement":[{"@type":"ListItem","position":1,"name":"Startseite","item":"https:\/\/www.gino-ag.com\/de\/"},{"@type":"ListItem","position":2,"name":"Karriere","item":"https:\/\/www.gino-ag.com\/de\/karriere\/"},{"@type":"ListItem","position":3,"name":"Berufserfahrene"}]},{"@type":"WebSite","@id":"https:\/\/www.gino-ag.com\/de\/#website","url":"https:\/\/www.gino-ag.com\/de\/","name":"GINO AG","description":"Elektrische Widerst\u00e4nde von 50 W bis 360 MW","potentialAction":[{"@type":"SearchAction","target":{"@type":"EntryPoint","urlTemplate":"https:\/\/www.gino-ag.com\/de\/?s={search_term_string}"},"query-input":{"@type":"PropertyValueSpecification","valueRequired":true,"valueName":"search_term_string"}}],"inLanguage":"de"}]}},"_links":{"self":[{"href":"https:\/\/gino-ag.xtek.site\/de\/wp-json\/wp\/v2\/pages\/925","targetHints":{"allow":["GET"]}}],"collection":[{"href":"https:\/\/gino-ag.xtek.site\/de\/wp-json\/wp\/v2\/pages"}],"about":[{"href":"https:\/\/gino-ag.xtek.site\/de\/wp-json\/wp\/v2\/types\/page"}],"author":[{"embeddable":true,"href":"https:\/\/gino-ag.xtek.site\/de\/wp-json\/wp\/v2\/users\/1"}],"replies":[{"embeddable":true,"href":"https:\/\/gino-ag.xtek.site\/de\/wp-json\/wp\/v2\/comments?post=925"}],"version-history":[{"count":11,"href":"https:\/\/gino-ag.xtek.site\/de\/wp-json\/wp\/v2\/pages\/925\/revisions"}],"predecessor-version":[{"id":8867,"href":"https:\/\/gino-ag.xtek.site\/de\/wp-json\/wp\/v2\/pages\/925\/revisions\/8867"}],"up":[{"embeddable":true,"href":"https:\/\/gino-ag.xtek.site\/de\/wp-json\/wp\/v2\/pages\/15"}],"wp:featuredmedia":[{"embeddable":true,"href":"https:\/\/gino-ag.xtek.site\/de\/wp-json\/wp\/v2\/media\/5649"}],"wp:attachment":[{"href":"https:\/\/gino-ag.xtek.site\/de\/wp-json\/wp\/v2\/media?parent=925"}],"curies":[{"name":"wp","href":"https:\/\/api.w.org\/{rel}","templated":true}]}}