{"id":8578,"date":"2022-02-04T08:45:55","date_gmt":"2022-02-04T07:45:55","guid":{"rendered":"https:\/\/www.gino-ag.com\/?page_id=8578"},"modified":"2024-06-10T14:38:16","modified_gmt":"2024-06-10T12:38:16","slug":"gridbox","status":"publish","type":"page","link":"https:\/\/gino-ag.xtek.site\/de\/produkte\/gridbox\/","title":{"rendered":"Gridbox"},"content":{"rendered":"<div id=\"pl-8578\"  class=\"panel-layout\" ><div id=\"pg-8578-0\"  class=\"panel-grid panel-no-style\" ><div id=\"pgc-8578-0-0\"  class=\"panel-grid-cell\" ><div id=\"panel-8578-0-0-0\" class=\"so-panel widget widget_sow-editor panel-first-child\" data-index=\"0\" ><div\n\t\t\t\n\t\t\tclass=\"so-widget-sow-editor so-widget-sow-editor-base\"\n\t\t\t\n\t\t>\n<div class=\"siteorigin-widget-tinymce textwidget\">\n\t<h1><strong>Mining Truck \u2013 Gridbox Bremswiderst\u00e4nde<\/strong><\/h1>\n<p>Im Tagebau und Untertagebau werden Rohstoffe wie Kohle, Kies, Stein, Sand, Erz u.v.m. mithilfe von Muldenkippern abtransportiert. Diese Schwerkraftwagen sind in der Lage mehrere hundert Tonnen zu transportieren und erreichen mit leistungsstarken dieselelektrischen oder vollelektrischen Antrieben Geschwindigkeiten von bis zu 60 km\/h.<\/p>\n<p>Die dabei entstehende Bremsenergie wird im elektrodynamischen Bremssystem in W\u00e4rme umgewandelt. Bei dieser Umwandlung von elektrischer in thermische Energie entstehen sehr hohe Temperaturen, die mithilfe von Hochleistungsventilatoren an die Umgebung abgef\u00fchrt werden.<\/p>\n<p>Unsere Gridbox-Bremswiderst\u00e4nde k\u00f6nnen bis zu einer Leistung von f\u00fcnf Megawatt eingesetzt werden und gew\u00e4hrleisten dabei eine sichere und effiziente Abf\u00fchrung der \u00fcbersch\u00fcssigen Bremsenergie.<\/p>\n<p><strong>Leistungsbereich<\/strong><\/p>\n<p>Bis 5 MW<\/p>\n<p><strong>K\u00fchlung<\/strong><\/p>\n<p>Unsere Gridbox-Bremswiderst\u00e4nde werden je nach kundenspezifischer Einbausituation, Anforderung und Anwendung mit axialen, radialen oder doppelradialen Hochleistungsventilatoren ausger\u00fcstet.<\/p>\n<p><strong>Schutzart<\/strong><\/p>\n<p>IP 21 nach DIN 60529<\/p>\n<p><strong>Aufstellh\u00f6he<\/strong><\/p>\n<p>Der Einsatz unserer Gridbox-Bremswiderst\u00e4nde ist f\u00fcr H\u00f6henlagen bis zu 5.500 m \u00fc.d.M. ausgelegt.<\/p>\n<p><strong>Umgebungsbedingungen<\/strong><\/p>\n<ul>\n<li>Extreme Anforderungen an Schock- und Vibrationsbelastung<\/li>\n<li>Besondere Anforderungen an die Umwelt (Sand, Verschmutzung, Staub, N\u00e4sse)<\/li>\n<li>Wartungs- und verschlei\u00dfarme Konstruktion<\/li>\n<\/ul>\n<p>&nbsp;<\/p>\n<\/div>\n<\/div><\/div><div id=\"panel-8578-0-0-1\" class=\"so-panel widget widget_text\" data-index=\"1\" ><h3 class=\"widget-title\">Beispiele f\u00fcr Gridboxen<\/h3>\t\t\t<div class=\"textwidget\"><p>Unsere Gridboxen k\u00f6nnen ganz individuell auf Ihre Anforderungen angepasst werden.<\/p>\n<\/div>\n\t\t<\/div><div id=\"panel-8578-0-0-2\" class=\"so-panel widget widget_text\" data-index=\"2\" >\t\t\t<div class=\"textwidget\">\n<table id=\"tablepress-9\" class=\"tablepress tablepress-id-9\">\n<thead>\n<tr class=\"row-1\">\n\t<th class=\"column-1\">1,2 MW Gridbox<\/th><th class=\"column-2\">     Eigenschaften<\/th>\n<\/tr>\n<\/thead>\n<tbody>\n<tr class=\"row-2\">\n\t<td class=\"column-1\"><img decoding=\"async\" src=\"https:\/\/www.gino-ag.com\/wp-content\/uploads\/GB-1-1-250x170-1.png\" alt=\"\" class=\"alignnone size-full wp-image-3438 img-responsive\" style=\"width: 250px;\" \/><\/td><td class=\"column-2\">\u2022 Muldenkipper-Zuladung: 90 t<br \/>\n\u2022 Bremsleistung: 2 x 600 kW<br \/>\n\u2022 Ventilatorausf\u00fchrung: Axial<br \/>\n\u2022 Einsatzh\u00f6he: bis zu 4.800 m \u00fc.d.M.<br \/>\n\u2022 Widerstandstyp: 3PQ4-System (bis zu 850 \u00b0C)<br \/>\n\u2022 Lackierung: Schwarz-Grau<\/td>\n<\/tr>\n<\/tbody>\n<\/table>\n<!-- #tablepress-9 from cache -->\n\n<table id=\"tablepress-10\" class=\"tablepress tablepress-id-10\">\n<thead>\n<tr class=\"row-1\">\n\t<th class=\"column-1\">2,8 MW Gridbox<\/th><th class=\"column-2\">Eigenschaften<\/th>\n<\/tr>\n<\/thead>\n<tbody>\n<tr class=\"row-2\">\n\t<td class=\"column-1\"><br \/>\n<img decoding=\"async\" src=\"https:\/\/www.gino-ag.com\/wp-content\/uploads\/GB-3-1-250x170-1.png\" alt=\"\" class=\"alignnone size-full wp-image-3438 img-responsive\" style=\"width: 250px;\" \/><\/td><td class=\"column-2\">\u2022 Muldenkipper-Zuladung: 240 t<br \/>\n\u2022 Bremsleistung: 4 x 700 kW<br \/>\n\u2022 Ventilatorausf\u00fchrung: 2-Kanalk\u00fchlung - Doppelradial<br \/>\n\u2022 Einsatzh\u00f6he: bis zu 5.500 m \u00fc.d.M.<br \/>\n\u2022 Widerstandstyp: EN-System (\u00fcber 600 \u00b0C)<br \/>\n\u2022 Lackierung: Signalwei\u00df<\/td>\n<\/tr>\n<\/tbody>\n<\/table>\n<!-- #tablepress-10 from cache -->\n<\/div>\n\t\t<\/div><div id=\"panel-8578-0-0-3\" class=\"widget_text so-panel widget widget_custom_html\" data-index=\"3\" ><div class=\"textwidget custom-html-widget\"><br><br><br><\/div><\/div><div id=\"panel-8578-0-0-4\" class=\"so-panel widget widget_block panel-last-child\" data-index=\"4\" ><div style=\"background-color: white; border: 4px solid yellow; border-radius: 10px; padding: 20px;\">\n<h3 style=\"margin-bottom: 10px;\">Sie interessieren sich f\u00fcr unsere Gridboxen?<\/h3>\n<p style=\"margin-bottom: 20px;\">Nehmen Sie Kontakt mit uns auf. Wir fertigen ein individuell auf Sie zugeschnittenes Angebot.<\/p>\n<p>  <a href=\"https:\/\/www.gino-ag.com\/de\/kontakt\/kontakt\/\" style=\"background-color: black; color: white; padding: 10px 20px; text-decoration: none; border-radius: 5px;\">zum Kontaktformular<\/a>\n<\/div>\n<\/div><\/div><div id=\"pgc-8578-0-1\"  class=\"panel-grid-cell\" ><div id=\"panel-8578-0-1-0\" class=\"so-panel widget widget_sow-editor panel-first-child\" data-index=\"5\" ><div class=\"info-box panel-widget-style panel-widget-style-for-8578-0-1-0\" ><div\n\t\t\t\n\t\t\tclass=\"so-widget-sow-editor so-widget-sow-editor-base\"\n\t\t\t\n\t\t>\n<div class=\"siteorigin-widget-tinymce textwidget\">\n\t<h2>Ansprechpartner<\/h2>\n<p>David Jansen<br \/>\nTelefon: +49 (0) 228 98986-935<br \/>\nE-Mail: <a href=\"mailto:david.jansen@gino.de\">david.jansen@gino.de<\/a><\/p>\n<\/div>\n<\/div><\/div><\/div><div id=\"panel-8578-0-1-1\" class=\"so-panel widget widget_nav_menu\" data-index=\"6\" ><div class=\"sidebar panel-widget-style panel-widget-style-for-8578-0-1-1\" ><div class=\"menu-submenu-products-en-container\"><ul id=\"menu-submenu-products-en\" class=\"menu\"><li id=\"menu-item-8018\" class=\"menu-item menu-item-type-post_type menu-item-object-page menu-item-8018\"><a href=\"https:\/\/gino-ag.xtek.site\/en\/products\/resistance-systems-gino-ag\/\" title=\"Resistor systems\">Widerstandssysteme<\/a><\/li>\n<li id=\"menu-item-8010\" class=\"menu-item menu-item-type-post_type menu-item-object-page menu-item-has-children menu-item-8010\"><a href=\"https:\/\/gino-ag.xtek.site\/en\/products\/load-and-test-resistors\/\">Lastwiderst\u00e4nde und Pr\u00fcfwiderst\u00e4nde<\/a>\n<ul class=\"sub-menu\">\n\t<li id=\"menu-item-8014\" class=\"menu-item menu-item-type-post_type menu-item-object-page menu-item-8014\"><a href=\"https:\/\/gino-ag.xtek.site\/en\/products\/load-and-test-resistors\/standard-power-banks\/\">Last- und Pr\u00fcfwiderst\u00e4nde \u2013 Standard-Lastb\u00e4nke<\/a><\/li>\n\t<li id=\"menu-item-8011\" class=\"menu-item menu-item-type-post_type menu-item-object-page menu-item-8011\"><a href=\"https:\/\/gino-ag.xtek.site\/en\/products\/load-and-test-resistors\/customer-specific-load-banks\/\">Last- und Pr\u00fcfwiderst\u00e4nde \u2013 Kundenspezifische Lastb\u00e4nke<\/a><\/li>\n\t<li id=\"menu-item-8013\" class=\"menu-item menu-item-type-post_type menu-item-object-page menu-item-8013\"><a href=\"https:\/\/gino-ag.xtek.site\/en\/products\/load-and-test-resistors\/mobile-load-banks-on-trailers\/\">Last- und Pr\u00fcfwiderst\u00e4nde \u2013 Mobile Lastb\u00e4nke Trailer<\/a><\/li>\n\t<li id=\"menu-item-8015\" class=\"menu-item menu-item-type-post_type menu-item-object-page menu-item-8015\"><a href=\"https:\/\/gino-ag.xtek.site\/en\/products\/load-and-test-resistors\/test-resistors\/\">Last- und Pr\u00fcfwiderst\u00e4nde \u2013 Pr\u00fcfwiderst\u00e4nde<\/a><\/li>\n\t<li id=\"menu-item-8012\" class=\"menu-item menu-item-type-post_type menu-item-object-page menu-item-8012\"><a href=\"https:\/\/gino-ag.xtek.site\/en\/products\/load-and-test-resistors\/load-banks-for-locomotives\/\">Last- und Pr\u00fcfwiderst\u00e4nde \u2013 Lastwiderst\u00e4nde Lokomotiven<\/a><\/li>\n<\/ul>\n<\/li>\n<li id=\"menu-item-7998\" class=\"menu-item menu-item-type-post_type menu-item-object-page menu-item-7998\"><a href=\"https:\/\/gino-ag.xtek.site\/en\/products\/brake-resistors\/\">Bremswiderst\u00e4nde<\/a><\/li>\n<li id=\"menu-item-8008\" class=\"menu-item menu-item-type-post_type menu-item-object-page menu-item-8008\"><a href=\"https:\/\/gino-ag.xtek.site\/en\/products\/grounding-resistors-gino-ag\/\">Erdungswiderst\u00e4nde<\/a><\/li>\n<li id=\"menu-item-8004\" class=\"menu-item menu-item-type-post_type menu-item-object-page menu-item-8004\"><a href=\"https:\/\/gino-ag.xtek.site\/en\/products\/damping-resistors\/\">Filterwiderst\u00e4nde<\/a><\/li>\n<li id=\"menu-item-8019\" class=\"menu-item menu-item-type-post_type menu-item-object-page menu-item-8019\"><a href=\"https:\/\/gino-ag.xtek.site\/en\/products\/transportation-engineering-train-resistors\/\">Verkehrstechnik \/ Bahnwiderst\u00e4nde<\/a><\/li>\n<li id=\"menu-item-10124\" class=\"menu-item menu-item-type-post_type menu-item-object-page menu-item-10124\"><a href=\"https:\/\/gino-ag.xtek.site\/en\/products\/girdbox\/\">Gridbox<\/a><\/li>\n<li id=\"menu-item-8017\" class=\"menu-item menu-item-type-post_type menu-item-object-page menu-item-8017\"><a href=\"https:\/\/gino-ag.xtek.site\/en\/products\/discover-oil-starter-now-gino-ag\/\">\u00d6lanlasser<\/a><\/li>\n<li id=\"menu-item-8006\" class=\"menu-item menu-item-type-post_type menu-item-object-page menu-item-8006\"><a href=\"https:\/\/gino-ag.xtek.site\/en\/products\/akamas-gino-ag\/\">GINO-AKA AKAMAS<\/a><\/li>\n<li id=\"menu-item-8007\" class=\"menu-item menu-item-type-post_type menu-item-object-page menu-item-8007\"><a href=\"https:\/\/gino-ag.xtek.site\/en\/products\/power-controller-gino-ag\/\">GINO-AKA Power Controller<\/a><\/li>\n<li id=\"menu-item-8009\" class=\"menu-item menu-item-type-post_type menu-item-object-page menu-item-8009\"><a href=\"https:\/\/gino-ag.xtek.site\/en\/products\/discover-liquid-starters-gino-ag\/\">Fl\u00fcssigkeitsanlasser<\/a><\/li>\n<li id=\"menu-item-8016\" class=\"menu-item menu-item-type-post_type menu-item-object-page menu-item-8016\"><a href=\"https:\/\/gino-ag.xtek.site\/en\/products\/discover-air-cooled-starter-gino-ag\/\">Luftgek\u00fchlte Anlasser<\/a><\/li>\n<li id=\"menu-item-8020\" class=\"menu-item menu-item-type-post_type menu-item-object-page menu-item-8020\"><a href=\"https:\/\/gino-ag.xtek.site\/en\/products\/discover-surge-protection-gino-ag\/\">\u00dcberspannungsschutz<\/a><\/li>\n<li id=\"menu-item-8005\" class=\"menu-item menu-item-type-post_type menu-item-object-page menu-item-8005\"><a href=\"https:\/\/gino-ag.xtek.site\/en\/products\/cooling-systems-gino-ag\/\">Ventilatoren \/ K\u00fchlsysteme<\/a><\/li>\n<li id=\"menu-item-7999\" class=\"menu-item menu-item-type-post_type menu-item-object-page menu-item-has-children menu-item-7999\"><a href=\"https:\/\/gino-ag.xtek.site\/en\/products\/electric-contactors-gino-ag\/\">Sch\u00fctze<\/a>\n<ul class=\"sub-menu\">\n\t<li id=\"menu-item-8000\" class=\"menu-item menu-item-type-post_type menu-item-object-page menu-item-8000\"><a href=\"https:\/\/gino-ag.xtek.site\/en\/products\/electric-contactors-gino-ag\/contactors-hb-series\/\">Sch\u00fctze \u2013 HB-Serie<\/a><\/li>\n\t<li id=\"menu-item-8003\" class=\"menu-item menu-item-type-post_type menu-item-object-page menu-item-8003\"><a href=\"https:\/\/gino-ag.xtek.site\/en\/products\/electric-contactors-gino-ag\/contactors-t-series\/\">Sch\u00fctze \u2013 T-Serie<\/a><\/li>\n\t<li id=\"menu-item-8001\" class=\"menu-item menu-item-type-post_type menu-item-object-page menu-item-8001\"><a href=\"https:\/\/gino-ag.xtek.site\/en\/products\/electric-contactors-gino-ag\/contactors-r-series\/\">Sch\u00fctze \u2013 R-Serie<\/a><\/li>\n\t<li id=\"menu-item-8002\" class=\"menu-item menu-item-type-post_type menu-item-object-page menu-item-8002\"><a href=\"https:\/\/gino-ag.xtek.site\/en\/products\/electric-contactors-gino-ag\/contactors-s-series\/\">Sch\u00fctze \u2013 S-Serie<\/a><\/li>\n<\/ul>\n<\/li>\n<\/ul><\/div><\/div><\/div><div id=\"panel-8578-0-1-2\" class=\"so-panel widget widget_sow-editor panel-last-child\" data-index=\"7\" ><div class=\"info-box panel-widget-style panel-widget-style-for-8578-0-1-2\" ><div\n\t\t\t\n\t\t\tclass=\"so-widget-sow-editor so-widget-sow-editor-base\"\n\t\t\t\n\t\t>\n<div class=\"siteorigin-widget-tinymce textwidget\">\n\t<h2>DOWNLOADS<\/h2>\n<ul>\n<li><a href=\"https:\/\/www.gino-ag.com\/wp-content\/uploads\/GINO-AG_Katalog_Verkehrstechnik_de.pdf\">Mobility-Katalog (PDF)<\/a><\/li>\n<\/ul>\n<\/div>\n<\/div><\/div><\/div><\/div><\/div><\/div>","protected":false},"excerpt":{"rendered":"<p>Mining Truck \u2013 Gridbox Bremswiderst\u00e4nde Im Tagebau und Untertagebau werden Rohstoffe wie Kohle, Kies, Stein, Sand, Erz u.v.m. mithilfe von Muldenkippern abtransportiert. Diese Schwerkraftwagen sind in der Lage mehrere hundert Tonnen zu transportieren und erreichen mit leistungsstarken dieselelektrischen oder vollelektrischen Antrieben Geschwindigkeiten von bis zu 60 km\/h. Die dabei entstehende Bremsenergie wird im elektrodynamischen Bremssystem [&hellip;]<\/p>\n","protected":false},"author":19,"featured_media":8675,"parent":7,"menu_order":0,"comment_status":"closed","ping_status":"closed","template":"","meta":{"_acf_changed":false,"footnotes":""},"class_list":["post-8578","page","type-page","status-publish","has-post-thumbnail","hentry"],"acf":[],"yoast_head":"<!-- This site is optimized with the Yoast SEO plugin v24.4 - https:\/\/yoast.com\/wordpress\/plugins\/seo\/ -->\n<title>Gridbox - GINO AG<\/title>\n<meta name=\"robots\" content=\"index, follow, max-snippet:-1, max-image-preview:large, max-video-preview:-1\" \/>\n<link rel=\"canonical\" href=\"https:\/\/gino-ag.xtek.site\/de\/produkte\/gridbox\/\" \/>\n<meta property=\"og:locale\" content=\"de_DE\" \/>\n<meta property=\"og:type\" content=\"article\" \/>\n<meta property=\"og:title\" content=\"Gridbox - GINO AG\" \/>\n<meta property=\"og:description\" content=\"Mining Truck \u2013 Gridbox Bremswiderst\u00e4nde Im Tagebau und Untertagebau werden Rohstoffe wie Kohle, Kies, Stein, Sand, Erz u.v.m. mithilfe von Muldenkippern abtransportiert. Diese Schwerkraftwagen sind in der Lage mehrere hundert Tonnen zu transportieren und erreichen mit leistungsstarken dieselelektrischen oder vollelektrischen Antrieben Geschwindigkeiten von bis zu 60 km\/h. Die dabei entstehende Bremsenergie wird im elektrodynamischen Bremssystem [&hellip;]\" \/>\n<meta property=\"og:url\" content=\"https:\/\/gino-ag.xtek.site\/de\/produkte\/gridbox\/\" \/>\n<meta property=\"og:site_name\" content=\"GINO AG\" \/>\n<meta property=\"article:modified_time\" content=\"2024-06-10T12:38:16+00:00\" \/>\n<meta property=\"og:image\" content=\"https:\/\/www.gino-ag.com\/wp-content\/uploads\/Truck_pano.jpg\" \/>\n\t<meta property=\"og:image:width\" content=\"1920\" \/>\n\t<meta property=\"og:image:height\" content=\"480\" \/>\n\t<meta property=\"og:image:type\" content=\"image\/jpeg\" \/>\n<meta name=\"twitter:card\" content=\"summary_large_image\" \/>\n<meta name=\"twitter:label1\" content=\"Gesch\u00e4tzte Lesezeit\" \/>\n\t<meta name=\"twitter:data1\" content=\"3\u00a0Minuten\" \/>\n<script type=\"application\/ld+json\" class=\"yoast-schema-graph\">{\"@context\":\"https:\/\/schema.org\",\"@graph\":[{\"@type\":\"WebPage\",\"@id\":\"https:\/\/gino-ag.xtek.site\/de\/produkte\/gridbox\/\",\"url\":\"https:\/\/gino-ag.xtek.site\/de\/produkte\/gridbox\/\",\"name\":\"Gridbox - GINO AG\",\"isPartOf\":{\"@id\":\"https:\/\/www.gino-ag.com\/de\/#website\"},\"primaryImageOfPage\":{\"@id\":\"https:\/\/gino-ag.xtek.site\/de\/produkte\/gridbox\/#primaryimage\"},\"image\":{\"@id\":\"https:\/\/gino-ag.xtek.site\/de\/produkte\/gridbox\/#primaryimage\"},\"thumbnailUrl\":\"https:\/\/www.gino-ag.com\/wp-content\/uploads\/Truck_pano.jpg\",\"datePublished\":\"2022-02-04T07:45:55+00:00\",\"dateModified\":\"2024-06-10T12:38:16+00:00\",\"breadcrumb\":{\"@id\":\"https:\/\/gino-ag.xtek.site\/de\/produkte\/gridbox\/#breadcrumb\"},\"inLanguage\":\"de\",\"potentialAction\":[{\"@type\":\"ReadAction\",\"target\":[\"https:\/\/gino-ag.xtek.site\/de\/produkte\/gridbox\/\"]}]},{\"@type\":\"ImageObject\",\"inLanguage\":\"de\",\"@id\":\"https:\/\/gino-ag.xtek.site\/de\/produkte\/gridbox\/#primaryimage\",\"url\":\"https:\/\/www.gino-ag.com\/wp-content\/uploads\/Truck_pano.jpg\",\"contentUrl\":\"https:\/\/www.gino-ag.com\/wp-content\/uploads\/Truck_pano.jpg\",\"width\":1920,\"height\":480},{\"@type\":\"BreadcrumbList\",\"@id\":\"https:\/\/gino-ag.xtek.site\/de\/produkte\/gridbox\/#breadcrumb\",\"itemListElement\":[{\"@type\":\"ListItem\",\"position\":1,\"name\":\"Startseite\",\"item\":\"https:\/\/www.gino-ag.com\/de\/\"},{\"@type\":\"ListItem\",\"position\":2,\"name\":\"Produkte\",\"item\":\"https:\/\/www.gino-ag.com\/de\/produkte\/\"},{\"@type\":\"ListItem\",\"position\":3,\"name\":\"Gridbox\"}]},{\"@type\":\"WebSite\",\"@id\":\"https:\/\/www.gino-ag.com\/de\/#website\",\"url\":\"https:\/\/www.gino-ag.com\/de\/\",\"name\":\"GINO AG\",\"description\":\"Elektrische Widerst\u00e4nde von 50 W bis 360 MW\",\"potentialAction\":[{\"@type\":\"SearchAction\",\"target\":{\"@type\":\"EntryPoint\",\"urlTemplate\":\"https:\/\/www.gino-ag.com\/de\/?s={search_term_string}\"},\"query-input\":{\"@type\":\"PropertyValueSpecification\",\"valueRequired\":true,\"valueName\":\"search_term_string\"}}],\"inLanguage\":\"de\"}]}<\/script>\n<!-- \/ Yoast SEO plugin. -->","yoast_head_json":{"title":"Gridbox - GINO AG","robots":{"index":"index","follow":"follow","max-snippet":"max-snippet:-1","max-image-preview":"max-image-preview:large","max-video-preview":"max-video-preview:-1"},"canonical":"https:\/\/gino-ag.xtek.site\/de\/produkte\/gridbox\/","og_locale":"de_DE","og_type":"article","og_title":"Gridbox - GINO AG","og_description":"Mining Truck \u2013 Gridbox Bremswiderst\u00e4nde Im Tagebau und Untertagebau werden Rohstoffe wie Kohle, Kies, Stein, Sand, Erz u.v.m. mithilfe von Muldenkippern abtransportiert. Diese Schwerkraftwagen sind in der Lage mehrere hundert Tonnen zu transportieren und erreichen mit leistungsstarken dieselelektrischen oder vollelektrischen Antrieben Geschwindigkeiten von bis zu 60 km\/h. Die dabei entstehende Bremsenergie wird im elektrodynamischen Bremssystem [&hellip;]","og_url":"https:\/\/gino-ag.xtek.site\/de\/produkte\/gridbox\/","og_site_name":"GINO AG","article_modified_time":"2024-06-10T12:38:16+00:00","og_image":[{"width":1920,"height":480,"url":"https:\/\/www.gino-ag.com\/wp-content\/uploads\/Truck_pano.jpg","type":"image\/jpeg"}],"twitter_card":"summary_large_image","twitter_misc":{"Gesch\u00e4tzte Lesezeit":"3\u00a0Minuten"},"schema":{"@context":"https:\/\/schema.org","@graph":[{"@type":"WebPage","@id":"https:\/\/gino-ag.xtek.site\/de\/produkte\/gridbox\/","url":"https:\/\/gino-ag.xtek.site\/de\/produkte\/gridbox\/","name":"Gridbox - GINO AG","isPartOf":{"@id":"https:\/\/www.gino-ag.com\/de\/#website"},"primaryImageOfPage":{"@id":"https:\/\/gino-ag.xtek.site\/de\/produkte\/gridbox\/#primaryimage"},"image":{"@id":"https:\/\/gino-ag.xtek.site\/de\/produkte\/gridbox\/#primaryimage"},"thumbnailUrl":"https:\/\/www.gino-ag.com\/wp-content\/uploads\/Truck_pano.jpg","datePublished":"2022-02-04T07:45:55+00:00","dateModified":"2024-06-10T12:38:16+00:00","breadcrumb":{"@id":"https:\/\/gino-ag.xtek.site\/de\/produkte\/gridbox\/#breadcrumb"},"inLanguage":"de","potentialAction":[{"@type":"ReadAction","target":["https:\/\/gino-ag.xtek.site\/de\/produkte\/gridbox\/"]}]},{"@type":"ImageObject","inLanguage":"de","@id":"https:\/\/gino-ag.xtek.site\/de\/produkte\/gridbox\/#primaryimage","url":"https:\/\/www.gino-ag.com\/wp-content\/uploads\/Truck_pano.jpg","contentUrl":"https:\/\/www.gino-ag.com\/wp-content\/uploads\/Truck_pano.jpg","width":1920,"height":480},{"@type":"BreadcrumbList","@id":"https:\/\/gino-ag.xtek.site\/de\/produkte\/gridbox\/#breadcrumb","itemListElement":[{"@type":"ListItem","position":1,"name":"Startseite","item":"https:\/\/www.gino-ag.com\/de\/"},{"@type":"ListItem","position":2,"name":"Produkte","item":"https:\/\/www.gino-ag.com\/de\/produkte\/"},{"@type":"ListItem","position":3,"name":"Gridbox"}]},{"@type":"WebSite","@id":"https:\/\/www.gino-ag.com\/de\/#website","url":"https:\/\/www.gino-ag.com\/de\/","name":"GINO AG","description":"Elektrische Widerst\u00e4nde von 50 W bis 360 MW","potentialAction":[{"@type":"SearchAction","target":{"@type":"EntryPoint","urlTemplate":"https:\/\/www.gino-ag.com\/de\/?s={search_term_string}"},"query-input":{"@type":"PropertyValueSpecification","valueRequired":true,"valueName":"search_term_string"}}],"inLanguage":"de"}]}},"_links":{"self":[{"href":"https:\/\/gino-ag.xtek.site\/de\/wp-json\/wp\/v2\/pages\/8578","targetHints":{"allow":["GET"]}}],"collection":[{"href":"https:\/\/gino-ag.xtek.site\/de\/wp-json\/wp\/v2\/pages"}],"about":[{"href":"https:\/\/gino-ag.xtek.site\/de\/wp-json\/wp\/v2\/types\/page"}],"author":[{"embeddable":true,"href":"https:\/\/gino-ag.xtek.site\/de\/wp-json\/wp\/v2\/users\/19"}],"replies":[{"embeddable":true,"href":"https:\/\/gino-ag.xtek.site\/de\/wp-json\/wp\/v2\/comments?post=8578"}],"version-history":[{"count":76,"href":"https:\/\/gino-ag.xtek.site\/de\/wp-json\/wp\/v2\/pages\/8578\/revisions"}],"predecessor-version":[{"id":10117,"href":"https:\/\/gino-ag.xtek.site\/de\/wp-json\/wp\/v2\/pages\/8578\/revisions\/10117"}],"up":[{"embeddable":true,"href":"https:\/\/gino-ag.xtek.site\/de\/wp-json\/wp\/v2\/pages\/7"}],"wp:featuredmedia":[{"embeddable":true,"href":"https:\/\/gino-ag.xtek.site\/de\/wp-json\/wp\/v2\/media\/8675"}],"wp:attachment":[{"href":"https:\/\/gino-ag.xtek.site\/de\/wp-json\/wp\/v2\/media?parent=8578"}],"curies":[{"name":"wp","href":"https:\/\/api.w.org\/{rel}","templated":true}]}}