{"id":6784,"date":"2021-03-10T11:22:00","date_gmt":"2021-03-10T10:22:00","guid":{"rendered":"https:\/\/www.gino-ag.com\/?page_id=6784"},"modified":"2022-11-18T09:08:42","modified_gmt":"2022-11-18T08:08:42","slug":"schuetze","status":"publish","type":"page","link":"https:\/\/gino-ag.xtek.site\/de\/produkte\/schuetze\/","title":{"rendered":"Sch\u00fctze"},"content":{"rendered":"<div id=\"pl-6784\"  class=\"panel-layout\" ><div id=\"pg-6784-0\"  class=\"panel-grid panel-has-style\" ><div class=\"sidebar-row panel-row-style panel-row-style-for-6784-0\" ><div id=\"pgc-6784-0-0\"  class=\"panel-grid-cell\" ><div id=\"panel-6784-0-0-0\" class=\"so-panel widget widget_sow-editor panel-first-child\" data-index=\"0\" ><div\n\t\t\t\n\t\t\tclass=\"so-widget-sow-editor so-widget-sow-editor-base\"\n\t\t\t\n\t\t>\n<div class=\"siteorigin-widget-tinymce textwidget\">\n\t<h1>Elektrische Sch\u00fctze<\/h1>\n<p>Sch\u00fctze, oder auch Schaltsch\u00fctze genannt, sind elektrische oder elektromagnetische Leistungsschalter f\u00fcr <strong>Hochleistungs<\/strong>-, <strong>Niederspannungs<\/strong>- und <strong>Schwerlastanwendungen<\/strong> geeignet. Mithilfe ihrer Steuerplatine k\u00f6nnen die Sch\u00fctze zur Steuerung von Motoren eingesetzt werden. Aufgrund der flexiblen Bauweise k\u00f6nnen elektrische Sch\u00fctze <strong>jegliche Spannungsklassen steuern<\/strong>.<\/p>\n<h2>Elektrische Sch\u00fctze im Einsatz<\/h2>\n<p>Im Folgenden wird dargestellt, welcher Sch\u00fctz-Typ sich f\u00fcr welchen der beiden Anwendungsbereiche der Verkehrstechnik und der Industrie am besten eignet.<\/p>\n<h3>Verkehrstechnik (Sch\u00fctz-Serien: HB, T, S)<\/h3>\n<h4>Sch\u00fctze HB<\/h4>\n<p>In der Verkehrstechnik gelten strenge Richtlinien nach IEC 60077 hinsichtlich der Einhaltung von elektrischen Parametern, die die Sch\u00fctze der Serien HB, T und S erf\u00fcllen.<\/p>\n<p>Die <strong>HB-Serie<\/strong> ist gem\u00e4\u00df IEC60077 f\u00fcr den Einsatz in <strong>Schienenfahrzeugen ausgelegt<\/strong> und gepr\u00fcft. Sie ist f\u00fcr den Stromkreisschutz geeignet.<\/p>\n<h4>Sch\u00fctze T<\/h4>\n<p>Die <strong>T-Serie <\/strong>ist auch nach Norm IEC60077 f\u00fcr <strong>Schienenfahrzeuganwendungen<\/strong> ausgelegt. Sie kann f\u00fcr die verschiedensten Schaltungen wie zum Beispiel <strong>Lade-, Entlade- und Filterschaltungen<\/strong>, verwendet werden.<\/p>\n<h4>Sch\u00fctze S<\/h4>\n<p>Die Sch\u00fctze und Trenner der <strong>S-Serie<\/strong> sind das weltweit vollst\u00e4ndigste Programm an Ger\u00e4ten <strong>zum Schalten von Wechsel- und Gleichstrom<\/strong>. Flexibel konfigurierbar in tausenden von Versionen passen sie zu einer Vielzahl von Anwendungen und bieten h\u00f6chste Leistungen f\u00fcr nahezu jede Spezifikation.<\/p>\n<\/div>\n<\/div><\/div><div id=\"panel-6784-0-0-1\" class=\"so-panel widget widget_siteorigin-panels-builder\" data-index=\"1\" ><div id=\"pl-w634febdcc16c5\"  class=\"panel-layout\" ><div id=\"pg-w634febdcc16c5-0\"  class=\"panel-grid panel-no-style\" ><div id=\"pgc-w634febdcc16c5-0-0\"  class=\"panel-grid-cell\" ><div id=\"panel-w634febdcc16c5-0-0-0\" class=\"so-panel widget widget_sow-editor panel-first-child panel-last-child\" data-index=\"0\" ><div class=\"product panel-widget-style panel-widget-style-for-w634febdcc16c5-0-0-0\" ><div\n\t\t\t\n\t\t\tclass=\"so-widget-sow-editor so-widget-sow-editor-base\"\n\t\t\t\n\t\t>\n<div class=\"siteorigin-widget-tinymce textwidget\">\n\t<p><a href=\"https:\/\/www.gino-ag.com\/de\/produkte\/schuetze-hb-serie\/\"><img decoding=\"async\" loading=\"lazy\" class=\"img-responsive alignnone wp-image-6790 size-full\" src=\"https:\/\/www.gino-ag.com\/wp-content\/uploads\/GINO_TELARC_Schuetze_HB_320x170.jpg\" alt=\"\" width=\"320\" height=\"170\"\/><\/a><\/p>\n<h2>HB-Serie<\/h2>\n<p class=\"more\"><a href=\"https:\/\/www.gino-ag.com\/de\/produkte\/schuetze-hb-serie\/\">LESEN SIE MEHR \u00bb<\/a><\/p>\n<\/div>\n<\/div><\/div><\/div><\/div><div id=\"pgc-w634febdcc16c5-0-1\"  class=\"panel-grid-cell\" ><div id=\"panel-w634febdcc16c5-0-1-0\" class=\"so-panel widget widget_sow-editor panel-first-child panel-last-child\" data-index=\"1\" ><div class=\"product panel-widget-style panel-widget-style-for-w634febdcc16c5-0-1-0\" ><div\n\t\t\t\n\t\t\tclass=\"so-widget-sow-editor so-widget-sow-editor-base\"\n\t\t\t\n\t\t>\n<div class=\"siteorigin-widget-tinymce textwidget\">\n\t<p><a href=\"https:\/\/www.gino-ag.com\/de\/produkte\/schuetze-t-serie\/\"><img decoding=\"async\" loading=\"lazy\" class=\"img-responsive alignnone wp-image-6798 size-full\" src=\"https:\/\/www.gino-ag.com\/wp-content\/uploads\/GINO_TELARC_Schuetze_T_320x170.jpg\" alt=\"\" width=\"320\" height=\"170\"\/><\/a><\/p>\n<h2>T-Serie<\/h2>\n<p class=\"more\"><a href=\"https:\/\/www.gino-ag.com\/de\/produkte\/schuetze-t-serie\/\">LESEN SIE MEHR \u00bb<\/a><\/p>\n<\/div>\n<\/div><\/div><\/div><\/div><\/div><div id=\"pg-w634febdcc16c5-1\"  class=\"panel-grid panel-no-style\" ><div id=\"pgc-w634febdcc16c5-1-0\"  class=\"panel-grid-cell panel-grid-cell-mobile-last\" ><div id=\"panel-w634febdcc16c5-1-0-0\" class=\"so-panel widget widget_sow-editor panel-first-child panel-last-child\" data-index=\"2\" ><div class=\"product panel-widget-style panel-widget-style-for-w634febdcc16c5-1-0-0\" ><div\n\t\t\t\n\t\t\tclass=\"so-widget-sow-editor so-widget-sow-editor-base\"\n\t\t\t\n\t\t>\n<div class=\"siteorigin-widget-tinymce textwidget\">\n\t<p><a href=\"https:\/\/www.gino-ag.com\/de\/produkte\/schuetze-s-serie\/\"><img decoding=\"async\" loading=\"lazy\" class=\"img-responsive alignnone wp-image-6800 size-full\" src=\"https:\/\/www.gino-ag.com\/wp-content\/uploads\/GINO_TELARC_Schuetze_S_320x170.jpg\" alt=\"\" width=\"320\" height=\"170\"\/><\/a><\/p>\n<h2>S-Serie<\/h2>\n<p class=\"more\"><a href=\"https:\/\/www.gino-ag.com\/de\/produkte\/schuetze-s-serie\/\">LESEN SIE MEHR \u00bb<\/a><\/p>\n<\/div>\n<\/div><\/div><\/div><\/div><div id=\"pgc-w634febdcc16c5-1-1\"  class=\"panel-grid-cell panel-grid-cell-empty\" ><\/div><\/div><\/div><\/div><div id=\"panel-6784-0-0-2\" class=\"so-panel widget widget_sow-editor\" data-index=\"2\" ><div\n\t\t\t\n\t\t\tclass=\"so-widget-sow-editor so-widget-sow-editor-base\"\n\t\t\t\n\t\t>\n<div class=\"siteorigin-widget-tinymce textwidget\">\n\t<h3>Industrie (Sch\u00fctz-Serien: T, R, S)<\/h3>\n<p>In der Industrie herrschen hohe Qualit\u00e4tsanforderungen, weshalb die Sch\u00fctze aufgrund ihrer hohen Leistungsanspr\u00fcche, ihrer <strong>Zuverl\u00e4ssigkeit<\/strong> und ihrer <strong>Vielseitigkeit<\/strong> in den verschiedensten <strong>Industriebereichen einsetzbar <\/strong>sind. F\u00fcr die Industrie geeignet sind die Sch\u00fctz-Serien R, T und S.<\/p>\n<h4>Sch\u00fctze R<\/h4>\n<p>Die <strong>R-Serie<\/strong> wurde <strong>ausschlie\u00dflich f\u00fcr Industrieanwendungen<\/strong> entwickelt. Die Barrensch\u00fctze ist nach IEC 60947 aufgebaut und bietet eine komplette Reihe von modularen Sch\u00fctzen.<\/p>\n<p>Informationen zu der T- und S-Serie finden Sie im oberen Abschnitt der Verkehrstechnik.<\/p>\n<p>&nbsp;<\/p>\n<\/div>\n<\/div><\/div><div id=\"panel-6784-0-0-3\" class=\"so-panel widget widget_siteorigin-panels-builder\" data-index=\"3\" ><div id=\"pl-w63773d8adbe5f\"  class=\"panel-layout\" ><div id=\"pg-w63773d8adbe5f-0\"  class=\"panel-grid panel-no-style\" ><div id=\"pgc-w63773d8adbe5f-0-0\"  class=\"panel-grid-cell\" ><div id=\"panel-w63773d8adbe5f-0-0-0\" class=\"so-panel widget widget_sow-editor panel-first-child panel-last-child\" data-index=\"0\" ><div class=\"product panel-widget-style panel-widget-style-for-w63773d8adbe5f-0-0-0\" ><div\n\t\t\t\n\t\t\tclass=\"so-widget-sow-editor so-widget-sow-editor-base\"\n\t\t\t\n\t\t>\n<div class=\"siteorigin-widget-tinymce textwidget\">\n\t<p><a href=\"https:\/\/www.gino-ag.com\/de\/produkte\/schuetze-t-serie\/\"><img decoding=\"async\" loading=\"lazy\" class=\"img-responsive alignnone wp-image-6798 size-full\" src=\"https:\/\/www.gino-ag.com\/wp-content\/uploads\/GINO_TELARC_Schuetze_T_320x170.jpg\" alt=\"\" width=\"320\" height=\"170\"\/><\/a><\/p>\n<h2>T-Serie<\/h2>\n<p class=\"more\"><a href=\"https:\/\/www.gino-ag.com\/de\/produkte\/schuetze-t-serie\/\">LESEN SIE MEHR \u00bb<\/a><\/p>\n<\/div>\n<\/div><\/div><\/div><\/div><div id=\"pgc-w63773d8adbe5f-0-1\"  class=\"panel-grid-cell\" ><div id=\"panel-w63773d8adbe5f-0-1-0\" class=\"so-panel widget widget_sow-editor panel-first-child panel-last-child\" data-index=\"1\" ><div class=\"product panel-widget-style panel-widget-style-for-w63773d8adbe5f-0-1-0\" ><div\n\t\t\t\n\t\t\tclass=\"so-widget-sow-editor so-widget-sow-editor-base\"\n\t\t\t\n\t\t>\n<div class=\"siteorigin-widget-tinymce textwidget\">\n\t<p><a href=\"https:\/\/www.gino-ag.com\/de\/produkte\/schuetze-r-serie\/\"><img decoding=\"async\" loading=\"lazy\" class=\"img-responsive alignnone wp-image-6804 size-full\" src=\"https:\/\/www.gino-ag.com\/wp-content\/uploads\/GINO_TELARC_Schuetze_R_320x170.jpg\" alt=\"\" width=\"320\" height=\"170\"\/><\/a><\/p>\n<h2>R-Serie<\/h2>\n<p class=\"more\"><a href=\"https:\/\/www.gino-ag.com\/de\/produkte\/schuetze-r-serie\/\">LESEN SIE MEHR \u00bb<\/a><\/p>\n<\/div>\n<\/div><\/div><\/div><\/div><\/div><div id=\"pg-w63773d8adbe5f-1\"  class=\"panel-grid panel-no-style\" ><div id=\"pgc-w63773d8adbe5f-1-0\"  class=\"panel-grid-cell panel-grid-cell-mobile-last\" ><div id=\"panel-w63773d8adbe5f-1-0-0\" class=\"so-panel widget widget_sow-editor panel-first-child panel-last-child\" data-index=\"2\" ><div class=\"product panel-widget-style panel-widget-style-for-w63773d8adbe5f-1-0-0\" ><div\n\t\t\t\n\t\t\tclass=\"so-widget-sow-editor so-widget-sow-editor-base\"\n\t\t\t\n\t\t>\n<div class=\"siteorigin-widget-tinymce textwidget\">\n\t<p><a href=\"https:\/\/www.gino-ag.com\/de\/produkte\/schuetze-s-serie\/\"><img decoding=\"async\" loading=\"lazy\" class=\"img-responsive alignnone wp-image-6800 size-full\" src=\"https:\/\/www.gino-ag.com\/wp-content\/uploads\/GINO_TELARC_Schuetze_S_320x170.jpg\" alt=\"\" width=\"320\" height=\"170\"\/><\/a><\/p>\n<h2>S-Serie<\/h2>\n<p class=\"more\"><a href=\"https:\/\/www.gino-ag.com\/de\/produkte\/schuetze-s-serie\/\">LESEN SIE MEHR \u00bb<\/a><\/p>\n<\/div>\n<\/div><\/div><\/div><\/div><div id=\"pgc-w63773d8adbe5f-1-1\"  class=\"panel-grid-cell panel-grid-cell-empty\" ><\/div><\/div><\/div><\/div><div id=\"panel-6784-0-0-4\" class=\"so-panel widget widget_sow-editor panel-last-child\" data-index=\"4\" ><div\n\t\t\t\n\t\t\tclass=\"so-widget-sow-editor so-widget-sow-editor-base\"\n\t\t\t\n\t\t>\n<div class=\"siteorigin-widget-tinymce textwidget\">\n\t<p><strong>Haben Sie noch Fragen?<\/strong> Klicken Sie sich durch unsere <a href=\"https:\/\/www.gino-ag.com\/wp-content\/uploads\/Imagebroschuere_GINO_DE-EN.pdf\">Imagebrosch\u00fcre<\/a> oder sprechen Sie uns direkt an. Wir freuen uns auf Ihre <a href=\"https:\/\/www.gino-ag.com\/de\/kontakt\/kontakt\/\">Kontaktaufnahme<\/a>.<\/p>\n<\/div>\n<\/div><\/div><\/div><div id=\"pgc-6784-0-1\"  class=\"panel-grid-cell\" ><div id=\"panel-6784-0-1-0\" class=\"so-panel widget widget_nav_menu panel-first-child\" data-index=\"5\" ><div class=\"sidebar panel-widget-style panel-widget-style-for-6784-0-1-0\" ><div class=\"menu-submenue-produkte-container\"><ul id=\"menu-submenue-produkte\" class=\"menu\"><li id=\"menu-item-6421\" class=\"menu-item menu-item-type-post_type menu-item-object-page menu-item-6421\"><a href=\"https:\/\/gino-ag.xtek.site\/de\/produkte\/widerstandssysteme\/\" title=\"Widerstandssysteme\"><i>\u00dcbersicht Widerstandssysteme<\/i><\/a><\/li>\n<li id=\"menu-item-7461\" class=\"menu-item menu-item-type-post_type menu-item-object-page menu-item-has-children menu-item-7461\"><a href=\"https:\/\/gino-ag.xtek.site\/de\/produkte\/lastwiderstaende-und-pruefwiderstaende\/\">Lastwiderst\u00e4nde und Pr\u00fcfwiderst\u00e4nde<\/a>\n<ul class=\"sub-menu\">\n\t<li id=\"menu-item-7460\" class=\"menu-item menu-item-type-post_type menu-item-object-page menu-item-7460\"><a href=\"https:\/\/gino-ag.xtek.site\/de\/produkte\/lastwiderstaende-und-pruefwiderstaende\/standard-lastbaenke\/\">Standard-Lastb\u00e4nke<\/a><\/li>\n\t<li id=\"menu-item-7459\" class=\"menu-item menu-item-type-post_type menu-item-object-page menu-item-7459\"><a href=\"https:\/\/gino-ag.xtek.site\/de\/produkte\/lastwiderstaende-und-pruefwiderstaende\/kundenspezifische-lastbaenke\/\">Kundenspezifische Lastb\u00e4nke<\/a><\/li>\n\t<li id=\"menu-item-7458\" class=\"menu-item menu-item-type-post_type menu-item-object-page menu-item-7458\"><a href=\"https:\/\/gino-ag.xtek.site\/de\/produkte\/lastwiderstaende-und-pruefwiderstaende\/mobile-lastbaenke-trailer\/\">Mobile Lastb\u00e4nke Trailer<\/a><\/li>\n\t<li id=\"menu-item-7457\" class=\"menu-item menu-item-type-post_type menu-item-object-page menu-item-7457\"><a href=\"https:\/\/gino-ag.xtek.site\/de\/produkte\/lastwiderstaende-und-pruefwiderstaende\/pruefwiderstaende\/\">Pr\u00fcfwiderst\u00e4nde<\/a><\/li>\n<\/ul>\n<\/li>\n<li id=\"menu-item-299\" class=\"menu-item menu-item-type-post_type menu-item-object-page menu-item-299\"><a href=\"https:\/\/gino-ag.xtek.site\/de\/produkte\/bremswiderstaende\/\">Bremswiderst\u00e4nde<\/a><\/li>\n<li id=\"menu-item-395\" class=\"menu-item menu-item-type-post_type menu-item-object-page menu-item-395\"><a href=\"https:\/\/gino-ag.xtek.site\/de\/produkte\/erdungswiderstaende\/\">Erdungswiderst\u00e4nde<\/a><\/li>\n<li id=\"menu-item-396\" class=\"menu-item menu-item-type-post_type menu-item-object-page menu-item-396\"><a href=\"https:\/\/gino-ag.xtek.site\/de\/produkte\/filterwiderstaende\/\">Filterwiderst\u00e4nde<\/a><\/li>\n<li id=\"menu-item-681\" class=\"menu-item menu-item-type-post_type menu-item-object-page menu-item-681\"><a href=\"https:\/\/gino-ag.xtek.site\/de\/produkte\/verkehrstechnik-bahnwiderstaende\/\">Verkehrstechnik \/ Bahnwiderst\u00e4nde<\/a><\/li>\n<li id=\"menu-item-10125\" class=\"menu-item menu-item-type-post_type menu-item-object-page menu-item-10125\"><a href=\"https:\/\/gino-ag.xtek.site\/de\/produkte\/gridbox\/\">Gridbox<\/a><\/li>\n<li id=\"menu-item-744\" class=\"menu-item menu-item-type-post_type menu-item-object-page menu-item-744\"><a href=\"https:\/\/gino-ag.xtek.site\/de\/produkte\/oelanlasser\/\">\u00d6lanlasser<\/a><\/li>\n<li id=\"menu-item-6546\" class=\"menu-item menu-item-type-post_type menu-item-object-page menu-item-6546\"><a href=\"https:\/\/gino-ag.xtek.site\/de\/produkte\/akamas-speziell-entwickelt-gino-ag-elektrotechnische-fabrik\/\">GINO-AKA AKAMAS<\/a><\/li>\n<li id=\"menu-item-6627\" class=\"menu-item menu-item-type-post_type menu-item-object-page menu-item-6627\"><a href=\"https:\/\/gino-ag.xtek.site\/de\/produkte\/power-controller-gino-ag-elektrotechnische-fabrik\/\">GINO-AKA Power Controller<\/a><\/li>\n<li id=\"menu-item-743\" class=\"menu-item menu-item-type-post_type menu-item-object-page menu-item-743\"><a href=\"https:\/\/gino-ag.xtek.site\/de\/produkte\/fluessigkeitsanlasser\/\">Fl\u00fcssigkeitsanlasser<\/a><\/li>\n<li id=\"menu-item-748\" class=\"menu-item menu-item-type-post_type menu-item-object-page menu-item-748\"><a href=\"https:\/\/gino-ag.xtek.site\/de\/produkte\/luftgekuehlte-anlasser\/\">Luftgek\u00fchlte Anlasser<\/a><\/li>\n<li id=\"menu-item-3511\" class=\"menu-item menu-item-type-post_type menu-item-object-page menu-item-3511\"><a href=\"https:\/\/gino-ag.xtek.site\/de\/produkte\/ueberspannungsschutz\/\">\u00dcberspannungsschutz<\/a><\/li>\n<li id=\"menu-item-6749\" class=\"menu-item menu-item-type-post_type menu-item-object-page menu-item-6749\"><a href=\"https:\/\/gino-ag.xtek.site\/de\/produkte\/ventilatoren-kuehlsysteme\/\">Ventilatoren \/ K\u00fchlsysteme<\/a><\/li>\n<li id=\"menu-item-7102\" class=\"menu-item menu-item-type-post_type menu-item-object-page menu-item-has-children menu-item-7102\"><a href=\"https:\/\/gino-ag.xtek.site\/de\/produkte\/schuetze\/\">Sch\u00fctze<\/a>\n<ul class=\"sub-menu\">\n\t<li id=\"menu-item-7103\" class=\"menu-item menu-item-type-post_type menu-item-object-page menu-item-7103\"><a href=\"https:\/\/gino-ag.xtek.site\/de\/produkte\/schuetze\/schuetze-hb-serie\/\">Sch\u00fctze \u2013 HB-Serie<\/a><\/li>\n\t<li id=\"menu-item-7104\" class=\"menu-item menu-item-type-post_type menu-item-object-page menu-item-7104\"><a href=\"https:\/\/gino-ag.xtek.site\/de\/produkte\/schuetze\/schuetze-t-serie\/\">Sch\u00fctze \u2013 T-Serie<\/a><\/li>\n\t<li id=\"menu-item-7105\" class=\"menu-item menu-item-type-post_type menu-item-object-page menu-item-7105\"><a href=\"https:\/\/gino-ag.xtek.site\/de\/produkte\/schuetze\/schuetze-r-serie\/\">Sch\u00fctze \u2013 R-Serie<\/a><\/li>\n\t<li id=\"menu-item-7106\" class=\"menu-item menu-item-type-post_type menu-item-object-page menu-item-7106\"><a href=\"https:\/\/gino-ag.xtek.site\/de\/produkte\/schuetze\/schuetze-s-serie\/\">Sch\u00fctze \u2013 S-Serie<\/a><\/li>\n<\/ul>\n<\/li>\n<\/ul><\/div><\/div><\/div><div id=\"panel-6784-0-1-1\" class=\"so-panel widget widget_sow-editor panel-last-child\" data-index=\"6\" ><div class=\"info-box panel-widget-style panel-widget-style-for-6784-0-1-1\" ><div\n\t\t\t\n\t\t\tclass=\"so-widget-sow-editor so-widget-sow-editor-base\"\n\t\t\t\n\t\t>\n<div class=\"siteorigin-widget-tinymce textwidget\">\n\t<h2>DOWNLOADS<\/h2>\n<ul>\n<li><a href=\"https:\/\/www.gino-ag.com\/wp-content\/uploads\/Imagebroschuere_GINO_DE-EN.pdf\" target=\"_blank\" rel=\"noopener\">Imagebrosch\u00fcre <\/a> (PDF)<\/li>\n<\/ul>\n<\/div>\n<\/div><\/div><\/div><\/div><\/div><\/div><div id=\"pg-6784-1\"  class=\"panel-grid panel-no-style\" ><div id=\"pgc-6784-1-0\"  class=\"panel-grid-cell\" ><div id=\"panel-6784-1-0-0\" class=\"so-panel widget widget_sow-editor panel-first-child panel-last-child\" data-index=\"7\" ><div\n\t\t\t\n\t\t\tclass=\"so-widget-sow-editor so-widget-sow-editor-base\"\n\t\t\t\n\t\t>\n<div class=\"siteorigin-widget-tinymce textwidget\">\n\t<\/p>\n<\/div>\n<\/div><\/div><\/div><\/div><\/div>","protected":false},"excerpt":{"rendered":"<p>Elektrische Sch\u00fctze Sch\u00fctze, oder auch Schaltsch\u00fctze genannt, sind elektrische oder elektromagnetische Leistungsschalter f\u00fcr Hochleistungs-, Niederspannungs- und Schwerlastanwendungen geeignet. Mithilfe ihrer Steuerplatine k\u00f6nnen die Sch\u00fctze zur Steuerung von Motoren eingesetzt werden. Aufgrund der flexiblen Bauweise k\u00f6nnen elektrische Sch\u00fctze jegliche Spannungsklassen steuern. Elektrische Sch\u00fctze im Einsatz Im Folgenden wird dargestellt, welcher Sch\u00fctz-Typ sich f\u00fcr welchen der beiden [&hellip;]<\/p>\n","protected":false},"author":1,"featured_media":6786,"parent":7,"menu_order":0,"comment_status":"closed","ping_status":"closed","template":"","meta":{"_acf_changed":false,"footnotes":""},"class_list":["post-6784","page","type-page","status-publish","has-post-thumbnail","hentry"],"acf":[],"yoast_head":"<!-- This site is optimized with the Yoast SEO plugin v24.4 - https:\/\/yoast.com\/wordpress\/plugins\/seo\/ -->\n<title>Elektrische Sch\u00fctze | GINO AG Elektrotechnische Fabrik<\/title>\n<meta name=\"description\" content=\"Elektrische Sch\u00fctze von TELARC \u2705 F\u00fcr Verkehrstechnik und Industrie \u2713 Jegliche Lastbereiche \u2713 Steuern Sie zuverl\u00e4ssig Ihre Motoren!\" \/>\n<meta name=\"robots\" content=\"index, follow, max-snippet:-1, max-image-preview:large, max-video-preview:-1\" \/>\n<link rel=\"canonical\" href=\"https:\/\/gino-ag.xtek.site\/de\/produkte\/schuetze\/\" \/>\n<meta property=\"og:locale\" content=\"de_DE\" \/>\n<meta property=\"og:type\" content=\"article\" \/>\n<meta property=\"og:title\" content=\"Elektrische Sch\u00fctze | GINO AG Elektrotechnische Fabrik\" \/>\n<meta property=\"og:description\" content=\"Elektrische Sch\u00fctze von TELARC \u2705 F\u00fcr Verkehrstechnik und Industrie \u2713 Jegliche Lastbereiche \u2713 Steuern Sie zuverl\u00e4ssig Ihre Motoren!\" \/>\n<meta property=\"og:url\" content=\"https:\/\/gino-ag.xtek.site\/de\/produkte\/schuetze\/\" \/>\n<meta property=\"og:site_name\" content=\"GINO AG\" \/>\n<meta property=\"article:modified_time\" content=\"2022-11-18T08:08:42+00:00\" \/>\n<meta property=\"og:image\" content=\"https:\/\/www.gino-ag.com\/wp-content\/uploads\/GINO_Produkte_TELARC-Schuetze.jpg\" \/>\n\t<meta property=\"og:image:width\" content=\"1920\" \/>\n\t<meta property=\"og:image:height\" content=\"480\" \/>\n\t<meta property=\"og:image:type\" content=\"image\/jpeg\" \/>\n<meta name=\"twitter:card\" content=\"summary_large_image\" \/>\n<meta name=\"twitter:label1\" content=\"Gesch\u00e4tzte Lesezeit\" \/>\n\t<meta name=\"twitter:data1\" content=\"4\u00a0Minuten\" \/>\n<script type=\"application\/ld+json\" class=\"yoast-schema-graph\">{\"@context\":\"https:\/\/schema.org\",\"@graph\":[{\"@type\":\"WebPage\",\"@id\":\"https:\/\/gino-ag.xtek.site\/de\/produkte\/schuetze\/\",\"url\":\"https:\/\/gino-ag.xtek.site\/de\/produkte\/schuetze\/\",\"name\":\"Elektrische Sch\u00fctze | GINO AG Elektrotechnische Fabrik\",\"isPartOf\":{\"@id\":\"https:\/\/www.gino-ag.com\/de\/#website\"},\"primaryImageOfPage\":{\"@id\":\"https:\/\/gino-ag.xtek.site\/de\/produkte\/schuetze\/#primaryimage\"},\"image\":{\"@id\":\"https:\/\/gino-ag.xtek.site\/de\/produkte\/schuetze\/#primaryimage\"},\"thumbnailUrl\":\"https:\/\/www.gino-ag.com\/wp-content\/uploads\/GINO_Produkte_TELARC-Schuetze.jpg\",\"datePublished\":\"2021-03-10T10:22:00+00:00\",\"dateModified\":\"2022-11-18T08:08:42+00:00\",\"description\":\"Elektrische Sch\u00fctze von TELARC \u2705 F\u00fcr Verkehrstechnik und Industrie \u2713 Jegliche Lastbereiche \u2713 Steuern Sie zuverl\u00e4ssig Ihre Motoren!\",\"breadcrumb\":{\"@id\":\"https:\/\/gino-ag.xtek.site\/de\/produkte\/schuetze\/#breadcrumb\"},\"inLanguage\":\"de\",\"potentialAction\":[{\"@type\":\"ReadAction\",\"target\":[\"https:\/\/gino-ag.xtek.site\/de\/produkte\/schuetze\/\"]}]},{\"@type\":\"ImageObject\",\"inLanguage\":\"de\",\"@id\":\"https:\/\/gino-ag.xtek.site\/de\/produkte\/schuetze\/#primaryimage\",\"url\":\"https:\/\/www.gino-ag.com\/wp-content\/uploads\/GINO_Produkte_TELARC-Schuetze.jpg\",\"contentUrl\":\"https:\/\/www.gino-ag.com\/wp-content\/uploads\/GINO_Produkte_TELARC-Schuetze.jpg\",\"width\":1920,\"height\":480},{\"@type\":\"BreadcrumbList\",\"@id\":\"https:\/\/gino-ag.xtek.site\/de\/produkte\/schuetze\/#breadcrumb\",\"itemListElement\":[{\"@type\":\"ListItem\",\"position\":1,\"name\":\"Startseite\",\"item\":\"https:\/\/www.gino-ag.com\/de\/\"},{\"@type\":\"ListItem\",\"position\":2,\"name\":\"Produkte\",\"item\":\"https:\/\/www.gino-ag.com\/de\/produkte\/\"},{\"@type\":\"ListItem\",\"position\":3,\"name\":\"Sch\u00fctze\"}]},{\"@type\":\"WebSite\",\"@id\":\"https:\/\/www.gino-ag.com\/de\/#website\",\"url\":\"https:\/\/www.gino-ag.com\/de\/\",\"name\":\"GINO AG\",\"description\":\"Elektrische Widerst\u00e4nde von 50 W bis 360 MW\",\"potentialAction\":[{\"@type\":\"SearchAction\",\"target\":{\"@type\":\"EntryPoint\",\"urlTemplate\":\"https:\/\/www.gino-ag.com\/de\/?s={search_term_string}\"},\"query-input\":{\"@type\":\"PropertyValueSpecification\",\"valueRequired\":true,\"valueName\":\"search_term_string\"}}],\"inLanguage\":\"de\"}]}<\/script>\n<!-- \/ Yoast SEO plugin. -->","yoast_head_json":{"title":"Elektrische Sch\u00fctze | GINO AG Elektrotechnische Fabrik","description":"Elektrische Sch\u00fctze von TELARC \u2705 F\u00fcr Verkehrstechnik und Industrie \u2713 Jegliche Lastbereiche \u2713 Steuern Sie zuverl\u00e4ssig Ihre Motoren!","robots":{"index":"index","follow":"follow","max-snippet":"max-snippet:-1","max-image-preview":"max-image-preview:large","max-video-preview":"max-video-preview:-1"},"canonical":"https:\/\/gino-ag.xtek.site\/de\/produkte\/schuetze\/","og_locale":"de_DE","og_type":"article","og_title":"Elektrische Sch\u00fctze | GINO AG Elektrotechnische Fabrik","og_description":"Elektrische Sch\u00fctze von TELARC \u2705 F\u00fcr Verkehrstechnik und Industrie \u2713 Jegliche Lastbereiche \u2713 Steuern Sie zuverl\u00e4ssig Ihre Motoren!","og_url":"https:\/\/gino-ag.xtek.site\/de\/produkte\/schuetze\/","og_site_name":"GINO AG","article_modified_time":"2022-11-18T08:08:42+00:00","og_image":[{"width":1920,"height":480,"url":"https:\/\/www.gino-ag.com\/wp-content\/uploads\/GINO_Produkte_TELARC-Schuetze.jpg","type":"image\/jpeg"}],"twitter_card":"summary_large_image","twitter_misc":{"Gesch\u00e4tzte Lesezeit":"4\u00a0Minuten"},"schema":{"@context":"https:\/\/schema.org","@graph":[{"@type":"WebPage","@id":"https:\/\/gino-ag.xtek.site\/de\/produkte\/schuetze\/","url":"https:\/\/gino-ag.xtek.site\/de\/produkte\/schuetze\/","name":"Elektrische Sch\u00fctze | GINO AG Elektrotechnische Fabrik","isPartOf":{"@id":"https:\/\/www.gino-ag.com\/de\/#website"},"primaryImageOfPage":{"@id":"https:\/\/gino-ag.xtek.site\/de\/produkte\/schuetze\/#primaryimage"},"image":{"@id":"https:\/\/gino-ag.xtek.site\/de\/produkte\/schuetze\/#primaryimage"},"thumbnailUrl":"https:\/\/www.gino-ag.com\/wp-content\/uploads\/GINO_Produkte_TELARC-Schuetze.jpg","datePublished":"2021-03-10T10:22:00+00:00","dateModified":"2022-11-18T08:08:42+00:00","description":"Elektrische Sch\u00fctze von TELARC \u2705 F\u00fcr Verkehrstechnik und Industrie \u2713 Jegliche Lastbereiche \u2713 Steuern Sie zuverl\u00e4ssig Ihre Motoren!","breadcrumb":{"@id":"https:\/\/gino-ag.xtek.site\/de\/produkte\/schuetze\/#breadcrumb"},"inLanguage":"de","potentialAction":[{"@type":"ReadAction","target":["https:\/\/gino-ag.xtek.site\/de\/produkte\/schuetze\/"]}]},{"@type":"ImageObject","inLanguage":"de","@id":"https:\/\/gino-ag.xtek.site\/de\/produkte\/schuetze\/#primaryimage","url":"https:\/\/www.gino-ag.com\/wp-content\/uploads\/GINO_Produkte_TELARC-Schuetze.jpg","contentUrl":"https:\/\/www.gino-ag.com\/wp-content\/uploads\/GINO_Produkte_TELARC-Schuetze.jpg","width":1920,"height":480},{"@type":"BreadcrumbList","@id":"https:\/\/gino-ag.xtek.site\/de\/produkte\/schuetze\/#breadcrumb","itemListElement":[{"@type":"ListItem","position":1,"name":"Startseite","item":"https:\/\/www.gino-ag.com\/de\/"},{"@type":"ListItem","position":2,"name":"Produkte","item":"https:\/\/www.gino-ag.com\/de\/produkte\/"},{"@type":"ListItem","position":3,"name":"Sch\u00fctze"}]},{"@type":"WebSite","@id":"https:\/\/www.gino-ag.com\/de\/#website","url":"https:\/\/www.gino-ag.com\/de\/","name":"GINO AG","description":"Elektrische Widerst\u00e4nde von 50 W bis 360 MW","potentialAction":[{"@type":"SearchAction","target":{"@type":"EntryPoint","urlTemplate":"https:\/\/www.gino-ag.com\/de\/?s={search_term_string}"},"query-input":{"@type":"PropertyValueSpecification","valueRequired":true,"valueName":"search_term_string"}}],"inLanguage":"de"}]}},"_links":{"self":[{"href":"https:\/\/gino-ag.xtek.site\/de\/wp-json\/wp\/v2\/pages\/6784","targetHints":{"allow":["GET"]}}],"collection":[{"href":"https:\/\/gino-ag.xtek.site\/de\/wp-json\/wp\/v2\/pages"}],"about":[{"href":"https:\/\/gino-ag.xtek.site\/de\/wp-json\/wp\/v2\/types\/page"}],"author":[{"embeddable":true,"href":"https:\/\/gino-ag.xtek.site\/de\/wp-json\/wp\/v2\/users\/1"}],"replies":[{"embeddable":true,"href":"https:\/\/gino-ag.xtek.site\/de\/wp-json\/wp\/v2\/comments?post=6784"}],"version-history":[{"count":12,"href":"https:\/\/gino-ag.xtek.site\/de\/wp-json\/wp\/v2\/pages\/6784\/revisions"}],"predecessor-version":[{"id":9330,"href":"https:\/\/gino-ag.xtek.site\/de\/wp-json\/wp\/v2\/pages\/6784\/revisions\/9330"}],"up":[{"embeddable":true,"href":"https:\/\/gino-ag.xtek.site\/de\/wp-json\/wp\/v2\/pages\/7"}],"wp:featuredmedia":[{"embeddable":true,"href":"https:\/\/gino-ag.xtek.site\/de\/wp-json\/wp\/v2\/media\/6786"}],"wp:attachment":[{"href":"https:\/\/gino-ag.xtek.site\/de\/wp-json\/wp\/v2\/media?parent=6784"}],"curies":[{"name":"wp","href":"https:\/\/api.w.org\/{rel}","templated":true}]}}