{"id":631,"date":"2016-05-26T00:34:10","date_gmt":"2016-05-25T22:34:10","guid":{"rendered":"http:\/\/gino.xtek.hosting\/?page_id=631"},"modified":"2023-12-22T15:55:19","modified_gmt":"2023-12-22T14:55:19","slug":"downloads","status":"publish","type":"page","link":"https:\/\/gino-ag.xtek.site\/de\/service\/downloads\/","title":{"rendered":"Downloads"},"content":{"rendered":"<div id=\"pl-631\"  class=\"panel-layout\" ><div id=\"pg-631-0\"  class=\"panel-grid panel-has-style\" ><div class=\"sidebar-row panel-row-style panel-row-style-for-631-0\" ><div id=\"pgc-631-0-0\"  class=\"panel-grid-cell\" ><div id=\"panel-631-0-0-0\" class=\"so-panel widget widget_black-studio-tinymce widget_black_studio_tinymce panel-first-child panel-last-child\" data-index=\"0\" ><div class=\"textwidget\"><p><div class=\"row\" style=\"margin-left: 0; margin-right:0;\"><div class=\"col-xs-12 col-lg-12 mbb\"><h2>Firmen-Brosch\u00fcren<\/h2><\/div><\/div><div class=\"row\" style=\"margin-left: 0; margin-right:0;\"><div class=\"col-xs-12 col-lg-4 mbb\"><a href=\"https:\/\/www.gino-ag.com\/wp-content\/uploads\/Imagebroschuere_GINO_DE-EN.pdf\" target=\"_blank\" title=\"Imagebrosch\u00fcre DE\/EN\"><div class=\"ydc-download\"><div class=\"height\"><img decoding=\"async\" src=\"https:\/\/www.gino-ag.com\/wp-content\/uploads\/Imagebroschuere_GINO_DE-EN.png\" class=\"img-fw\"><\/div><p style=\"text-align: center; margin-top: 15px;\"><b>Imagebrosch\u00fcre DE\/EN<\/b><\/p><\/div><\/a><\/div><div class=\"col-xs-12 col-lg-4 mbb\"><a href=\"https:\/\/www.gino-ag.com\/wp-content\/uploads\/Imagebroschuere_GINO_FR-SP.pdf\" target=\"_blank\" title=\"Imagebrosch\u00fcre FR\/ES\"><div class=\"ydc-download\"><div class=\"height\"><img decoding=\"async\" src=\"https:\/\/www.gino-ag.com\/wp-content\/uploads\/Imagebroschuere_GINO_FR-SP.png\" class=\"img-fw\"><\/div><p style=\"text-align: center; margin-top: 15px;\"><b>Imagebrosch\u00fcre FR\/ES<\/b><\/p><\/div><\/a><\/div><\/div><br \/>\n<div class=\"row\" style=\"margin-left: 0; margin-right:0;\"><div class=\"col-xs-12 col-lg-12 mbb\"><h2>Produkt-Prospekte<\/h2><\/div><\/div><div class=\"row\" style=\"margin-left: 0; margin-right:0;\"><div class=\"col-xs-12 col-lg-4 mbb\"><a href=\"https:\/\/www.gino-ag.com\/wp-content\/uploads\/GINO-AG_Katalog_Verkehrstechnik_de.pdf\" target=\"_blank\" title=\"Mobility\"><div class=\"ydc-download\"><div class=\"height\"><img decoding=\"async\" src=\"https:\/\/www.gino-ag.com\/wp-content\/uploads\/GINO-AG_Katalog_Verkehrstechnik_de.png\" class=\"img-fw\"><\/div><p style=\"text-align: center; margin-top: 15px;\"><b>Mobility<\/b><\/p><\/div><\/a><\/div><div class=\"col-xs-12 col-lg-4 mbb\"><a href=\"https:\/\/www.gino-ag.com\/wp-content\/uploads\/GINO-Industrie-Katalog_WEB_DE.pdf\" target=\"_blank\" title=\"Industrie\"><div class=\"ydc-download\"><div class=\"height\"><img decoding=\"async\" src=\"https:\/\/www.gino-ag.com\/wp-content\/uploads\/GINO-Industrie-Katalog_WEB_DE.png\" class=\"img-fw\"><\/div><p style=\"text-align: center; margin-top: 15px;\"><b>Industrie<\/b><\/p><\/div><\/a><\/div><div class=\"col-xs-12 col-lg-4 mbb\"><a href=\"https:\/\/www.gino-ag.com\/wp-content\/uploads\/GINO-AG_Katalog_Lastwiderstaende_de.pdf\" target=\"_blank\" title=\"Lastwiderst\u00e4nde\"><div class=\"ydc-download\"><div class=\"height\"><img decoding=\"async\" src=\"https:\/\/www.gino-ag.com\/wp-content\/uploads\/GINO-AG_Katalog_Lastwiderstaende_de.png\" class=\"img-fw\"><\/div><p style=\"text-align: center; margin-top: 15px;\"><b>Lastwiderst\u00e4nde<\/b><\/p><\/div><\/a><\/div><div class=\"col-xs-12\"> <\/div><div class=\"col-xs-12 col-lg-4 mbb\"><a href=\"https:\/\/www.gino-ag.com\/wp-content\/uploads\/Sonderanlagenbau_Gino_2022_WEB.pdf\" target=\"_blank\" title=\"Sonderanlagenbau\"><div class=\"ydc-download\"><div class=\"height\"><img decoding=\"async\" src=\"https:\/\/www.gino-ag.com\/wp-content\/uploads\/GINO-AG_Katalog_Sonderanlagenbau_de.png\" class=\"img-fw\"><\/div><p style=\"text-align: center; margin-top: 15px;\"><b>Sonderanlagenbau<\/b><\/p><\/div><\/a><\/div><div class=\"col-xs-12 col-lg-4 mbb\"><a href=\"https:\/\/www.gino-ag.com\/wp-content\/uploads\/GINO-AG_Katalog_Load-compact-100_de.pdf\" target=\"_blank\" title=\"Load-compact-100\"><div class=\"ydc-download\"><div class=\"height\"><img decoding=\"async\" src=\"https:\/\/www.gino-ag.com\/wp-content\/uploads\/GINO-AG_Katalog_Load-compact-100_de-2.png\" class=\"img-fw\"><\/div><p style=\"text-align: center; margin-top: 15px;\"><b>Load-compact-100<\/b><\/p><\/div><\/a><\/div><div class=\"col-xs-12 col-lg-4 mbb\"><a href=\"https:\/\/www.gino-ag.com\/wp-content\/uploads\/GINO-AG_Katalog_Load-compact-300_de.pdf\" target=\"_blank\" title=\"Load-compact-300\"><div class=\"ydc-download\"><div class=\"height\"><img decoding=\"async\" src=\"https:\/\/www.gino-ag.com\/wp-content\/uploads\/GINO-AG_Katalog_Load-compact-300_de-2.png\" class=\"img-fw\"><\/div><p style=\"text-align: center; margin-top: 15px;\"><b>Load-compact-300<\/b><\/p><\/div><\/a><\/div><div class=\"col-xs-12\"> <\/div><div class=\"col-xs-12 col-lg-4 mbb\"><a href=\"https:\/\/www.gino-ag.com\/wp-content\/uploads\/OelgekuehlerAnlasser_Gino_2022_WEB.pdf\" target=\"_blank\" title=\"\u00d6lanlasser\"><div class=\"ydc-download\"><div class=\"height\"><img decoding=\"async\" src=\"https:\/\/www.gino-ag.com\/wp-content\/uploads\/GINO-AG_Katalog_Oelanlasser_de.png\" class=\"img-fw\"><\/div><p style=\"text-align: center; margin-top: 15px;\"><b>\u00d6lanlasser<\/b><\/p><\/div><\/a><\/div><div class=\"col-xs-12 col-lg-4 mbb\"><a href=\"https:\/\/www.gino-ag.com\/wp-content\/uploads\/GINO-AG_Katalog_Ueberspannungsschutz_de.pdf\" target=\"_blank\" title=\"\u00dcberspannungsschutz\"><div class=\"ydc-download\"><div class=\"height\"><img decoding=\"async\" src=\"https:\/\/www.gino-ag.com\/wp-content\/uploads\/GINO-AG_Katalog_Ueberspannungsschutz_de.png\" class=\"img-fw\"><\/div><p style=\"text-align: center; margin-top: 15px;\"><b>\u00dcberspannungsschutz<\/b><\/p><\/div><\/a><\/div><div class=\"col-xs-12 col-lg-4 mbb\"><a href=\"https:\/\/www.gino-ag.com\/wp-content\/uploads\/GINO-AKA-Liquid-Resistance-Starters_DE.pdf\" target=\"_blank\" title=\"Fl\u00fcssigkeitsanlasser\"><div class=\"ydc-download\"><div class=\"height\"><img decoding=\"async\" src=\"https:\/\/www.gino-ag.com\/wp-content\/uploads\/GINO-AKA_Katalog_Liquid-Resistance-Starters_de.png\" class=\"img-fw\"><\/div><p style=\"text-align: center; margin-top: 15px;\"><b>Fl\u00fcssigkeitsanlasser<\/b><\/p><\/div><\/a><\/div><div class=\"col-xs-12\"> <\/div><\/div><br \/>\n<div class=\"row\" style=\"margin-left: 0; margin-right:0;\"><div class=\"col-xs-12 col-lg-12 mbb\"><h2>Zertifikate<\/h2><\/div><\/div><div class=\"row\" style=\"margin-left: 0; margin-right:0;\"><div class=\"col-xs-12 col-lg-4 mbb\"><a href=\"https:\/\/www.gino-ag.com\/wp-content\/uploads\/ISO-22163-2023_IRIS-Rev-04.pdf\" target=\"_blank\" title=\"ISO 22163-2023 GINO AG\"><div class=\"ydc-download\"><div class=\"height\"><img decoding=\"async\" src=\"https:\/\/www.gino-ag.com\/wp-content\/uploads\/ISO-22163-2023_IRIS-Rev-04-1.png\" class=\"img-fw\"><\/div><p style=\"text-align: center; margin-top: 15px;\"><b>ISO 22163-2023 GINO AG<\/b><\/p><\/div><\/a><\/div><div class=\"col-xs-12 col-lg-4 mbb\"><a href=\"https:\/\/www.gino-ag.com\/wp-content\/uploads\/ISO-14001-2015-deutsch.pdf\" target=\"_blank\" title=\"ISO 14001:2015 GINO AG\"><div class=\"ydc-download\"><div class=\"height\"><img decoding=\"async\" src=\"https:\/\/www.gino-ag.com\/wp-content\/uploads\/ISO-14001-deutsch.png\" class=\"img-fw\"><\/div><p style=\"text-align: center; margin-top: 15px;\"><b>ISO 14001:2015 GINO AG<\/b><\/p><\/div><\/a><\/div><div class=\"col-xs-12 col-lg-4 mbb\"><a href=\"https:\/\/www.gino-ag.com\/wp-content\/uploads\/ISO-9001-2015-deutsch.pdf\" target=\"_blank\" title=\"ISO 9001:2015 GINO AG\"><div class=\"ydc-download\"><div class=\"height\"><img decoding=\"async\" src=\"https:\/\/www.gino-ag.com\/wp-content\/uploads\/ISO-9001-deutsch.png\" class=\"img-fw\"><\/div><p style=\"text-align: center; margin-top: 15px;\"><b>ISO 9001:2015 GINO AG<\/b><\/p><\/div><\/a><\/div><div class=\"col-xs-12\"> <\/div><div class=\"col-xs-12 col-lg-4 mbb\"><a href=\"https:\/\/www.gino-ag.com\/wp-content\/uploads\/DIN-EN-15085-2-Bonn-deutsch-1.pdf\" target=\"_blank\" title=\"EN 15085-2 Bonn\"><div class=\"ydc-download\"><div class=\"height\"><img decoding=\"async\" src=\"https:\/\/www.gino-ag.com\/wp-content\/uploads\/DIN-EN-15085-2-Bonn-deutsch-1.png\" class=\"img-fw\"><\/div><p style=\"text-align: center; margin-top: 15px;\"><b>EN 15085-2 Bonn<\/b><\/p><\/div><\/a><\/div><div class=\"col-xs-12 col-lg-4 mbb\"><a href=\"https:\/\/www.gino-ag.com\/wp-content\/uploads\/DIN-EN-15085-2-Eisenach-deutsch-1.pdf\" target=\"_blank\" title=\"EN 15085-2 Eisenach\"><div class=\"ydc-download\"><div class=\"height\"><img decoding=\"async\" src=\"https:\/\/www.gino-ag.com\/wp-content\/uploads\/DIN-EN-15085-2-Eisenach-deutsch.png\" class=\"img-fw\"><\/div><p style=\"text-align: center; margin-top: 15px;\"><b>EN 15085-2 Eisenach<\/b><\/p><\/div><\/a><\/div><div class=\"col-xs-12 col-lg-4 mbb\"><a href=\"https:\/\/www.gino-ag.com\/wp-content\/uploads\/DIN-EN-ISO-3834-2-Bonn-deutsch.pdf\" target=\"_blank\" title=\"DIN EN ISO 3834-2 Bonn\"><div class=\"ydc-download\"><div class=\"height\"><img decoding=\"async\" src=\"https:\/\/www.gino-ag.com\/wp-content\/uploads\/DIN-EN-ISO-3834-2-Bonn-deutsch.png\" class=\"img-fw\"><\/div><p style=\"text-align: center; margin-top: 15px;\"><b>DIN EN ISO 3834-2 Bonn<\/b><\/p><\/div><\/a><\/div><div class=\"col-xs-12\"> <\/div><div class=\"col-xs-12 col-lg-4 mbb\"><a href=\"https:\/\/www.gino-ag.com\/wp-content\/uploads\/DIN-EN-ISO-3834-2-Eisenach-deutsch.pdf\" target=\"_blank\" title=\"DIN EN ISO 3834-2 Eisenach\"><div class=\"ydc-download\"><div class=\"height\"><img decoding=\"async\" src=\"https:\/\/www.gino-ag.com\/wp-content\/uploads\/DIN-EN-ISO-3834-2-Eisenach-deutsch.png\" class=\"img-fw\"><\/div><p style=\"text-align: center; margin-top: 15px;\"><b>DIN EN ISO 3834-2 Eisenach<\/b><\/p><\/div><\/a><\/div><\/div><br \/>\n<div class=\"row\" style=\"margin-left: 0; margin-right:0;\"><div class=\"col-xs-12 col-lg-12 mbb\"><h2>Sonstiges<\/h2><\/div><\/div><div class=\"row\" style=\"margin-left: 0; margin-right:0;\"><div class=\"col-xs-12 col-lg-4 mbb\"><a href=\"https:\/\/www.gino-ag.com\/wp-content\/uploads\/49_agb_zvei.pdf\" target=\"_blank\" title=\"Allgemeine Gesch\u00e4ftsbedingungen\"><div class=\"ydc-download\"><div class=\"height\"><img decoding=\"async\" src=\"https:\/\/www.gino-ag.com\/wp-content\/uploads\/49_agb_zvei-1.jpg\" class=\"img-fw\"><\/div><p style=\"text-align: center; margin-top: 15px;\"><b>Allgemeine Gesch\u00e4ftsbedingungen<\/b><\/p><\/div><\/a><\/div><div class=\"col-xs-12 col-lg-4 mbb\"><a href=\"https:\/\/www.gino-ag.com\/wp-content\/uploads\/78_erweiterter_eigentumsvorbehalt_2011.pdf\" target=\"_blank\" title=\"Erg\u00e4nzungsklausel Erweiterter Eigentumsvorbehalt\"><div class=\"ydc-download\"><div class=\"height\"><img decoding=\"async\" src=\"https:\/\/www.gino-ag.com\/wp-content\/uploads\/78_erweiterter_eigentumsvorbehalt_2011.jpg\" class=\"img-fw\"><\/div><p style=\"text-align: center; margin-top: 15px;\"><b>Erg\u00e4nzungsklausel Erweiterter Eigentumsvorbehalt<\/b><\/p><\/div><\/a><\/div><div class=\"col-xs-12 col-lg-4 mbb\"><a href=\"https:\/\/www.gino-ag.com\/wp-content\/uploads\/Allgemeine-Einkaufsbedingungen-JUNI-2021.pdf\" target=\"_blank\" title=\"Allgemeine Einkaufsbedingungen\"><div class=\"ydc-download\"><div class=\"height\"><img decoding=\"async\" src=\"https:\/\/www.gino-ag.com\/wp-content\/uploads\/Allgemeine-Einkaufsbedingungen-JUNI-2021-1.jpg\" class=\"img-fw\"><\/div><p style=\"text-align: center; margin-top: 15px;\"><b>Allgemeine Einkaufsbedingungen<\/b><\/p><\/div><\/a><\/div><div class=\"col-xs-12\"> <\/div><div class=\"col-xs-12 col-lg-4 mbb\"><a href=\"https:\/\/www.gino-ag.com\/wp-content\/uploads\/GINO-Sicheheitshinweise_Stand-05_07_2018_de.pdf\" target=\"_blank\" title=\"Sicherheitshinweise\"><div class=\"ydc-download\"><div class=\"height\"><img decoding=\"async\" src=\"https:\/\/www.gino-ag.com\/wp-content\/uploads\/GINO-Sicheheitshinweise_Stand-05_07_2018_de.jpg\" class=\"img-fw\"><\/div><p style=\"text-align: center; margin-top: 15px;\"><b>Sicherheitshinweise<\/b><\/p><\/div><\/a><\/div><div class=\"col-xs-12 col-lg-4 mbb\"><a href=\"https:\/\/www.gino-ag.com\/wp-content\/uploads\/FORM-01130-REACH-Konformitaetserklaerung_deutsch.pdf\" target=\"_blank\" title=\"REACH-Konformit\u00e4tserkl\u00e4rung\"><div class=\"ydc-download\"><div class=\"height\"><img decoding=\"async\" src=\"https:\/\/www.gino-ag.com\/wp-content\/uploads\/REACH_Cover_deutsch.png\" class=\"img-fw\"><\/div><p style=\"text-align: center; margin-top: 15px;\"><b>REACH-Konformit\u00e4tserkl\u00e4rung<\/b><\/p><\/div><\/a><\/div><\/div><\/p>\n<\/div><\/div><\/div><div id=\"pgc-631-0-1\"  class=\"panel-grid-cell\" ><div id=\"panel-631-0-1-0\" class=\"so-panel widget widget_nav_menu panel-first-child panel-last-child\" data-index=\"1\" ><div class=\"sidebar panel-widget-style panel-widget-style-for-631-0-1-0\" ><div class=\"menu-submenue-service-container\"><ul id=\"menu-submenue-service\" class=\"menu\"><li id=\"menu-item-5585\" class=\"menu-item menu-item-type-post_type menu-item-object-page menu-item-5585\"><a href=\"https:\/\/gino-ag.xtek.site\/de\/service\/\">Service<\/a><\/li>\n<li id=\"menu-item-5572\" class=\"menu-item menu-item-type-post_type menu-item-object-page menu-item-5572\"><a href=\"https:\/\/gino-ag.xtek.site\/de\/service\/downloads\/\">Downloads<\/a><\/li>\n<\/ul><\/div><\/div><\/div><\/div><\/div><\/div><\/div>","protected":false},"excerpt":{"rendered":"<p>Firmen-Brosch\u00fcrenImagebrosch\u00fcre DE\/ENImagebrosch\u00fcre FR\/ES Produkt-ProspekteMobilityIndustrieLastwiderst\u00e4nde SonderanlagenbauLoad-compact-100Load-compact-300 \u00d6lanlasser\u00dcberspannungsschutzFl\u00fcssigkeitsanlasser ZertifikateISO 22163-2023 GINO AGISO 14001:2015 GINO AGISO 9001:2015 GINO AG EN 15085-2 BonnEN 15085-2 EisenachDIN EN ISO 3834-2 Bonn DIN EN ISO 3834-2 Eisenach SonstigesAllgemeine Gesch\u00e4ftsbedingungenErg\u00e4nzungsklausel Erweiterter EigentumsvorbehaltAllgemeine Einkaufsbedingungen SicherheitshinweiseREACH-Konformit\u00e4tserkl\u00e4rung Service Downloads<\/p>\n","protected":false},"author":1,"featured_media":5667,"parent":2929,"menu_order":0,"comment_status":"closed","ping_status":"closed","template":"","meta":{"_acf_changed":false,"footnotes":""},"class_list":["post-631","page","type-page","status-publish","has-post-thumbnail","hentry"],"acf":[],"yoast_head":"<!-- This site is optimized with the Yoast SEO plugin v24.4 - https:\/\/yoast.com\/wordpress\/plugins\/seo\/ -->\n<title>Downloads - GINO AG<\/title>\n<meta name=\"description\" content=\"Produkt-Prospekte, Zertifikate sowie Allgemeine Gesch\u00e4ftsbedingungen und weitere Dokumente zum Download\" \/>\n<meta name=\"robots\" content=\"index, follow, max-snippet:-1, max-image-preview:large, max-video-preview:-1\" \/>\n<link rel=\"canonical\" href=\"https:\/\/gino-ag.xtek.site\/de\/service\/downloads\/\" \/>\n<meta property=\"og:locale\" content=\"de_DE\" \/>\n<meta property=\"og:type\" content=\"article\" \/>\n<meta property=\"og:title\" content=\"Downloads - GINO AG\" \/>\n<meta property=\"og:description\" content=\"Produkt-Prospekte, Zertifikate sowie Allgemeine Gesch\u00e4ftsbedingungen und weitere Dokumente zum Download\" \/>\n<meta property=\"og:url\" content=\"https:\/\/gino-ag.xtek.site\/de\/service\/downloads\/\" \/>\n<meta property=\"og:site_name\" content=\"GINO AG\" \/>\n<meta property=\"article:modified_time\" content=\"2023-12-22T14:55:19+00:00\" \/>\n<meta property=\"og:image\" content=\"https:\/\/www.gino-ag.com\/wp-content\/uploads\/GINO_Header_Service.jpg\" \/>\n\t<meta property=\"og:image:width\" content=\"1920\" \/>\n\t<meta property=\"og:image:height\" content=\"480\" \/>\n\t<meta property=\"og:image:type\" content=\"image\/jpeg\" \/>\n<meta name=\"twitter:card\" content=\"summary_large_image\" \/>\n<meta name=\"twitter:label1\" content=\"Gesch\u00e4tzte Lesezeit\" \/>\n\t<meta name=\"twitter:data1\" content=\"5\u00a0Minuten\" \/>\n<script type=\"application\/ld+json\" class=\"yoast-schema-graph\">{\"@context\":\"https:\/\/schema.org\",\"@graph\":[{\"@type\":\"WebPage\",\"@id\":\"https:\/\/gino-ag.xtek.site\/de\/service\/downloads\/\",\"url\":\"https:\/\/gino-ag.xtek.site\/de\/service\/downloads\/\",\"name\":\"Downloads - GINO AG\",\"isPartOf\":{\"@id\":\"https:\/\/www.gino-ag.com\/de\/#website\"},\"primaryImageOfPage\":{\"@id\":\"https:\/\/gino-ag.xtek.site\/de\/service\/downloads\/#primaryimage\"},\"image\":{\"@id\":\"https:\/\/gino-ag.xtek.site\/de\/service\/downloads\/#primaryimage\"},\"thumbnailUrl\":\"https:\/\/www.gino-ag.com\/wp-content\/uploads\/GINO_Header_Service.jpg\",\"datePublished\":\"2016-05-25T22:34:10+00:00\",\"dateModified\":\"2023-12-22T14:55:19+00:00\",\"description\":\"Produkt-Prospekte, Zertifikate sowie Allgemeine Gesch\u00e4ftsbedingungen und weitere Dokumente zum Download\",\"breadcrumb\":{\"@id\":\"https:\/\/gino-ag.xtek.site\/de\/service\/downloads\/#breadcrumb\"},\"inLanguage\":\"de\",\"potentialAction\":[{\"@type\":\"ReadAction\",\"target\":[\"https:\/\/gino-ag.xtek.site\/de\/service\/downloads\/\"]}]},{\"@type\":\"ImageObject\",\"inLanguage\":\"de\",\"@id\":\"https:\/\/gino-ag.xtek.site\/de\/service\/downloads\/#primaryimage\",\"url\":\"https:\/\/www.gino-ag.com\/wp-content\/uploads\/GINO_Header_Service.jpg\",\"contentUrl\":\"https:\/\/www.gino-ag.com\/wp-content\/uploads\/GINO_Header_Service.jpg\",\"width\":1920,\"height\":480},{\"@type\":\"BreadcrumbList\",\"@id\":\"https:\/\/gino-ag.xtek.site\/de\/service\/downloads\/#breadcrumb\",\"itemListElement\":[{\"@type\":\"ListItem\",\"position\":1,\"name\":\"Startseite\",\"item\":\"https:\/\/www.gino-ag.com\/de\/\"},{\"@type\":\"ListItem\",\"position\":2,\"name\":\"Service\",\"item\":\"https:\/\/www.gino-ag.com\/de\/service\/\"},{\"@type\":\"ListItem\",\"position\":3,\"name\":\"Downloads\"}]},{\"@type\":\"WebSite\",\"@id\":\"https:\/\/www.gino-ag.com\/de\/#website\",\"url\":\"https:\/\/www.gino-ag.com\/de\/\",\"name\":\"GINO AG\",\"description\":\"Elektrische Widerst\u00e4nde von 50 W bis 360 MW\",\"potentialAction\":[{\"@type\":\"SearchAction\",\"target\":{\"@type\":\"EntryPoint\",\"urlTemplate\":\"https:\/\/www.gino-ag.com\/de\/?s={search_term_string}\"},\"query-input\":{\"@type\":\"PropertyValueSpecification\",\"valueRequired\":true,\"valueName\":\"search_term_string\"}}],\"inLanguage\":\"de\"}]}<\/script>\n<!-- \/ Yoast SEO plugin. -->","yoast_head_json":{"title":"Downloads - GINO AG","description":"Produkt-Prospekte, Zertifikate sowie Allgemeine Gesch\u00e4ftsbedingungen und weitere Dokumente zum Download","robots":{"index":"index","follow":"follow","max-snippet":"max-snippet:-1","max-image-preview":"max-image-preview:large","max-video-preview":"max-video-preview:-1"},"canonical":"https:\/\/gino-ag.xtek.site\/de\/service\/downloads\/","og_locale":"de_DE","og_type":"article","og_title":"Downloads - GINO AG","og_description":"Produkt-Prospekte, Zertifikate sowie Allgemeine Gesch\u00e4ftsbedingungen und weitere Dokumente zum Download","og_url":"https:\/\/gino-ag.xtek.site\/de\/service\/downloads\/","og_site_name":"GINO AG","article_modified_time":"2023-12-22T14:55:19+00:00","og_image":[{"width":1920,"height":480,"url":"https:\/\/www.gino-ag.com\/wp-content\/uploads\/GINO_Header_Service.jpg","type":"image\/jpeg"}],"twitter_card":"summary_large_image","twitter_misc":{"Gesch\u00e4tzte Lesezeit":"5\u00a0Minuten"},"schema":{"@context":"https:\/\/schema.org","@graph":[{"@type":"WebPage","@id":"https:\/\/gino-ag.xtek.site\/de\/service\/downloads\/","url":"https:\/\/gino-ag.xtek.site\/de\/service\/downloads\/","name":"Downloads - GINO AG","isPartOf":{"@id":"https:\/\/www.gino-ag.com\/de\/#website"},"primaryImageOfPage":{"@id":"https:\/\/gino-ag.xtek.site\/de\/service\/downloads\/#primaryimage"},"image":{"@id":"https:\/\/gino-ag.xtek.site\/de\/service\/downloads\/#primaryimage"},"thumbnailUrl":"https:\/\/www.gino-ag.com\/wp-content\/uploads\/GINO_Header_Service.jpg","datePublished":"2016-05-25T22:34:10+00:00","dateModified":"2023-12-22T14:55:19+00:00","description":"Produkt-Prospekte, Zertifikate sowie Allgemeine Gesch\u00e4ftsbedingungen und weitere Dokumente zum Download","breadcrumb":{"@id":"https:\/\/gino-ag.xtek.site\/de\/service\/downloads\/#breadcrumb"},"inLanguage":"de","potentialAction":[{"@type":"ReadAction","target":["https:\/\/gino-ag.xtek.site\/de\/service\/downloads\/"]}]},{"@type":"ImageObject","inLanguage":"de","@id":"https:\/\/gino-ag.xtek.site\/de\/service\/downloads\/#primaryimage","url":"https:\/\/www.gino-ag.com\/wp-content\/uploads\/GINO_Header_Service.jpg","contentUrl":"https:\/\/www.gino-ag.com\/wp-content\/uploads\/GINO_Header_Service.jpg","width":1920,"height":480},{"@type":"BreadcrumbList","@id":"https:\/\/gino-ag.xtek.site\/de\/service\/downloads\/#breadcrumb","itemListElement":[{"@type":"ListItem","position":1,"name":"Startseite","item":"https:\/\/www.gino-ag.com\/de\/"},{"@type":"ListItem","position":2,"name":"Service","item":"https:\/\/www.gino-ag.com\/de\/service\/"},{"@type":"ListItem","position":3,"name":"Downloads"}]},{"@type":"WebSite","@id":"https:\/\/www.gino-ag.com\/de\/#website","url":"https:\/\/www.gino-ag.com\/de\/","name":"GINO AG","description":"Elektrische Widerst\u00e4nde von 50 W bis 360 MW","potentialAction":[{"@type":"SearchAction","target":{"@type":"EntryPoint","urlTemplate":"https:\/\/www.gino-ag.com\/de\/?s={search_term_string}"},"query-input":{"@type":"PropertyValueSpecification","valueRequired":true,"valueName":"search_term_string"}}],"inLanguage":"de"}]}},"_links":{"self":[{"href":"https:\/\/gino-ag.xtek.site\/de\/wp-json\/wp\/v2\/pages\/631","targetHints":{"allow":["GET"]}}],"collection":[{"href":"https:\/\/gino-ag.xtek.site\/de\/wp-json\/wp\/v2\/pages"}],"about":[{"href":"https:\/\/gino-ag.xtek.site\/de\/wp-json\/wp\/v2\/types\/page"}],"author":[{"embeddable":true,"href":"https:\/\/gino-ag.xtek.site\/de\/wp-json\/wp\/v2\/users\/1"}],"replies":[{"embeddable":true,"href":"https:\/\/gino-ag.xtek.site\/de\/wp-json\/wp\/v2\/comments?post=631"}],"version-history":[{"count":4,"href":"https:\/\/gino-ag.xtek.site\/de\/wp-json\/wp\/v2\/pages\/631\/revisions"}],"predecessor-version":[{"id":9874,"href":"https:\/\/gino-ag.xtek.site\/de\/wp-json\/wp\/v2\/pages\/631\/revisions\/9874"}],"up":[{"embeddable":true,"href":"https:\/\/gino-ag.xtek.site\/de\/wp-json\/wp\/v2\/pages\/2929"}],"wp:featuredmedia":[{"embeddable":true,"href":"https:\/\/gino-ag.xtek.site\/de\/wp-json\/wp\/v2\/media\/5667"}],"wp:attachment":[{"href":"https:\/\/gino-ag.xtek.site\/de\/wp-json\/wp\/v2\/media?parent=631"}],"curies":[{"name":"wp","href":"https:\/\/api.w.org\/{rel}","templated":true}]}}