{"id":52,"date":"2016-04-15T15:43:21","date_gmt":"2016-04-15T13:43:21","guid":{"rendered":"http:\/\/gino.xtek.hosting\/?page_id=52"},"modified":"2022-11-30T10:59:26","modified_gmt":"2022-11-30T09:59:26","slug":"unternehmensgeschichte","status":"publish","type":"page","link":"https:\/\/gino-ag.xtek.site\/de\/unternehmen\/unternehmensgeschichte\/","title":{"rendered":"Unternehmensgeschichte"},"content":{"rendered":"<div id=\"pl-52\"  class=\"panel-layout\" ><div id=\"pg-52-0\"  class=\"panel-grid panel-has-style\" ><div class=\"sidebar-row panel-row-style panel-row-style-for-52-0\" ><div id=\"pgc-52-0-0\"  class=\"panel-grid-cell\" ><div id=\"panel-52-0-0-0\" class=\"so-panel widget widget_black-studio-tinymce widget_black_studio_tinymce panel-first-child panel-last-child\" data-index=\"0\" ><div class=\"textwidget\"><p>Im Jahr\u00a0<strong>2017<\/strong>\u00a0erwerben die GINO AG wie auch die Telema Holding durch das Ausscheiden eines Gesellschafters weitere Anteile an dem im Jahr 2003 gegr\u00fcndeten JV-Unternehmen SGT (Shanghai GINO Telema Resistors Comp. Ltd.). Durch die Steigerung der Anteilskonzentration gewinnen die Unternehmen GINO und Telema mehr Einfluss im stetig wachsenden chinesischen Gesch\u00e4ft. Die SGT ist bereits im 15. Jahr seit Gr\u00fcndung mit industriellen und bahntechnischen Widerst\u00e4nden erfolgreich t\u00e4tig.<\/p>\n<p>Ab <strong>Juli 2015<\/strong> wird die GINO AG nur noch von einem Vorstand, Herrn Dipl. Ing. Michael Hahn, Rheinbach vertreten.<\/p>\n<p><strong>2013\u00a0<\/strong>gr\u00fcndet die GINO AG gemeinsam mit der Telema Holding ein JV-Unternehmen (<em>Joint Venture, Gemeinschaftsunternehmen<\/em>) in Russland. Mit 25 % ist die GINO AG jetzt auch in diesem gro\u00dfen Land mit eigenen Fertigungsm\u00f6glichkeiten vertreten. Das JV liegt ca. 1000 km s\u00fcd\u00f6stlich von Moskau im Oblast (Gebiet) Penza. Die OOO PZTG (Penza Zavod Telema GINO) deckt mit ihrem vorhandenen Know-how und den neuen M\u00f6glichkeiten, Produkte der GINO AG und der Telema herzustellen, nahezu alle Anwendungsbereiche in der Industrie- und Bahn-Technik mit Leistungswiderst\u00e4nden ab.<\/p>\n<p>Im <strong>Mai<\/strong> des Jahres <strong>2010<\/strong>\u00a0\u00fcbernimmt der Gesellschafter Telema Holding S.r.l. Mailand\/Italien alle Gesellschaftsanteile der GINO GmbH, Bonn von den beiden bisher mit je 33,3% beteiligten Gesellschaften, GIBG (Gielen Beteiligungsgesellschaft) und HIBG (Hahn Industriebeteiligungsgesellschaft, mbH). Die Gesellschaftsform der GINO GmbH \u00e4ndert sich in GINO AG (Aktiengesellschaft). Die bisherigen gesch\u00e4ftsf\u00fchrenden Gesellschafter Dipl. Kfm. Jakob Gielen und Dipl. Ing. Michael Hahn werden zu Vorst\u00e4nden der GINO AG bestellt.<\/p>\n<p><img loading=\"lazy\" decoding=\"async\" width=\"150\" height=\"113\" class=\"size-full wp-image-582 img-responsive alignright\" src=\"https:\/\/www.gino-ag.com\/wp-content\/uploads\/historie.jpg\" alt=\"GINO Niederlassung Shanghai 2003\" \/>Im <strong>M\u00e4rz 2003<\/strong> erfolgt die Gr\u00fcndung einer Niederlassung in Shanghai \/ China zur Herstellung und zum Vertrieb von Industrie- und Bahnwiderst\u00e4nden. Die SGT Shanghai GINO Telema Resistor Comp. Ltd. ist seit dem 01.08.2003 operativ t\u00e4tig.<\/p>\n<p> <img loading=\"lazy\" decoding=\"async\" width=\"122\" height=\"33\" class=\"alignleft size-full wp-image-590 img-responsive\" src=\"https:\/\/www.gino-ag.com\/wp-content\/uploads\/telema_logo_2002.gif\" alt=\"GINO Telema 2002\" \/>Im <strong>Fr\u00fchsommer 2002<\/strong> wird die Unternehmensgruppe umstrukturiert und die Besitzverh\u00e4ltnisse neu geordnet. Durch Hinzunahme eines weiteren Gesellschafters halten nunmehr die inzwischen in Gielen Beteiligungsgesellschaft mbH umfirmierte ESE sowie die Hahn Industriebeteiligungsgesellschaft mbH und die Telema s.p.a. je 1\/3 der Anteile. Besuchen Sie die Webseite der Telema s.p.a..<\/p>\n<p> <img loading=\"lazy\" decoding=\"async\" width=\"150\" height=\"80\" class=\"size-full wp-image-592 img-responsive alignright\" src=\"https:\/\/www.gino-ag.com\/wp-content\/uploads\/gino_logo_1995.jpg\" alt=\"GINO 1995\" \/>Mit Wirkung f\u00fcr das Gesch\u00e4ftsjahr <strong>1995<\/strong> wurde der Gesch\u00e4ftsbereich \"Widerst\u00e4nde und Blechverarbeitung\" von der ESE abgespalten und auf die GINO AG \u00fcbertragen. Seit dieser Zeit fertigt GINO Widerst\u00e4nde an beiden Standorten in Bonn und in Eisenach.<\/p>\n<p> <img loading=\"lazy\" decoding=\"async\" width=\"100\" height=\"73\" class=\"alignleft size-full wp-image-591 img-responsive\" src=\"https:\/\/www.gino-ag.com\/wp-content\/uploads\/ese_logo_1991.jpg\" alt=\"ESE 1991\" \/>Im Gesch\u00e4ftsjahr <strong>1991<\/strong> erwerben die Gesellschafter der GINO AG 100% der Anteile an der VEB Elektroschaltger\u00e4te Eisenach ESE und wandeln diese in die ESE Elektroschaltger\u00e4te Eisenach GmbH um. Von Beginn an \u00fcbernimmt GINO den Vertrieb der von ESE hergestellten Stahlgitterwiderst\u00e4nde.<\/p>\n<p> <img loading=\"lazy\" decoding=\"async\" width=\"150\" height=\"42\" class=\"alignleft size-full wp-image-589 img-responsive\" src=\"https:\/\/www.gino-ag.com\/wp-content\/uploads\/gino_logo_1977.jpg\" alt=\"GINO 1977\" \/><strong>1977<\/strong> erfolgte die Gr\u00fcndung des Unternehmens GINO Gielen + Nothnagel GmbH mit einem Stammkapital vom DM 400.000,-. Der Umsatz im ersten Gesch\u00e4ftsjahr betrug DM 1,8 Mio. Nach Gr\u00fcndung des Unternehmens wurde der Widerstandsger\u00e4tehersteller C. Wiemann k\u00e4uflich erworben. Unter dem Namen C. Wiemann Elektrotechnische Fabrik wurden bereits seit 60 Jahren Widerst\u00e4nde aller Art hergestellt.<\/p>\n<\/div><\/div><\/div><div id=\"pgc-52-0-1\"  class=\"panel-grid-cell\" ><div id=\"panel-52-0-1-0\" class=\"so-panel widget widget_nav_menu panel-first-child panel-last-child\" data-index=\"1\" ><div class=\"sidebar panel-widget-style panel-widget-style-for-52-0-1-0\" ><div class=\"menu-submenue-unternehmen-container\"><ul id=\"menu-submenue-unternehmen\" class=\"menu\"><li id=\"menu-item-293\" class=\"menu-item menu-item-type-post_type menu-item-object-page menu-item-293\"><a href=\"https:\/\/gino-ag.xtek.site\/de\/unternehmen\/philosophie\/\">Philosophie<\/a><\/li>\n<li id=\"menu-item-289\" class=\"menu-item menu-item-type-post_type menu-item-object-page menu-item-289\"><a href=\"https:\/\/gino-ag.xtek.site\/de\/unternehmen\/unternehmensgeschichte\/\">Unternehmensgeschichte<\/a><\/li>\n<li id=\"menu-item-291\" class=\"menu-item menu-item-type-post_type menu-item-object-page menu-item-291\"><a href=\"https:\/\/gino-ag.xtek.site\/de\/unternehmen\/management\/\">Management<\/a><\/li>\n<li id=\"menu-item-290\" class=\"menu-item menu-item-type-post_type menu-item-object-page menu-item-290\"><a href=\"https:\/\/gino-ag.xtek.site\/de\/unternehmen\/zahlen-fakten\/\">Zahlen &#038; Fakten<\/a><\/li>\n<li id=\"menu-item-288\" class=\"menu-item menu-item-type-post_type menu-item-object-page menu-item-288\"><a href=\"https:\/\/gino-ag.xtek.site\/de\/unternehmen\/gino-vertretungen\/\">GINO-Vertretungen<\/a><\/li>\n<li id=\"menu-item-2874\" class=\"menu-item menu-item-type-post_type menu-item-object-page menu-item-2874\"><a href=\"https:\/\/gino-ag.xtek.site\/de\/unternehmen\/lexikon\/\">Lexikon<\/a><\/li>\n<li id=\"menu-item-2882\" class=\"menu-item menu-item-type-post_type menu-item-object-page menu-item-2882\"><a href=\"https:\/\/gino-ag.xtek.site\/de\/unternehmen\/links\/\">Links<\/a><\/li>\n<\/ul><\/div><\/div><\/div><\/div><\/div><\/div><\/div>","protected":false},"excerpt":{"rendered":"<p>Im Jahr\u00a02017\u00a0erwerben die GINO AG wie auch die Telema Holding durch das Ausscheiden eines Gesellschafters weitere Anteile an dem im Jahr 2003 gegr\u00fcndeten JV-Unternehmen SGT (Shanghai GINO Telema Resistors Comp. Ltd.). Durch die Steigerung der Anteilskonzentration gewinnen die Unternehmen GINO und Telema mehr Einfluss im stetig wachsenden chinesischen Gesch\u00e4ft. Die SGT ist bereits im 15. [&hellip;]<\/p>\n","protected":false},"author":1,"featured_media":5791,"parent":5,"menu_order":0,"comment_status":"closed","ping_status":"closed","template":"page-unternehmensgeschichte.php","meta":{"_acf_changed":false,"footnotes":""},"class_list":["post-52","page","type-page","status-publish","has-post-thumbnail","hentry"],"acf":[],"yoast_head":"<!-- This site is optimized with the Yoast SEO plugin v24.4 - https:\/\/yoast.com\/wordpress\/plugins\/seo\/ -->\n<title>Unternehmensgeschichte - GINO AG<\/title>\n<meta name=\"description\" content=\"GINO blickt auf eine langj\u00e4hrige und erfolgreiche Unternehmensgeschichte zur\u00fcck.\" \/>\n<meta name=\"robots\" content=\"index, follow, max-snippet:-1, max-image-preview:large, max-video-preview:-1\" \/>\n<link rel=\"canonical\" href=\"https:\/\/gino-ag.xtek.site\/de\/unternehmen\/unternehmensgeschichte\/\" \/>\n<meta property=\"og:locale\" content=\"de_DE\" \/>\n<meta property=\"og:type\" content=\"article\" \/>\n<meta property=\"og:title\" content=\"Unternehmensgeschichte - GINO AG\" \/>\n<meta property=\"og:description\" content=\"GINO blickt auf eine langj\u00e4hrige und erfolgreiche Unternehmensgeschichte zur\u00fcck.\" \/>\n<meta property=\"og:url\" content=\"https:\/\/gino-ag.xtek.site\/de\/unternehmen\/unternehmensgeschichte\/\" \/>\n<meta property=\"og:site_name\" content=\"GINO AG\" \/>\n<meta property=\"article:modified_time\" content=\"2022-11-30T09:59:26+00:00\" \/>\n<meta property=\"og:image\" content=\"https:\/\/www.gino-ag.com\/wp-content\/uploads\/GINO_Unternehmen_Unternehmensgeschichte.jpg\" \/>\n\t<meta property=\"og:image:width\" content=\"1920\" \/>\n\t<meta property=\"og:image:height\" content=\"480\" \/>\n\t<meta property=\"og:image:type\" content=\"image\/jpeg\" \/>\n<meta name=\"twitter:card\" content=\"summary_large_image\" \/>\n<meta name=\"twitter:label1\" content=\"Gesch\u00e4tzte Lesezeit\" \/>\n\t<meta name=\"twitter:data1\" content=\"4\u00a0Minuten\" \/>\n<script type=\"application\/ld+json\" class=\"yoast-schema-graph\">{\"@context\":\"https:\/\/schema.org\",\"@graph\":[{\"@type\":\"WebPage\",\"@id\":\"https:\/\/gino-ag.xtek.site\/de\/unternehmen\/unternehmensgeschichte\/\",\"url\":\"https:\/\/gino-ag.xtek.site\/de\/unternehmen\/unternehmensgeschichte\/\",\"name\":\"Unternehmensgeschichte - GINO AG\",\"isPartOf\":{\"@id\":\"https:\/\/www.gino-ag.com\/de\/#website\"},\"primaryImageOfPage\":{\"@id\":\"https:\/\/gino-ag.xtek.site\/de\/unternehmen\/unternehmensgeschichte\/#primaryimage\"},\"image\":{\"@id\":\"https:\/\/gino-ag.xtek.site\/de\/unternehmen\/unternehmensgeschichte\/#primaryimage\"},\"thumbnailUrl\":\"https:\/\/www.gino-ag.com\/wp-content\/uploads\/GINO_Unternehmen_Unternehmensgeschichte.jpg\",\"datePublished\":\"2016-04-15T13:43:21+00:00\",\"dateModified\":\"2022-11-30T09:59:26+00:00\",\"description\":\"GINO blickt auf eine langj\u00e4hrige und erfolgreiche Unternehmensgeschichte zur\u00fcck.\",\"breadcrumb\":{\"@id\":\"https:\/\/gino-ag.xtek.site\/de\/unternehmen\/unternehmensgeschichte\/#breadcrumb\"},\"inLanguage\":\"de\",\"potentialAction\":[{\"@type\":\"ReadAction\",\"target\":[\"https:\/\/gino-ag.xtek.site\/de\/unternehmen\/unternehmensgeschichte\/\"]}]},{\"@type\":\"ImageObject\",\"inLanguage\":\"de\",\"@id\":\"https:\/\/gino-ag.xtek.site\/de\/unternehmen\/unternehmensgeschichte\/#primaryimage\",\"url\":\"https:\/\/www.gino-ag.com\/wp-content\/uploads\/GINO_Unternehmen_Unternehmensgeschichte.jpg\",\"contentUrl\":\"https:\/\/www.gino-ag.com\/wp-content\/uploads\/GINO_Unternehmen_Unternehmensgeschichte.jpg\",\"width\":1920,\"height\":480},{\"@type\":\"BreadcrumbList\",\"@id\":\"https:\/\/gino-ag.xtek.site\/de\/unternehmen\/unternehmensgeschichte\/#breadcrumb\",\"itemListElement\":[{\"@type\":\"ListItem\",\"position\":1,\"name\":\"Startseite\",\"item\":\"https:\/\/www.gino-ag.com\/de\/\"},{\"@type\":\"ListItem\",\"position\":2,\"name\":\"Unternehmen\",\"item\":\"https:\/\/www.gino-ag.com\/de\/unternehmen\/\"},{\"@type\":\"ListItem\",\"position\":3,\"name\":\"Unternehmensgeschichte\"}]},{\"@type\":\"WebSite\",\"@id\":\"https:\/\/www.gino-ag.com\/de\/#website\",\"url\":\"https:\/\/www.gino-ag.com\/de\/\",\"name\":\"GINO AG\",\"description\":\"Elektrische Widerst\u00e4nde von 50 W bis 360 MW\",\"potentialAction\":[{\"@type\":\"SearchAction\",\"target\":{\"@type\":\"EntryPoint\",\"urlTemplate\":\"https:\/\/www.gino-ag.com\/de\/?s={search_term_string}\"},\"query-input\":{\"@type\":\"PropertyValueSpecification\",\"valueRequired\":true,\"valueName\":\"search_term_string\"}}],\"inLanguage\":\"de\"}]}<\/script>\n<!-- \/ Yoast SEO plugin. -->","yoast_head_json":{"title":"Unternehmensgeschichte - GINO AG","description":"GINO blickt auf eine langj\u00e4hrige und erfolgreiche Unternehmensgeschichte zur\u00fcck.","robots":{"index":"index","follow":"follow","max-snippet":"max-snippet:-1","max-image-preview":"max-image-preview:large","max-video-preview":"max-video-preview:-1"},"canonical":"https:\/\/gino-ag.xtek.site\/de\/unternehmen\/unternehmensgeschichte\/","og_locale":"de_DE","og_type":"article","og_title":"Unternehmensgeschichte - GINO AG","og_description":"GINO blickt auf eine langj\u00e4hrige und erfolgreiche Unternehmensgeschichte zur\u00fcck.","og_url":"https:\/\/gino-ag.xtek.site\/de\/unternehmen\/unternehmensgeschichte\/","og_site_name":"GINO AG","article_modified_time":"2022-11-30T09:59:26+00:00","og_image":[{"width":1920,"height":480,"url":"https:\/\/www.gino-ag.com\/wp-content\/uploads\/GINO_Unternehmen_Unternehmensgeschichte.jpg","type":"image\/jpeg"}],"twitter_card":"summary_large_image","twitter_misc":{"Gesch\u00e4tzte Lesezeit":"4\u00a0Minuten"},"schema":{"@context":"https:\/\/schema.org","@graph":[{"@type":"WebPage","@id":"https:\/\/gino-ag.xtek.site\/de\/unternehmen\/unternehmensgeschichte\/","url":"https:\/\/gino-ag.xtek.site\/de\/unternehmen\/unternehmensgeschichte\/","name":"Unternehmensgeschichte - GINO AG","isPartOf":{"@id":"https:\/\/www.gino-ag.com\/de\/#website"},"primaryImageOfPage":{"@id":"https:\/\/gino-ag.xtek.site\/de\/unternehmen\/unternehmensgeschichte\/#primaryimage"},"image":{"@id":"https:\/\/gino-ag.xtek.site\/de\/unternehmen\/unternehmensgeschichte\/#primaryimage"},"thumbnailUrl":"https:\/\/www.gino-ag.com\/wp-content\/uploads\/GINO_Unternehmen_Unternehmensgeschichte.jpg","datePublished":"2016-04-15T13:43:21+00:00","dateModified":"2022-11-30T09:59:26+00:00","description":"GINO blickt auf eine langj\u00e4hrige und erfolgreiche Unternehmensgeschichte zur\u00fcck.","breadcrumb":{"@id":"https:\/\/gino-ag.xtek.site\/de\/unternehmen\/unternehmensgeschichte\/#breadcrumb"},"inLanguage":"de","potentialAction":[{"@type":"ReadAction","target":["https:\/\/gino-ag.xtek.site\/de\/unternehmen\/unternehmensgeschichte\/"]}]},{"@type":"ImageObject","inLanguage":"de","@id":"https:\/\/gino-ag.xtek.site\/de\/unternehmen\/unternehmensgeschichte\/#primaryimage","url":"https:\/\/www.gino-ag.com\/wp-content\/uploads\/GINO_Unternehmen_Unternehmensgeschichte.jpg","contentUrl":"https:\/\/www.gino-ag.com\/wp-content\/uploads\/GINO_Unternehmen_Unternehmensgeschichte.jpg","width":1920,"height":480},{"@type":"BreadcrumbList","@id":"https:\/\/gino-ag.xtek.site\/de\/unternehmen\/unternehmensgeschichte\/#breadcrumb","itemListElement":[{"@type":"ListItem","position":1,"name":"Startseite","item":"https:\/\/www.gino-ag.com\/de\/"},{"@type":"ListItem","position":2,"name":"Unternehmen","item":"https:\/\/www.gino-ag.com\/de\/unternehmen\/"},{"@type":"ListItem","position":3,"name":"Unternehmensgeschichte"}]},{"@type":"WebSite","@id":"https:\/\/www.gino-ag.com\/de\/#website","url":"https:\/\/www.gino-ag.com\/de\/","name":"GINO AG","description":"Elektrische Widerst\u00e4nde von 50 W bis 360 MW","potentialAction":[{"@type":"SearchAction","target":{"@type":"EntryPoint","urlTemplate":"https:\/\/www.gino-ag.com\/de\/?s={search_term_string}"},"query-input":{"@type":"PropertyValueSpecification","valueRequired":true,"valueName":"search_term_string"}}],"inLanguage":"de"}]}},"_links":{"self":[{"href":"https:\/\/gino-ag.xtek.site\/de\/wp-json\/wp\/v2\/pages\/52","targetHints":{"allow":["GET"]}}],"collection":[{"href":"https:\/\/gino-ag.xtek.site\/de\/wp-json\/wp\/v2\/pages"}],"about":[{"href":"https:\/\/gino-ag.xtek.site\/de\/wp-json\/wp\/v2\/types\/page"}],"author":[{"embeddable":true,"href":"https:\/\/gino-ag.xtek.site\/de\/wp-json\/wp\/v2\/users\/1"}],"replies":[{"embeddable":true,"href":"https:\/\/gino-ag.xtek.site\/de\/wp-json\/wp\/v2\/comments?post=52"}],"version-history":[{"count":2,"href":"https:\/\/gino-ag.xtek.site\/de\/wp-json\/wp\/v2\/pages\/52\/revisions"}],"predecessor-version":[{"id":9380,"href":"https:\/\/gino-ag.xtek.site\/de\/wp-json\/wp\/v2\/pages\/52\/revisions\/9380"}],"up":[{"embeddable":true,"href":"https:\/\/gino-ag.xtek.site\/de\/wp-json\/wp\/v2\/pages\/5"}],"wp:featuredmedia":[{"embeddable":true,"href":"https:\/\/gino-ag.xtek.site\/de\/wp-json\/wp\/v2\/media\/5791"}],"wp:attachment":[{"href":"https:\/\/gino-ag.xtek.site\/de\/wp-json\/wp\/v2\/media?parent=52"}],"curies":[{"name":"wp","href":"https:\/\/api.w.org\/{rel}","templated":true}]}}