{"id":5,"date":"2016-01-27T12:59:33","date_gmt":"2016-01-27T11:59:33","guid":{"rendered":"http:\/\/relaunch.gino.de\/?page_id=5"},"modified":"2021-08-12T11:47:33","modified_gmt":"2021-08-12T09:47:33","slug":"unternehmen","status":"publish","type":"page","link":"https:\/\/gino-ag.xtek.site\/de\/unternehmen\/","title":{"rendered":"Unternehmen"},"content":{"rendered":"<div id=\"pl-5\"  class=\"panel-layout\" ><div id=\"pg-5-0\"  class=\"panel-grid panel-has-style\" ><div class=\"sidebar-row panel-row-style panel-row-style-for-5-0\" ><div id=\"pgc-5-0-0\"  class=\"panel-grid-cell\" ><div id=\"panel-5-0-0-0\" class=\"so-panel widget widget_black-studio-tinymce widget_black_studio_tinymce panel-first-child\" data-index=\"0\" ><div class=\"textwidget\"><h1>GINO AG \u2013 Ihr Partner f\u00fcr hohe Anspr\u00fcche<\/h1>\n<p>Die GINO AG Elektrotechnische Fabrik ist ein weltweit f\u00fchrender Hersteller von Widerst\u00e4nden f\u00fcr Industrie- und Verkehrstechnikanwendungen.<\/p>\n<p>Als klassischer Nischenproduzent mit Fertigungsst\u00e4tten in Deutschland (Bonn und Eisenach), China (Shanghai) und Russland (Penza) sowie Repr\u00e4sentanzen in \u00fcber 15 L\u00e4ndern weltweit bedient GINO namhafte Kunden mit elektrischen Widerst\u00e4nden im Leistungsbereich von 50 Watt bis 360 Megawatt.<\/p>\n<p>&nbsp;<\/p>\n<\/div><\/div><div id=\"panel-5-0-0-1\" class=\"so-panel widget widget_black-studio-tinymce widget_black_studio_tinymce panel-last-child\" data-index=\"1\" ><div class=\"textwidget\"><div class=\"responsive-video\">\n<div class=\"BorlabsCookie _brlbs-cb-youtube\"><div class=\"_brlbs-content-blocker\"> <div class=\"_brlbs-embed _brlbs-video-youtube\"> <img class=\"_brlbs-thumbnail\" src=\"https:\/\/www.gino-ag.com\/wp-content\/cache\/borlabs-cookie\/EWTw-NmtpK8_maxresdefault.jpg\" alt=\"YouTube\"> <div class=\"_brlbs-caption\"> <p>Mit dem Laden des Videos akzeptieren Sie die Datenschutzerkl\u00e4rung von YouTube.<br><a href=\"https:\/\/policies.google.com\/privacy\" target=\"_blank\" rel=\"nofollow noopener noreferrer\">Mehr erfahren<\/a><\/p> <p><a class=\"_brlbs-btn _brlbs-icon-play-white\" href=\"#\" data-borlabs-cookie-unblock role=\"button\">Video laden<\/a><\/p> <p><label><input type=\"checkbox\" name=\"unblockAll\" value=\"1\" checked> <small>YouTube immer entsperren<\/small><\/label><\/p> <\/div> <\/div> <\/div><div class=\"borlabs-hide\" data-borlabs-cookie-type=\"content-blocker\" data-borlabs-cookie-id=\"youtube\"><script type=\"text\/template\">PGlmcmFtZSBsb2FkaW5nPSJsYXp5IiB3aWR0aD0iNTYwIiBoZWlnaHQ9IjMxNSIgc3JjPSJodHRwczovL3d3dy55b3V0dWJlLW5vY29va2llLmNvbS9lbWJlZC9FV1R3LU5tdHBLOCIgdGl0bGU9IllvdVR1YmUgdmlkZW8gcGxheWVyIiBmcmFtZWJvcmRlcj0iMCIgYWxsb3c9ImFjY2VsZXJvbWV0ZXI7IGF1dG9wbGF5OyBjbGlwYm9hcmQtd3JpdGU7IGVuY3J5cHRlZC1tZWRpYTsgZ3lyb3Njb3BlOyBwaWN0dXJlLWluLXBpY3R1cmUiIGFsbG93ZnVsbHNjcmVlbj48L2lmcmFtZT4=<\/script><\/div><\/div>\n<\/div>\n<\/div><\/div><\/div><div id=\"pgc-5-0-1\"  class=\"panel-grid-cell\" ><div id=\"panel-5-0-1-0\" class=\"so-panel widget widget_nav_menu panel-first-child panel-last-child\" data-index=\"2\" ><div class=\"sidebar panel-widget-style panel-widget-style-for-5-0-1-0\" ><div class=\"menu-submenue-unternehmen-container\"><ul id=\"menu-submenue-unternehmen\" class=\"menu\"><li id=\"menu-item-293\" class=\"menu-item menu-item-type-post_type menu-item-object-page menu-item-293\"><a href=\"https:\/\/gino-ag.xtek.site\/de\/unternehmen\/philosophie\/\">Philosophie<\/a><\/li>\n<li id=\"menu-item-289\" class=\"menu-item menu-item-type-post_type menu-item-object-page menu-item-289\"><a href=\"https:\/\/gino-ag.xtek.site\/de\/unternehmen\/unternehmensgeschichte\/\">Unternehmensgeschichte<\/a><\/li>\n<li id=\"menu-item-291\" class=\"menu-item menu-item-type-post_type menu-item-object-page menu-item-291\"><a href=\"https:\/\/gino-ag.xtek.site\/de\/unternehmen\/management\/\">Management<\/a><\/li>\n<li id=\"menu-item-290\" class=\"menu-item menu-item-type-post_type menu-item-object-page menu-item-290\"><a href=\"https:\/\/gino-ag.xtek.site\/de\/unternehmen\/zahlen-fakten\/\">Zahlen &#038; Fakten<\/a><\/li>\n<li id=\"menu-item-288\" class=\"menu-item menu-item-type-post_type menu-item-object-page menu-item-288\"><a href=\"https:\/\/gino-ag.xtek.site\/de\/unternehmen\/gino-vertretungen\/\">GINO-Vertretungen<\/a><\/li>\n<li id=\"menu-item-2874\" class=\"menu-item menu-item-type-post_type menu-item-object-page menu-item-2874\"><a href=\"https:\/\/gino-ag.xtek.site\/de\/unternehmen\/lexikon\/\">Lexikon<\/a><\/li>\n<li id=\"menu-item-2882\" class=\"menu-item menu-item-type-post_type menu-item-object-page menu-item-2882\"><a href=\"https:\/\/gino-ag.xtek.site\/de\/unternehmen\/links\/\">Links<\/a><\/li>\n<\/ul><\/div><\/div><\/div><\/div><\/div><\/div><\/div>","protected":false},"excerpt":{"rendered":"<p>GINO AG \u2013 Ihr Partner f\u00fcr hohe Anspr\u00fcche Die GINO AG Elektrotechnische Fabrik ist ein weltweit f\u00fchrender Hersteller von Widerst\u00e4nden f\u00fcr Industrie- und Verkehrstechnikanwendungen. Als klassischer Nischenproduzent mit Fertigungsst\u00e4tten in Deutschland (Bonn und Eisenach), China (Shanghai) und Russland (Penza) sowie Repr\u00e4sentanzen in \u00fcber 15 L\u00e4ndern weltweit bedient GINO namhafte Kunden mit elektrischen Widerst\u00e4nden im Leistungsbereich [&hellip;]<\/p>\n","protected":false},"author":1,"featured_media":5775,"parent":0,"menu_order":0,"comment_status":"closed","ping_status":"closed","template":"","meta":{"_acf_changed":false,"footnotes":""},"class_list":["post-5","page","type-page","status-publish","has-post-thumbnail","hentry"],"acf":[],"yoast_head":"<!-- This site is optimized with the Yoast SEO plugin v24.4 - https:\/\/yoast.com\/wordpress\/plugins\/seo\/ -->\n<title>Ihr Unternehmen f\u00fcr hohe Anspr\u00fcche - Hersteller von Widerst\u00e4nden<\/title>\n<meta name=\"description\" content=\"GINO ist ein weltweites Unternehmen von Widerst\u00e4nden f\u00fcr Industrie- und Verkehrstechnikanwendungen mit Fertigungsst\u00e4tten in Deutschland und China.\" \/>\n<meta name=\"robots\" content=\"index, follow, max-snippet:-1, max-image-preview:large, max-video-preview:-1\" \/>\n<link rel=\"canonical\" href=\"https:\/\/gino-ag.xtek.site\/de\/unternehmen\/\" \/>\n<meta property=\"og:locale\" content=\"de_DE\" \/>\n<meta property=\"og:type\" content=\"article\" \/>\n<meta property=\"og:title\" content=\"Ihr Unternehmen f\u00fcr hohe Anspr\u00fcche - Hersteller von Widerst\u00e4nden\" \/>\n<meta property=\"og:description\" content=\"GINO ist ein weltweites Unternehmen von Widerst\u00e4nden f\u00fcr Industrie- und Verkehrstechnikanwendungen mit Fertigungsst\u00e4tten in Deutschland und China.\" \/>\n<meta property=\"og:url\" content=\"https:\/\/gino-ag.xtek.site\/de\/unternehmen\/\" \/>\n<meta property=\"og:site_name\" content=\"GINO AG\" \/>\n<meta property=\"article:modified_time\" content=\"2021-08-12T09:47:33+00:00\" \/>\n<meta property=\"og:image\" content=\"https:\/\/www.gino-ag.com\/wp-content\/uploads\/GINO_Header_Unternehmen.jpg\" \/>\n\t<meta property=\"og:image:width\" content=\"1920\" \/>\n\t<meta property=\"og:image:height\" content=\"480\" \/>\n\t<meta property=\"og:image:type\" content=\"image\/jpeg\" \/>\n<meta name=\"twitter:card\" content=\"summary_large_image\" \/>\n<meta name=\"twitter:label1\" content=\"Gesch\u00e4tzte Lesezeit\" \/>\n\t<meta name=\"twitter:data1\" content=\"1\u00a0Minute\" \/>\n<script type=\"application\/ld+json\" class=\"yoast-schema-graph\">{\"@context\":\"https:\/\/schema.org\",\"@graph\":[{\"@type\":\"WebPage\",\"@id\":\"https:\/\/gino-ag.xtek.site\/de\/unternehmen\/\",\"url\":\"https:\/\/gino-ag.xtek.site\/de\/unternehmen\/\",\"name\":\"Ihr Unternehmen f\u00fcr hohe Anspr\u00fcche - Hersteller von Widerst\u00e4nden\",\"isPartOf\":{\"@id\":\"https:\/\/www.gino-ag.com\/de\/#website\"},\"primaryImageOfPage\":{\"@id\":\"https:\/\/gino-ag.xtek.site\/de\/unternehmen\/#primaryimage\"},\"image\":{\"@id\":\"https:\/\/gino-ag.xtek.site\/de\/unternehmen\/#primaryimage\"},\"thumbnailUrl\":\"https:\/\/www.gino-ag.com\/wp-content\/uploads\/GINO_Header_Unternehmen.jpg\",\"datePublished\":\"2016-01-27T11:59:33+00:00\",\"dateModified\":\"2021-08-12T09:47:33+00:00\",\"description\":\"GINO ist ein weltweites Unternehmen von Widerst\u00e4nden f\u00fcr Industrie- und Verkehrstechnikanwendungen mit Fertigungsst\u00e4tten in Deutschland und China.\",\"breadcrumb\":{\"@id\":\"https:\/\/gino-ag.xtek.site\/de\/unternehmen\/#breadcrumb\"},\"inLanguage\":\"de\",\"potentialAction\":[{\"@type\":\"ReadAction\",\"target\":[\"https:\/\/gino-ag.xtek.site\/de\/unternehmen\/\"]}]},{\"@type\":\"ImageObject\",\"inLanguage\":\"de\",\"@id\":\"https:\/\/gino-ag.xtek.site\/de\/unternehmen\/#primaryimage\",\"url\":\"https:\/\/www.gino-ag.com\/wp-content\/uploads\/GINO_Header_Unternehmen.jpg\",\"contentUrl\":\"https:\/\/www.gino-ag.com\/wp-content\/uploads\/GINO_Header_Unternehmen.jpg\",\"width\":1920,\"height\":480},{\"@type\":\"BreadcrumbList\",\"@id\":\"https:\/\/gino-ag.xtek.site\/de\/unternehmen\/#breadcrumb\",\"itemListElement\":[{\"@type\":\"ListItem\",\"position\":1,\"name\":\"Startseite\",\"item\":\"https:\/\/www.gino-ag.com\/de\/\"},{\"@type\":\"ListItem\",\"position\":2,\"name\":\"Unternehmen\"}]},{\"@type\":\"WebSite\",\"@id\":\"https:\/\/www.gino-ag.com\/de\/#website\",\"url\":\"https:\/\/www.gino-ag.com\/de\/\",\"name\":\"GINO AG\",\"description\":\"Elektrische Widerst\u00e4nde von 50 W bis 360 MW\",\"potentialAction\":[{\"@type\":\"SearchAction\",\"target\":{\"@type\":\"EntryPoint\",\"urlTemplate\":\"https:\/\/www.gino-ag.com\/de\/?s={search_term_string}\"},\"query-input\":{\"@type\":\"PropertyValueSpecification\",\"valueRequired\":true,\"valueName\":\"search_term_string\"}}],\"inLanguage\":\"de\"}]}<\/script>\n<!-- \/ Yoast SEO plugin. -->","yoast_head_json":{"title":"Ihr Unternehmen f\u00fcr hohe Anspr\u00fcche - Hersteller von Widerst\u00e4nden","description":"GINO ist ein weltweites Unternehmen von Widerst\u00e4nden f\u00fcr Industrie- und Verkehrstechnikanwendungen mit Fertigungsst\u00e4tten in Deutschland und China.","robots":{"index":"index","follow":"follow","max-snippet":"max-snippet:-1","max-image-preview":"max-image-preview:large","max-video-preview":"max-video-preview:-1"},"canonical":"https:\/\/gino-ag.xtek.site\/de\/unternehmen\/","og_locale":"de_DE","og_type":"article","og_title":"Ihr Unternehmen f\u00fcr hohe Anspr\u00fcche - Hersteller von Widerst\u00e4nden","og_description":"GINO ist ein weltweites Unternehmen von Widerst\u00e4nden f\u00fcr Industrie- und Verkehrstechnikanwendungen mit Fertigungsst\u00e4tten in Deutschland und China.","og_url":"https:\/\/gino-ag.xtek.site\/de\/unternehmen\/","og_site_name":"GINO AG","article_modified_time":"2021-08-12T09:47:33+00:00","og_image":[{"width":1920,"height":480,"url":"https:\/\/www.gino-ag.com\/wp-content\/uploads\/GINO_Header_Unternehmen.jpg","type":"image\/jpeg"}],"twitter_card":"summary_large_image","twitter_misc":{"Gesch\u00e4tzte Lesezeit":"1\u00a0Minute"},"schema":{"@context":"https:\/\/schema.org","@graph":[{"@type":"WebPage","@id":"https:\/\/gino-ag.xtek.site\/de\/unternehmen\/","url":"https:\/\/gino-ag.xtek.site\/de\/unternehmen\/","name":"Ihr Unternehmen f\u00fcr hohe Anspr\u00fcche - Hersteller von Widerst\u00e4nden","isPartOf":{"@id":"https:\/\/www.gino-ag.com\/de\/#website"},"primaryImageOfPage":{"@id":"https:\/\/gino-ag.xtek.site\/de\/unternehmen\/#primaryimage"},"image":{"@id":"https:\/\/gino-ag.xtek.site\/de\/unternehmen\/#primaryimage"},"thumbnailUrl":"https:\/\/www.gino-ag.com\/wp-content\/uploads\/GINO_Header_Unternehmen.jpg","datePublished":"2016-01-27T11:59:33+00:00","dateModified":"2021-08-12T09:47:33+00:00","description":"GINO ist ein weltweites Unternehmen von Widerst\u00e4nden f\u00fcr Industrie- und Verkehrstechnikanwendungen mit Fertigungsst\u00e4tten in Deutschland und China.","breadcrumb":{"@id":"https:\/\/gino-ag.xtek.site\/de\/unternehmen\/#breadcrumb"},"inLanguage":"de","potentialAction":[{"@type":"ReadAction","target":["https:\/\/gino-ag.xtek.site\/de\/unternehmen\/"]}]},{"@type":"ImageObject","inLanguage":"de","@id":"https:\/\/gino-ag.xtek.site\/de\/unternehmen\/#primaryimage","url":"https:\/\/www.gino-ag.com\/wp-content\/uploads\/GINO_Header_Unternehmen.jpg","contentUrl":"https:\/\/www.gino-ag.com\/wp-content\/uploads\/GINO_Header_Unternehmen.jpg","width":1920,"height":480},{"@type":"BreadcrumbList","@id":"https:\/\/gino-ag.xtek.site\/de\/unternehmen\/#breadcrumb","itemListElement":[{"@type":"ListItem","position":1,"name":"Startseite","item":"https:\/\/www.gino-ag.com\/de\/"},{"@type":"ListItem","position":2,"name":"Unternehmen"}]},{"@type":"WebSite","@id":"https:\/\/www.gino-ag.com\/de\/#website","url":"https:\/\/www.gino-ag.com\/de\/","name":"GINO AG","description":"Elektrische Widerst\u00e4nde von 50 W bis 360 MW","potentialAction":[{"@type":"SearchAction","target":{"@type":"EntryPoint","urlTemplate":"https:\/\/www.gino-ag.com\/de\/?s={search_term_string}"},"query-input":{"@type":"PropertyValueSpecification","valueRequired":true,"valueName":"search_term_string"}}],"inLanguage":"de"}]}},"_links":{"self":[{"href":"https:\/\/gino-ag.xtek.site\/de\/wp-json\/wp\/v2\/pages\/5","targetHints":{"allow":["GET"]}}],"collection":[{"href":"https:\/\/gino-ag.xtek.site\/de\/wp-json\/wp\/v2\/pages"}],"about":[{"href":"https:\/\/gino-ag.xtek.site\/de\/wp-json\/wp\/v2\/types\/page"}],"author":[{"embeddable":true,"href":"https:\/\/gino-ag.xtek.site\/de\/wp-json\/wp\/v2\/users\/1"}],"replies":[{"embeddable":true,"href":"https:\/\/gino-ag.xtek.site\/de\/wp-json\/wp\/v2\/comments?post=5"}],"version-history":[{"count":1,"href":"https:\/\/gino-ag.xtek.site\/de\/wp-json\/wp\/v2\/pages\/5\/revisions"}],"predecessor-version":[{"id":8313,"href":"https:\/\/gino-ag.xtek.site\/de\/wp-json\/wp\/v2\/pages\/5\/revisions\/8313"}],"wp:featuredmedia":[{"embeddable":true,"href":"https:\/\/gino-ag.xtek.site\/de\/wp-json\/wp\/v2\/media\/5775"}],"wp:attachment":[{"href":"https:\/\/gino-ag.xtek.site\/de\/wp-json\/wp\/v2\/media?parent=5"}],"curies":[{"name":"wp","href":"https:\/\/api.w.org\/{rel}","templated":true}]}}