{"id":48,"date":"2016-04-15T15:42:41","date_gmt":"2016-04-15T13:42:41","guid":{"rendered":"http:\/\/gino.xtek.hosting\/?page_id=48"},"modified":"2020-12-09T16:30:11","modified_gmt":"2020-12-09T15:30:11","slug":"management","status":"publish","type":"page","link":"https:\/\/gino-ag.xtek.site\/de\/unternehmen\/management\/","title":{"rendered":"Management"},"content":{"rendered":"<div id=\"pl-48\"  class=\"panel-layout\" ><div id=\"pg-48-0\"  class=\"panel-grid panel-has-style\" ><div class=\"sidebar-row panel-row-style panel-row-style-for-48-0\" ><div id=\"pgc-48-0-0\"  class=\"panel-grid-cell\" ><div id=\"panel-48-0-0-0\" class=\"so-panel widget widget_black-studio-tinymce widget_black_studio_tinymce panel-first-child panel-last-child\" data-index=\"0\" ><div class=\"textwidget\"><p><img loading=\"lazy\" decoding=\"async\" class=\"img-responsive alignnone wp-image-6137 size-large\" src=\"https:\/\/www.gino-ag.com\/wp-content\/uploads\/GINO-AG_Management-1024x636.jpg\" alt=\"\" width=\"1024\" height=\"636\" srcset=\"https:\/\/www.gino-ag.com\/wp-content\/uploads\/GINO-AG_Management-1024x636.jpg 1024w, https:\/\/www.gino-ag.com\/wp-content\/uploads\/GINO-AG_Management-274x170.jpg 274w, https:\/\/www.gino-ag.com\/wp-content\/uploads\/GINO-AG_Management-320x199.jpg 320w, https:\/\/www.gino-ag.com\/wp-content\/uploads\/GINO-AG_Management.jpg 1400w\" sizes=\"auto, (max-width: 1024px) 100vw, 1024px\" \/><\/p>\n<p><strong>Dipl. Ing. Michael Hahn<\/strong> wechselte 1998 im Wege eines \"management buy-in\" zur GINO GmbH Elektrotechnische Fabrik. Mit \u00dcbernahme von 33,3 % Gesellschaftsanteilen an der GINO GmbH war Herr Hahn als gesch\u00e4ftsf\u00fchrender Gesellschafter und seit 2010 als Vorstand der GINO AG verantwortlich f\u00fcr die Fabrikation und den weltweiten Vertrieb von Leistungswiderst\u00e4nden. Herr Hahn hat ma\u00dfgeblichen Anteil an der erfolgreichen Entwicklung der Gesellschaft vom kleinen mittelst\u00e4ndischen Familienunternehmen hin zum global agierenden Industrieunternehmen. Zuletzt im Jahr 2015 wird Herr Michael Hahn als einziger Vorstand, gesamtverantwortlich f\u00fcr die GINO AG bestellt.<\/p>\n<p>Herr Hahn absolvierte eine technische Ausbildung zum Energieanlagenelektroniker und studierte nach Abschluss des Fachabiturs, Elektrotechnik an der FH-K\u00f6ln, der Fachhochschule f\u00fcr Technik, wo er das Studium zum Dipl.-Ing. Elektrotechnik im Jahre 1983 abschloss. Nach 8 j\u00e4hriger Vertriebst\u00e4tigkeit im Export der Cyklop GmbH, K\u00f6ln, einem mittelst\u00e4ndischen Industrieunternehmens f\u00fcr Verpackungsmaschinen, wechselte Herr Hahn zur Schweizer FERAG \/ RMO-AG (Reist Marketing Organisation), einem international t\u00e4tigen Unternehmen f\u00fcr die Weiterverarbeitung von Drucksachen, Zeitungen und Zeitschriften. Dort war er zun\u00e4chst als Prokurist f\u00fcr die osteurop\u00e4ischen M\u00e4rkte verantwortlich. Sp\u00e4ter auch f\u00fcr den Aufbau und die Gesch\u00e4ftsleitung einer Tochtergesellschaft, der INTRACO A\/O in Moskau \/ Russland, einem Handelsunternehmen mit dem Vertriebsschwerpunkt der Druckweiterverarbeitung.<\/p>\n<p>Ein \"sidestep\" f\u00fchrte Herrn Hahn in eine Anstellung als Gesch\u00e4ftsf\u00fchrer bei der Baumann Maschinenbau Solms GmbH, einem mittelst\u00e4ndischen Unternehmen f\u00fcr die Herstellung und den Vertrieb von weiterverarbeitenden Maschinen f\u00fcr Bogenoffset-Druckmaschinen. Dort betreute er unter anderem die in- und ausl\u00e4ndischen Vertretungen der MAN Roland Druckmaschinen AG, Frankfurt\/Main. Nach weiteren vier Jahren als angestellter Gesch\u00e4ftsf\u00fchrer suchte Michael Hahn dann eine neue Aufgabe mit technischer Ausrichtung, allerdings jetzt mit dem Ziel einer Unternehmensbeteiligung. Nach erfolgreicher Gesellschaftert\u00e4tigkeit in den Jahren 1998 \u2013 2010 wurde er zuletzt als einziger Vorstand der jetzt umfirmierten GINO AG bestellt. <br \/>\n<strong><br \/>\n<\/strong><\/p>\n<\/div><\/div><\/div><div id=\"pgc-48-0-1\"  class=\"panel-grid-cell\" ><div id=\"panel-48-0-1-0\" class=\"so-panel widget widget_nav_menu panel-first-child panel-last-child\" data-index=\"1\" ><div class=\"sidebar panel-widget-style panel-widget-style-for-48-0-1-0\" ><div class=\"menu-submenue-unternehmen-container\"><ul id=\"menu-submenue-unternehmen\" class=\"menu\"><li id=\"menu-item-293\" class=\"menu-item menu-item-type-post_type menu-item-object-page menu-item-293\"><a href=\"https:\/\/gino-ag.xtek.site\/de\/unternehmen\/philosophie\/\">Philosophie<\/a><\/li>\n<li id=\"menu-item-289\" class=\"menu-item menu-item-type-post_type menu-item-object-page menu-item-289\"><a href=\"https:\/\/gino-ag.xtek.site\/de\/unternehmen\/unternehmensgeschichte\/\">Unternehmensgeschichte<\/a><\/li>\n<li id=\"menu-item-291\" class=\"menu-item menu-item-type-post_type menu-item-object-page menu-item-291\"><a href=\"https:\/\/gino-ag.xtek.site\/de\/unternehmen\/management\/\">Management<\/a><\/li>\n<li id=\"menu-item-290\" class=\"menu-item menu-item-type-post_type menu-item-object-page menu-item-290\"><a href=\"https:\/\/gino-ag.xtek.site\/de\/unternehmen\/zahlen-fakten\/\">Zahlen &#038; Fakten<\/a><\/li>\n<li id=\"menu-item-288\" class=\"menu-item menu-item-type-post_type menu-item-object-page menu-item-288\"><a href=\"https:\/\/gino-ag.xtek.site\/de\/unternehmen\/gino-vertretungen\/\">GINO-Vertretungen<\/a><\/li>\n<li id=\"menu-item-2874\" class=\"menu-item menu-item-type-post_type menu-item-object-page menu-item-2874\"><a href=\"https:\/\/gino-ag.xtek.site\/de\/unternehmen\/lexikon\/\">Lexikon<\/a><\/li>\n<li id=\"menu-item-2882\" class=\"menu-item menu-item-type-post_type menu-item-object-page menu-item-2882\"><a href=\"https:\/\/gino-ag.xtek.site\/de\/unternehmen\/links\/\">Links<\/a><\/li>\n<\/ul><\/div><\/div><\/div><\/div><\/div><\/div><\/div>","protected":false},"excerpt":{"rendered":"<p>Dipl. Ing. Michael Hahn wechselte 1998 im Wege eines &#8222;management buy-in&#8220; zur GINO GmbH Elektrotechnische Fabrik. Mit \u00dcbernahme von 33,3 % Gesellschaftsanteilen an der GINO GmbH war Herr Hahn als gesch\u00e4ftsf\u00fchrender Gesellschafter und seit 2010 als Vorstand der GINO AG verantwortlich f\u00fcr die Fabrikation und den weltweiten Vertrieb von Leistungswiderst\u00e4nden. Herr Hahn hat ma\u00dfgeblichen Anteil [&hellip;]<\/p>\n","protected":false},"author":1,"featured_media":5781,"parent":5,"menu_order":0,"comment_status":"closed","ping_status":"closed","template":"","meta":{"_acf_changed":false,"footnotes":""},"class_list":["post-48","page","type-page","status-publish","has-post-thumbnail","hentry"],"acf":[],"yoast_head":"<!-- This site is optimized with the Yoast SEO plugin v24.4 - https:\/\/yoast.com\/wordpress\/plugins\/seo\/ -->\n<title>Management - GINO AG<\/title>\n<meta name=\"description\" content=\"Management der GINO AG\" \/>\n<meta name=\"robots\" content=\"index, follow, max-snippet:-1, max-image-preview:large, max-video-preview:-1\" \/>\n<link rel=\"canonical\" href=\"https:\/\/gino-ag.xtek.site\/de\/unternehmen\/management\/\" \/>\n<meta property=\"og:locale\" content=\"de_DE\" \/>\n<meta property=\"og:type\" content=\"article\" \/>\n<meta property=\"og:title\" content=\"Management - GINO AG\" \/>\n<meta property=\"og:description\" content=\"Management der GINO AG\" \/>\n<meta property=\"og:url\" content=\"https:\/\/gino-ag.xtek.site\/de\/unternehmen\/management\/\" \/>\n<meta property=\"og:site_name\" content=\"GINO AG\" \/>\n<meta property=\"article:modified_time\" content=\"2020-12-09T15:30:11+00:00\" \/>\n<meta property=\"og:image\" content=\"https:\/\/www.gino-ag.com\/wp-content\/uploads\/GINO_Unternehmen_Management.jpg\" \/>\n\t<meta property=\"og:image:width\" content=\"1920\" \/>\n\t<meta property=\"og:image:height\" content=\"480\" \/>\n\t<meta property=\"og:image:type\" content=\"image\/jpeg\" \/>\n<meta name=\"twitter:card\" content=\"summary_large_image\" \/>\n<meta name=\"twitter:label1\" content=\"Gesch\u00e4tzte Lesezeit\" \/>\n\t<meta name=\"twitter:data1\" content=\"2\u00a0Minuten\" \/>\n<script type=\"application\/ld+json\" class=\"yoast-schema-graph\">{\"@context\":\"https:\/\/schema.org\",\"@graph\":[{\"@type\":\"WebPage\",\"@id\":\"https:\/\/gino-ag.xtek.site\/de\/unternehmen\/management\/\",\"url\":\"https:\/\/gino-ag.xtek.site\/de\/unternehmen\/management\/\",\"name\":\"Management - GINO AG\",\"isPartOf\":{\"@id\":\"https:\/\/www.gino-ag.com\/de\/#website\"},\"primaryImageOfPage\":{\"@id\":\"https:\/\/gino-ag.xtek.site\/de\/unternehmen\/management\/#primaryimage\"},\"image\":{\"@id\":\"https:\/\/gino-ag.xtek.site\/de\/unternehmen\/management\/#primaryimage\"},\"thumbnailUrl\":\"https:\/\/www.gino-ag.com\/wp-content\/uploads\/GINO_Unternehmen_Management.jpg\",\"datePublished\":\"2016-04-15T13:42:41+00:00\",\"dateModified\":\"2020-12-09T15:30:11+00:00\",\"description\":\"Management der GINO AG\",\"breadcrumb\":{\"@id\":\"https:\/\/gino-ag.xtek.site\/de\/unternehmen\/management\/#breadcrumb\"},\"inLanguage\":\"de\",\"potentialAction\":[{\"@type\":\"ReadAction\",\"target\":[\"https:\/\/gino-ag.xtek.site\/de\/unternehmen\/management\/\"]}]},{\"@type\":\"ImageObject\",\"inLanguage\":\"de\",\"@id\":\"https:\/\/gino-ag.xtek.site\/de\/unternehmen\/management\/#primaryimage\",\"url\":\"https:\/\/www.gino-ag.com\/wp-content\/uploads\/GINO_Unternehmen_Management.jpg\",\"contentUrl\":\"https:\/\/www.gino-ag.com\/wp-content\/uploads\/GINO_Unternehmen_Management.jpg\",\"width\":1920,\"height\":480},{\"@type\":\"BreadcrumbList\",\"@id\":\"https:\/\/gino-ag.xtek.site\/de\/unternehmen\/management\/#breadcrumb\",\"itemListElement\":[{\"@type\":\"ListItem\",\"position\":1,\"name\":\"Startseite\",\"item\":\"https:\/\/www.gino-ag.com\/de\/\"},{\"@type\":\"ListItem\",\"position\":2,\"name\":\"Unternehmen\",\"item\":\"https:\/\/www.gino-ag.com\/de\/unternehmen\/\"},{\"@type\":\"ListItem\",\"position\":3,\"name\":\"Management\"}]},{\"@type\":\"WebSite\",\"@id\":\"https:\/\/www.gino-ag.com\/de\/#website\",\"url\":\"https:\/\/www.gino-ag.com\/de\/\",\"name\":\"GINO AG\",\"description\":\"Elektrische Widerst\u00e4nde von 50 W bis 360 MW\",\"potentialAction\":[{\"@type\":\"SearchAction\",\"target\":{\"@type\":\"EntryPoint\",\"urlTemplate\":\"https:\/\/www.gino-ag.com\/de\/?s={search_term_string}\"},\"query-input\":{\"@type\":\"PropertyValueSpecification\",\"valueRequired\":true,\"valueName\":\"search_term_string\"}}],\"inLanguage\":\"de\"}]}<\/script>\n<!-- \/ Yoast SEO plugin. -->","yoast_head_json":{"title":"Management - GINO AG","description":"Management der GINO AG","robots":{"index":"index","follow":"follow","max-snippet":"max-snippet:-1","max-image-preview":"max-image-preview:large","max-video-preview":"max-video-preview:-1"},"canonical":"https:\/\/gino-ag.xtek.site\/de\/unternehmen\/management\/","og_locale":"de_DE","og_type":"article","og_title":"Management - GINO AG","og_description":"Management der GINO AG","og_url":"https:\/\/gino-ag.xtek.site\/de\/unternehmen\/management\/","og_site_name":"GINO AG","article_modified_time":"2020-12-09T15:30:11+00:00","og_image":[{"width":1920,"height":480,"url":"https:\/\/www.gino-ag.com\/wp-content\/uploads\/GINO_Unternehmen_Management.jpg","type":"image\/jpeg"}],"twitter_card":"summary_large_image","twitter_misc":{"Gesch\u00e4tzte Lesezeit":"2\u00a0Minuten"},"schema":{"@context":"https:\/\/schema.org","@graph":[{"@type":"WebPage","@id":"https:\/\/gino-ag.xtek.site\/de\/unternehmen\/management\/","url":"https:\/\/gino-ag.xtek.site\/de\/unternehmen\/management\/","name":"Management - GINO AG","isPartOf":{"@id":"https:\/\/www.gino-ag.com\/de\/#website"},"primaryImageOfPage":{"@id":"https:\/\/gino-ag.xtek.site\/de\/unternehmen\/management\/#primaryimage"},"image":{"@id":"https:\/\/gino-ag.xtek.site\/de\/unternehmen\/management\/#primaryimage"},"thumbnailUrl":"https:\/\/www.gino-ag.com\/wp-content\/uploads\/GINO_Unternehmen_Management.jpg","datePublished":"2016-04-15T13:42:41+00:00","dateModified":"2020-12-09T15:30:11+00:00","description":"Management der GINO AG","breadcrumb":{"@id":"https:\/\/gino-ag.xtek.site\/de\/unternehmen\/management\/#breadcrumb"},"inLanguage":"de","potentialAction":[{"@type":"ReadAction","target":["https:\/\/gino-ag.xtek.site\/de\/unternehmen\/management\/"]}]},{"@type":"ImageObject","inLanguage":"de","@id":"https:\/\/gino-ag.xtek.site\/de\/unternehmen\/management\/#primaryimage","url":"https:\/\/www.gino-ag.com\/wp-content\/uploads\/GINO_Unternehmen_Management.jpg","contentUrl":"https:\/\/www.gino-ag.com\/wp-content\/uploads\/GINO_Unternehmen_Management.jpg","width":1920,"height":480},{"@type":"BreadcrumbList","@id":"https:\/\/gino-ag.xtek.site\/de\/unternehmen\/management\/#breadcrumb","itemListElement":[{"@type":"ListItem","position":1,"name":"Startseite","item":"https:\/\/www.gino-ag.com\/de\/"},{"@type":"ListItem","position":2,"name":"Unternehmen","item":"https:\/\/www.gino-ag.com\/de\/unternehmen\/"},{"@type":"ListItem","position":3,"name":"Management"}]},{"@type":"WebSite","@id":"https:\/\/www.gino-ag.com\/de\/#website","url":"https:\/\/www.gino-ag.com\/de\/","name":"GINO AG","description":"Elektrische Widerst\u00e4nde von 50 W bis 360 MW","potentialAction":[{"@type":"SearchAction","target":{"@type":"EntryPoint","urlTemplate":"https:\/\/www.gino-ag.com\/de\/?s={search_term_string}"},"query-input":{"@type":"PropertyValueSpecification","valueRequired":true,"valueName":"search_term_string"}}],"inLanguage":"de"}]}},"_links":{"self":[{"href":"https:\/\/gino-ag.xtek.site\/de\/wp-json\/wp\/v2\/pages\/48","targetHints":{"allow":["GET"]}}],"collection":[{"href":"https:\/\/gino-ag.xtek.site\/de\/wp-json\/wp\/v2\/pages"}],"about":[{"href":"https:\/\/gino-ag.xtek.site\/de\/wp-json\/wp\/v2\/types\/page"}],"author":[{"embeddable":true,"href":"https:\/\/gino-ag.xtek.site\/de\/wp-json\/wp\/v2\/users\/1"}],"replies":[{"embeddable":true,"href":"https:\/\/gino-ag.xtek.site\/de\/wp-json\/wp\/v2\/comments?post=48"}],"version-history":[{"count":0,"href":"https:\/\/gino-ag.xtek.site\/de\/wp-json\/wp\/v2\/pages\/48\/revisions"}],"up":[{"embeddable":true,"href":"https:\/\/gino-ag.xtek.site\/de\/wp-json\/wp\/v2\/pages\/5"}],"wp:featuredmedia":[{"embeddable":true,"href":"https:\/\/gino-ag.xtek.site\/de\/wp-json\/wp\/v2\/media\/5781"}],"wp:attachment":[{"href":"https:\/\/gino-ag.xtek.site\/de\/wp-json\/wp\/v2\/media?parent=48"}],"curies":[{"name":"wp","href":"https:\/\/api.w.org\/{rel}","templated":true}]}}