{"id":44,"date":"2016-04-15T15:42:09","date_gmt":"2016-04-15T13:42:09","guid":{"rendered":"http:\/\/gino.xtek.hosting\/?page_id=44"},"modified":"2021-08-16T13:24:45","modified_gmt":"2021-08-16T11:24:45","slug":"philosophie","status":"publish","type":"page","link":"https:\/\/gino-ag.xtek.site\/de\/unternehmen\/philosophie\/","title":{"rendered":"Philosophie"},"content":{"rendered":"<div id=\"pl-44\"  class=\"panel-layout\" ><div id=\"pg-44-0\"  class=\"panel-grid panel-has-style\" ><div class=\"sidebar-row panel-row-style panel-row-style-for-44-0\" ><div id=\"pgc-44-0-0\"  class=\"panel-grid-cell\" ><div id=\"panel-44-0-0-0\" class=\"so-panel widget widget_black-studio-tinymce widget_black_studio_tinymce panel-first-child panel-last-child\" data-index=\"0\" ><div class=\"textwidget\"><h1>Vision<\/h1>\n<p>Das Unternehmen GINO AG ist einer der f\u00fchrenden Hersteller von Widerst\u00e4nden aller Leistungsklassen ab 50 Watt. Diese Position bauen wir kontinuierlich aus, indem wir auf Wachstum setzen und international neue M\u00e4rkte erschlie\u00dfen.<\/p>\n<p>Dabei bekennen wir uns zum Standort Deutschland und zu unserer Verantwortung gegen\u00fcber unseren Mitarbeitern, Kunden und Lieferanten. Diese stehen im Mittelpunkt unseres Wirkens und sind der Garant f\u00fcr das Gelingen unserer anspruchsvollen Ziele.<\/p>\n<p>Um den Anspr\u00fcchen unserer Kunden gerecht zu werden, haben wir uns bei GINO folgende Unternehmensleits\u00e4tze zu Herzen genommen:<\/p>\n<p>&nbsp;<\/p>\n<h1>Unternehmensleits\u00e4tze<\/h1>\n<ol>\n<li>Wir stehen f\u00fcr kundenspezifische L\u00f6sungen.<\/li>\n<li>Wir arbeiten wertorientiert und erwirtschaften einen angemessenen Gewinn.<\/li>\n<li>Wir sichern unsere Innovationsf\u00e4higkeit und Unabh\u00e4ngigkeit durch wirtschaftlichen Erfolg.<\/li>\n<li>Wir produzieren nach den neuesten, international g\u00fcltigen Qualit\u00e4tsstandards und leben den st\u00e4ndigen Verbesserungsprozess.<\/li>\n<li>Wir nehmen soziale und \u00f6kologische Verantwortung wahr.<\/li>\n<li>Wir fordern und f\u00f6rdern unsere Mitarbeiter nach ihren individuellen M\u00f6glichkeiten.<\/li>\n<li>Wir bilden junge Menschen aus und erm\u00f6glichen ihnen so einen qualifizierten Start ins Berufsleben.<\/li>\n<li>Wir achten auf unsere Umwelt und versuchen negative Einwirkungen zu minimieren.<\/li>\n<\/ol>\n<p>&nbsp;<\/p>\n<h1>Qualit\u00e4t und Umwelt<\/h1>\n<p>Unser <strong>Qualit\u00e4tsmanagement<\/strong> wird von der obersten Leitungsebene gesteuert. Mit dieser Positionierung k\u00f6nnen wir die Umsetzung eines \u00fcberdurchschnittlichen Qualit\u00e4tsstandards garantieren. Ob es die sofortige Beantwortung von Anfragen, das pers\u00f6nliche Gespr\u00e4ch \u00fcber Produkte oder unsere klare Unternehmensstruktur ist \u2013 f\u00fcr jeden Mitarbeiter steht die Qualit\u00e4t der Arbeitsleistung an erster Stelle. Die Zertifizierung nach DIN EN ISO 9001:2015 unterstreicht unseren hohen Anspruch.<\/p>\n<p>Durch permanente Evaluation k\u00f6nnen wir unseren Kunden professionelle Dienste anbieten und gezielt auf W\u00fcnsche eingehen, so dass ein vertrauensvolles Arbeiten selbstverst\u00e4ndlich ist. Die Zufriedenheit unserer Kunden steht f\u00fcr uns dabei an erster Stelle. Unsere Strategie? Wir wissen sehr genau, welche Entwicklungen am Markt zukunftsweisend sind und k\u00f6nnen uns dadurch von der Konkurrenz absetzen.<\/p>\n<p>Qualit\u00e4t macht sich durch Erfolg bemerkbar und Erfolg durch Qualit\u00e4t!<\/p>\n<p>Die Schonung unserer Umwelt ist f\u00fcr GINO ein hohes Gut. Dies dokumentiert sich sowohl in der t\u00e4glichen Arbeit innerhalb des Unternehmens als auch in einer verantwortungsbewussten Materialauswahl und umweltgerechten Fertigungsprozessen f\u00fcr unsere Widerst\u00e4nde. Wirtschaftliche Aktivit\u00e4ten in Einklang mit dem Schutz von Umwelt und Natur zu bringen, ist bei GINO vorrangiges Unternehmensziel. Unsere unternehmerischen Entscheidungen pr\u00fcfen wir daher auch hinsichtlich ihrer Auswirkungen auf die Umwelt.<\/p>\n<\/div><\/div><\/div><div id=\"pgc-44-0-1\"  class=\"panel-grid-cell\" ><div id=\"panel-44-0-1-0\" class=\"so-panel widget widget_nav_menu panel-first-child panel-last-child\" data-index=\"1\" ><div class=\"sidebar panel-widget-style panel-widget-style-for-44-0-1-0\" ><div class=\"menu-submenue-unternehmen-container\"><ul id=\"menu-submenue-unternehmen\" class=\"menu\"><li id=\"menu-item-293\" class=\"menu-item menu-item-type-post_type menu-item-object-page menu-item-293\"><a href=\"https:\/\/gino-ag.xtek.site\/de\/unternehmen\/philosophie\/\">Philosophie<\/a><\/li>\n<li id=\"menu-item-289\" class=\"menu-item menu-item-type-post_type menu-item-object-page menu-item-289\"><a href=\"https:\/\/gino-ag.xtek.site\/de\/unternehmen\/unternehmensgeschichte\/\">Unternehmensgeschichte<\/a><\/li>\n<li id=\"menu-item-291\" class=\"menu-item menu-item-type-post_type menu-item-object-page menu-item-291\"><a href=\"https:\/\/gino-ag.xtek.site\/de\/unternehmen\/management\/\">Management<\/a><\/li>\n<li id=\"menu-item-290\" class=\"menu-item menu-item-type-post_type menu-item-object-page menu-item-290\"><a href=\"https:\/\/gino-ag.xtek.site\/de\/unternehmen\/zahlen-fakten\/\">Zahlen &#038; Fakten<\/a><\/li>\n<li id=\"menu-item-288\" class=\"menu-item menu-item-type-post_type menu-item-object-page menu-item-288\"><a href=\"https:\/\/gino-ag.xtek.site\/de\/unternehmen\/gino-vertretungen\/\">GINO-Vertretungen<\/a><\/li>\n<li id=\"menu-item-2874\" class=\"menu-item menu-item-type-post_type menu-item-object-page menu-item-2874\"><a href=\"https:\/\/gino-ag.xtek.site\/de\/unternehmen\/lexikon\/\">Lexikon<\/a><\/li>\n<li id=\"menu-item-2882\" class=\"menu-item menu-item-type-post_type menu-item-object-page menu-item-2882\"><a href=\"https:\/\/gino-ag.xtek.site\/de\/unternehmen\/links\/\">Links<\/a><\/li>\n<\/ul><\/div><\/div><\/div><\/div><\/div><\/div><\/div>","protected":false},"excerpt":{"rendered":"<p>Vision Das Unternehmen GINO AG ist einer der f\u00fchrenden Hersteller von Widerst\u00e4nden aller Leistungsklassen ab 50 Watt. Diese Position bauen wir kontinuierlich aus, indem wir auf Wachstum setzen und international neue M\u00e4rkte erschlie\u00dfen. Dabei bekennen wir uns zum Standort Deutschland und zu unserer Verantwortung gegen\u00fcber unseren Mitarbeitern, Kunden und Lieferanten. Diese stehen im Mittelpunkt unseres [&hellip;]<\/p>\n","protected":false},"author":1,"featured_media":5795,"parent":5,"menu_order":0,"comment_status":"closed","ping_status":"closed","template":"","meta":{"_acf_changed":false,"footnotes":""},"class_list":["post-44","page","type-page","status-publish","has-post-thumbnail","hentry"],"acf":[],"yoast_head":"<!-- This site is optimized with the Yoast SEO plugin v24.4 - https:\/\/yoast.com\/wordpress\/plugins\/seo\/ -->\n<title>Philosophie - GINO AG<\/title>\n<meta name=\"description\" content=\"Die Unternehmensleits\u00e4tze der GINO AG zur Umsetzung unserer Vision\" \/>\n<meta name=\"robots\" content=\"index, follow, max-snippet:-1, max-image-preview:large, max-video-preview:-1\" \/>\n<link rel=\"canonical\" href=\"https:\/\/gino-ag.xtek.site\/de\/unternehmen\/philosophie\/\" \/>\n<meta property=\"og:locale\" content=\"de_DE\" \/>\n<meta property=\"og:type\" content=\"article\" \/>\n<meta property=\"og:title\" content=\"Philosophie - GINO AG\" \/>\n<meta property=\"og:description\" content=\"Die Unternehmensleits\u00e4tze der GINO AG zur Umsetzung unserer Vision\" \/>\n<meta property=\"og:url\" content=\"https:\/\/gino-ag.xtek.site\/de\/unternehmen\/philosophie\/\" \/>\n<meta property=\"og:site_name\" content=\"GINO AG\" \/>\n<meta property=\"article:modified_time\" content=\"2021-08-16T11:24:45+00:00\" \/>\n<meta property=\"og:image\" content=\"https:\/\/www.gino-ag.com\/wp-content\/uploads\/GINO_Unternehmen_Philosophie.jpg\" \/>\n\t<meta property=\"og:image:width\" content=\"1920\" \/>\n\t<meta property=\"og:image:height\" content=\"480\" \/>\n\t<meta property=\"og:image:type\" content=\"image\/jpeg\" \/>\n<meta name=\"twitter:card\" content=\"summary_large_image\" \/>\n<meta name=\"twitter:label1\" content=\"Gesch\u00e4tzte Lesezeit\" \/>\n\t<meta name=\"twitter:data1\" content=\"2\u00a0Minuten\" \/>\n<script type=\"application\/ld+json\" class=\"yoast-schema-graph\">{\"@context\":\"https:\/\/schema.org\",\"@graph\":[{\"@type\":\"WebPage\",\"@id\":\"https:\/\/gino-ag.xtek.site\/de\/unternehmen\/philosophie\/\",\"url\":\"https:\/\/gino-ag.xtek.site\/de\/unternehmen\/philosophie\/\",\"name\":\"Philosophie - GINO AG\",\"isPartOf\":{\"@id\":\"https:\/\/www.gino-ag.com\/de\/#website\"},\"primaryImageOfPage\":{\"@id\":\"https:\/\/gino-ag.xtek.site\/de\/unternehmen\/philosophie\/#primaryimage\"},\"image\":{\"@id\":\"https:\/\/gino-ag.xtek.site\/de\/unternehmen\/philosophie\/#primaryimage\"},\"thumbnailUrl\":\"https:\/\/www.gino-ag.com\/wp-content\/uploads\/GINO_Unternehmen_Philosophie.jpg\",\"datePublished\":\"2016-04-15T13:42:09+00:00\",\"dateModified\":\"2021-08-16T11:24:45+00:00\",\"description\":\"Die Unternehmensleits\u00e4tze der GINO AG zur Umsetzung unserer Vision\",\"breadcrumb\":{\"@id\":\"https:\/\/gino-ag.xtek.site\/de\/unternehmen\/philosophie\/#breadcrumb\"},\"inLanguage\":\"de\",\"potentialAction\":[{\"@type\":\"ReadAction\",\"target\":[\"https:\/\/gino-ag.xtek.site\/de\/unternehmen\/philosophie\/\"]}]},{\"@type\":\"ImageObject\",\"inLanguage\":\"de\",\"@id\":\"https:\/\/gino-ag.xtek.site\/de\/unternehmen\/philosophie\/#primaryimage\",\"url\":\"https:\/\/www.gino-ag.com\/wp-content\/uploads\/GINO_Unternehmen_Philosophie.jpg\",\"contentUrl\":\"https:\/\/www.gino-ag.com\/wp-content\/uploads\/GINO_Unternehmen_Philosophie.jpg\",\"width\":1920,\"height\":480},{\"@type\":\"BreadcrumbList\",\"@id\":\"https:\/\/gino-ag.xtek.site\/de\/unternehmen\/philosophie\/#breadcrumb\",\"itemListElement\":[{\"@type\":\"ListItem\",\"position\":1,\"name\":\"Startseite\",\"item\":\"https:\/\/www.gino-ag.com\/de\/\"},{\"@type\":\"ListItem\",\"position\":2,\"name\":\"Unternehmen\",\"item\":\"https:\/\/www.gino-ag.com\/de\/unternehmen\/\"},{\"@type\":\"ListItem\",\"position\":3,\"name\":\"Philosophie\"}]},{\"@type\":\"WebSite\",\"@id\":\"https:\/\/www.gino-ag.com\/de\/#website\",\"url\":\"https:\/\/www.gino-ag.com\/de\/\",\"name\":\"GINO AG\",\"description\":\"Elektrische Widerst\u00e4nde von 50 W bis 360 MW\",\"potentialAction\":[{\"@type\":\"SearchAction\",\"target\":{\"@type\":\"EntryPoint\",\"urlTemplate\":\"https:\/\/www.gino-ag.com\/de\/?s={search_term_string}\"},\"query-input\":{\"@type\":\"PropertyValueSpecification\",\"valueRequired\":true,\"valueName\":\"search_term_string\"}}],\"inLanguage\":\"de\"}]}<\/script>\n<!-- \/ Yoast SEO plugin. -->","yoast_head_json":{"title":"Philosophie - GINO AG","description":"Die Unternehmensleits\u00e4tze der GINO AG zur Umsetzung unserer Vision","robots":{"index":"index","follow":"follow","max-snippet":"max-snippet:-1","max-image-preview":"max-image-preview:large","max-video-preview":"max-video-preview:-1"},"canonical":"https:\/\/gino-ag.xtek.site\/de\/unternehmen\/philosophie\/","og_locale":"de_DE","og_type":"article","og_title":"Philosophie - GINO AG","og_description":"Die Unternehmensleits\u00e4tze der GINO AG zur Umsetzung unserer Vision","og_url":"https:\/\/gino-ag.xtek.site\/de\/unternehmen\/philosophie\/","og_site_name":"GINO AG","article_modified_time":"2021-08-16T11:24:45+00:00","og_image":[{"width":1920,"height":480,"url":"https:\/\/www.gino-ag.com\/wp-content\/uploads\/GINO_Unternehmen_Philosophie.jpg","type":"image\/jpeg"}],"twitter_card":"summary_large_image","twitter_misc":{"Gesch\u00e4tzte Lesezeit":"2\u00a0Minuten"},"schema":{"@context":"https:\/\/schema.org","@graph":[{"@type":"WebPage","@id":"https:\/\/gino-ag.xtek.site\/de\/unternehmen\/philosophie\/","url":"https:\/\/gino-ag.xtek.site\/de\/unternehmen\/philosophie\/","name":"Philosophie - GINO AG","isPartOf":{"@id":"https:\/\/www.gino-ag.com\/de\/#website"},"primaryImageOfPage":{"@id":"https:\/\/gino-ag.xtek.site\/de\/unternehmen\/philosophie\/#primaryimage"},"image":{"@id":"https:\/\/gino-ag.xtek.site\/de\/unternehmen\/philosophie\/#primaryimage"},"thumbnailUrl":"https:\/\/www.gino-ag.com\/wp-content\/uploads\/GINO_Unternehmen_Philosophie.jpg","datePublished":"2016-04-15T13:42:09+00:00","dateModified":"2021-08-16T11:24:45+00:00","description":"Die Unternehmensleits\u00e4tze der GINO AG zur Umsetzung unserer Vision","breadcrumb":{"@id":"https:\/\/gino-ag.xtek.site\/de\/unternehmen\/philosophie\/#breadcrumb"},"inLanguage":"de","potentialAction":[{"@type":"ReadAction","target":["https:\/\/gino-ag.xtek.site\/de\/unternehmen\/philosophie\/"]}]},{"@type":"ImageObject","inLanguage":"de","@id":"https:\/\/gino-ag.xtek.site\/de\/unternehmen\/philosophie\/#primaryimage","url":"https:\/\/www.gino-ag.com\/wp-content\/uploads\/GINO_Unternehmen_Philosophie.jpg","contentUrl":"https:\/\/www.gino-ag.com\/wp-content\/uploads\/GINO_Unternehmen_Philosophie.jpg","width":1920,"height":480},{"@type":"BreadcrumbList","@id":"https:\/\/gino-ag.xtek.site\/de\/unternehmen\/philosophie\/#breadcrumb","itemListElement":[{"@type":"ListItem","position":1,"name":"Startseite","item":"https:\/\/www.gino-ag.com\/de\/"},{"@type":"ListItem","position":2,"name":"Unternehmen","item":"https:\/\/www.gino-ag.com\/de\/unternehmen\/"},{"@type":"ListItem","position":3,"name":"Philosophie"}]},{"@type":"WebSite","@id":"https:\/\/www.gino-ag.com\/de\/#website","url":"https:\/\/www.gino-ag.com\/de\/","name":"GINO AG","description":"Elektrische Widerst\u00e4nde von 50 W bis 360 MW","potentialAction":[{"@type":"SearchAction","target":{"@type":"EntryPoint","urlTemplate":"https:\/\/www.gino-ag.com\/de\/?s={search_term_string}"},"query-input":{"@type":"PropertyValueSpecification","valueRequired":true,"valueName":"search_term_string"}}],"inLanguage":"de"}]}},"_links":{"self":[{"href":"https:\/\/gino-ag.xtek.site\/de\/wp-json\/wp\/v2\/pages\/44","targetHints":{"allow":["GET"]}}],"collection":[{"href":"https:\/\/gino-ag.xtek.site\/de\/wp-json\/wp\/v2\/pages"}],"about":[{"href":"https:\/\/gino-ag.xtek.site\/de\/wp-json\/wp\/v2\/types\/page"}],"author":[{"embeddable":true,"href":"https:\/\/gino-ag.xtek.site\/de\/wp-json\/wp\/v2\/users\/1"}],"replies":[{"embeddable":true,"href":"https:\/\/gino-ag.xtek.site\/de\/wp-json\/wp\/v2\/comments?post=44"}],"version-history":[{"count":0,"href":"https:\/\/gino-ag.xtek.site\/de\/wp-json\/wp\/v2\/pages\/44\/revisions"}],"up":[{"embeddable":true,"href":"https:\/\/gino-ag.xtek.site\/de\/wp-json\/wp\/v2\/pages\/5"}],"wp:featuredmedia":[{"embeddable":true,"href":"https:\/\/gino-ag.xtek.site\/de\/wp-json\/wp\/v2\/media\/5795"}],"wp:attachment":[{"href":"https:\/\/gino-ag.xtek.site\/de\/wp-json\/wp\/v2\/media?parent=44"}],"curies":[{"name":"wp","href":"https:\/\/api.w.org\/{rel}","templated":true}]}}