{"id":2929,"date":"2018-05-25T13:50:37","date_gmt":"2018-05-25T11:50:37","guid":{"rendered":"https:\/\/www.gino-ag.com\/?page_id=2929"},"modified":"2022-03-16T00:38:31","modified_gmt":"2022-03-15T23:38:31","slug":"service","status":"publish","type":"page","link":"https:\/\/gino-ag.xtek.site\/de\/service\/","title":{"rendered":"Service"},"content":{"rendered":"<div id=\"pl-2929\"  class=\"panel-layout\" ><div id=\"pg-2929-0\"  class=\"panel-grid panel-has-style\" ><div class=\"sidebar-row panel-row-style panel-row-style-for-2929-0\" ><div id=\"pgc-2929-0-0\"  class=\"panel-grid-cell\" ><div id=\"panel-2929-0-0-0\" class=\"so-panel widget widget_black-studio-tinymce widget_black_studio_tinymce panel-first-child\" data-index=\"0\" ><div class=\"textwidget\"><div id=\"pgc-87-0-0\" class=\"panel-grid-cell\">\n<div id=\"panel-87-0-0-0\" class=\"so-panel widget widget_black-studio-tinymce widget_black_studio_tinymce panel-first-child panel-last-child\" data-index=\"0\">\n<div class=\"textwidget\">\n<h2>Wartung, Inbetriebnahme, Gew\u00e4hrleistung<\/h2>\n<p>Wir freuen uns auf Ihren Widerstand!<\/p>\n<p>Sie brauchen uns vor Ort?<br \/>Ihre Widerst\u00e4nde m\u00fcssen instandgesetzt werden?<\/p>\n<p>Einfach das Kontaktformular ausf\u00fcllen und wir setzen uns mit Ihnen in Verbindung:<\/p>\n<\/div>\n<\/div>\n<\/div>\n<\/div><\/div><div id=\"panel-2929-0-0-1\" class=\"so-panel widget widget_black-studio-tinymce widget_black_studio_tinymce panel-last-child\" data-index=\"1\" ><div class=\"textwidget\"><p>\n<div class=\"wpcf7 no-js\" id=\"wpcf7-f2903-o1\" lang=\"de-DE\" dir=\"ltr\" data-wpcf7-id=\"2903\">\n<div class=\"screen-reader-response\"><p role=\"status\" aria-live=\"polite\" aria-atomic=\"true\"><\/p> <ul><\/ul><\/div>\n<form action=\"\/de\/wp-json\/wp\/v2\/pages\/2929#wpcf7-f2903-o1\" method=\"post\" class=\"wpcf7-form init\" aria-label=\"Kontaktformular\" enctype=\"multipart\/form-data\" novalidate=\"novalidate\" data-status=\"init\">\n<div style=\"display: none;\">\n<input type=\"hidden\" name=\"_wpcf7\" value=\"2903\" \/>\n<input type=\"hidden\" name=\"_wpcf7_version\" value=\"6.0.3\" \/>\n<input type=\"hidden\" name=\"_wpcf7_locale\" value=\"de_DE\" \/>\n<input type=\"hidden\" name=\"_wpcf7_unit_tag\" value=\"wpcf7-f2903-o1\" \/>\n<input type=\"hidden\" name=\"_wpcf7_container_post\" value=\"0\" \/>\n<input type=\"hidden\" name=\"_wpcf7_posted_data_hash\" value=\"\" \/>\n<\/div>\n<p>Firma\n<\/p>\n<p><span class=\"wpcf7-form-control-wrap\" data-name=\"your-company\"><input size=\"40\" maxlength=\"400\" class=\"wpcf7-form-control wpcf7-text\" aria-invalid=\"false\" value=\"\" type=\"text\" name=\"your-company\" \/><\/span>\n<\/p>\n<p>Ansprechpartner\n<\/p>\n<p><span class=\"wpcf7-form-control-wrap\" data-name=\"your-name\"><input size=\"40\" maxlength=\"400\" class=\"wpcf7-form-control wpcf7-text\" aria-invalid=\"false\" value=\"\" type=\"text\" name=\"your-name\" \/><\/span>\n<\/p>\n<p>E-Mail (Pflichtfeld)\n<\/p>\n<p><span class=\"wpcf7-form-control-wrap\" data-name=\"your-email\"><input size=\"40\" maxlength=\"400\" class=\"wpcf7-form-control wpcf7-email wpcf7-validates-as-required wpcf7-text wpcf7-validates-as-email\" aria-required=\"true\" aria-invalid=\"false\" value=\"\" type=\"email\" name=\"your-email\" \/><\/span>\n<\/p>\n<p>Telefon\n<\/p>\n<p><span class=\"wpcf7-form-control-wrap\" data-name=\"your-phone\"><input size=\"40\" maxlength=\"400\" class=\"wpcf7-form-control wpcf7-text\" aria-invalid=\"false\" value=\"\" type=\"text\" name=\"your-phone\" \/><\/span>\n<\/p>\n<p>&nbsp;\n<\/p>\n<p><b>Unser Produkt:<\/b>\n<\/p>\n<p>GINO-Produkt, Seriennummer:<br \/>\n<span class=\"wpcf7-form-control-wrap\" data-name=\"gino-produkt\"><input size=\"40\" maxlength=\"400\" class=\"wpcf7-form-control wpcf7-text\" aria-invalid=\"false\" value=\"\" type=\"text\" name=\"gino-produkt\" \/><\/span>\n<\/p>\n<p>Fremdger\u00e4t, Ger\u00e4tetyp:<br \/>\n<span class=\"wpcf7-form-control-wrap\" data-name=\"fremdgeraet\"><input size=\"40\" maxlength=\"400\" class=\"wpcf7-form-control wpcf7-text\" aria-invalid=\"false\" value=\"\" type=\"text\" name=\"fremdgeraet\" \/><\/span>\n<\/p>\n<p>&nbsp;\n<\/p>\n<p><b>Interessiert sind wir an:<\/b>\n<\/p>\n<p>Wartung, Anzahl Ger\u00e4te:<br \/>\n<span class=\"wpcf7-form-control-wrap\" data-name=\"wartung\"><input size=\"40\" maxlength=\"400\" class=\"wpcf7-form-control wpcf7-text\" aria-invalid=\"false\" value=\"\" type=\"text\" name=\"wartung\" \/><\/span>\n<\/p>\n<p>Inbetriebnahme, Anzahl Ger\u00e4te:<br \/>\n<span class=\"wpcf7-form-control-wrap\" data-name=\"inbetriebnahme\"><input size=\"40\" maxlength=\"400\" class=\"wpcf7-form-control wpcf7-text\" aria-invalid=\"false\" value=\"\" type=\"text\" name=\"inbetriebnahme\" \/><\/span>\n<\/p>\n<p>Instandsetzung, Anzahl Ger\u00e4te:<br \/>\n<span class=\"wpcf7-form-control-wrap\" data-name=\"instandsetzung\"><input size=\"40\" maxlength=\"400\" class=\"wpcf7-form-control wpcf7-text\" aria-invalid=\"false\" value=\"\" type=\"text\" name=\"instandsetzung\" \/><\/span>\n<\/p>\n<p>Vor-Ort-Serviceeinsatz:\n<\/p>\n<p><span class=\"wpcf7-form-control-wrap\" data-name=\"vorort-service\"><textarea cols=\"10\" rows=\"4\" maxlength=\"2000\" class=\"wpcf7-form-control wpcf7-textarea\" aria-invalid=\"false\" name=\"vorort-service\"><\/textarea><\/span>\n<\/p>\n<p>Sonstiges:\n<\/p>\n<p><span class=\"wpcf7-form-control-wrap\" data-name=\"sonstiges\"><textarea cols=\"10\" rows=\"4\" maxlength=\"2000\" class=\"wpcf7-form-control wpcf7-textarea\" aria-invalid=\"false\" name=\"sonstiges\"><\/textarea><\/span>\n<\/p>\n<p>&nbsp;\n<\/p>\n<p><b>Unser Produktbild:<\/b>\n<\/p>\n<p><span class=\"wpcf7-form-control-wrap\" data-name=\"file-25\"><input size=\"40\" class=\"wpcf7-form-control wpcf7-file\" accept=\"audio\/*,video\/*,image\/*\" aria-invalid=\"false\" type=\"file\" name=\"file-25\" \/><\/span>\n<\/p>\n<p>&nbsp;\n<\/p>\n<p><span class=\"wpcf7-form-control-wrap\" data-name=\"einverstaendnis_datei-upload\"><span class=\"wpcf7-form-control wpcf7-acceptance\"><span class=\"wpcf7-list-item\"><label><input type=\"checkbox\" name=\"einverstaendnis_datei-upload\" value=\"1\" aria-invalid=\"false\" \/><span class=\"wpcf7-list-item-label\">Ich habe die <a href=\"https:\/\/www.gino-ag.com\/datenschutz\/\" target=\"_blank\"><u>Datenschutzerkl\u00e4rung<\/u><\/a> zur Kenntnis genommen und akzeptiere diese. Ich stimme zu, dass meine Formularangaben zur Kontaktaufnahme bzw. zur Bearbeitung meines Anliegens gespeichert werden. Au\u00dferdem besitze ich die Rechte an ggf. hochgeladenen Bildern\/Dateien und garantiere, keine Rechte Dritter zu verletzen oder gegen allgemeines Recht zu versto\u00dfen.\nDie GINO AG verpflichtet sich, hochgeladene Dateien ausschlie\u00dflich zur Erf\u00fcllung und Bearbeitung des Anliegens zu verwenden. Eine weitere Verwendung findet nur mit ausdr\u00fccklicher Genehmigung statt.<\/span><\/label><\/span><\/span><\/span>\n<\/p>\n<p>Bitte tragen Sie folgenden Sicherheitsschl\u00fcssel ein (Pflichtfeld)\n<\/p>\n<p><input type=\"hidden\" name=\"_wpcf7_captcha_challenge_captcha-68899\" value=\"3460052611\" \/><img loading=\"lazy\" decoding=\"async\" class=\"wpcf7-form-control wpcf7-captchac wpcf7-captcha-captcha-68899\" width=\"72\" height=\"24\" alt=\"captcha\" src=\"https:\/\/www.gino-ag.com\/wp-content\/uploads\/wpcf7_captcha\/3460052611.png\" \/><br \/>\n<span class=\"wpcf7-form-control-wrap\" data-name=\"captcha-68899\"><input size=\"40\" class=\"wpcf7-form-control wpcf7-captchar\" autocomplete=\"off\" aria-invalid=\"false\" value=\"\" type=\"text\" name=\"captcha-68899\" \/><\/span>\n<\/p>\n<p><input class=\"wpcf7-form-control wpcf7-submit has-spinner\" type=\"submit\" value=\"Senden\" \/>\n<\/p><div class=\"wpcf7-response-output\" aria-hidden=\"true\"><\/div>\n<\/form>\n<\/div>\n<\/p>\n<\/div><\/div><\/div><div id=\"pgc-2929-0-1\"  class=\"panel-grid-cell\" ><div id=\"panel-2929-0-1-0\" class=\"so-panel widget widget_nav_menu panel-first-child panel-last-child\" data-index=\"2\" ><div class=\"sidebar panel-widget-style panel-widget-style-for-2929-0-1-0\" ><div class=\"menu-submenue-service-container\"><ul id=\"menu-submenue-service\" class=\"menu\"><li id=\"menu-item-5585\" class=\"menu-item menu-item-type-post_type menu-item-object-page menu-item-5585\"><a href=\"https:\/\/gino-ag.xtek.site\/de\/service\/\">Service<\/a><\/li>\n<li id=\"menu-item-5572\" class=\"menu-item menu-item-type-post_type menu-item-object-page menu-item-5572\"><a href=\"https:\/\/gino-ag.xtek.site\/de\/service\/downloads\/\">Downloads<\/a><\/li>\n<\/ul><\/div><\/div><\/div><\/div><\/div><\/div><\/div>","protected":false},"excerpt":{"rendered":"<p>Wartung, Inbetriebnahme, Gew\u00e4hrleistung Wir freuen uns auf Ihren Widerstand! Sie brauchen uns vor Ort?Ihre Widerst\u00e4nde m\u00fcssen instandgesetzt werden? Einfach das Kontaktformular ausf\u00fcllen und wir setzen uns mit Ihnen in Verbindung:<\/p>\n","protected":false},"author":1,"featured_media":5667,"parent":0,"menu_order":0,"comment_status":"closed","ping_status":"closed","template":"","meta":{"_acf_changed":false,"footnotes":""},"class_list":["post-2929","page","type-page","status-publish","has-post-thumbnail","hentry"],"acf":[],"yoast_head":"<!-- This site is optimized with the Yoast SEO plugin v24.4 - https:\/\/yoast.com\/wordpress\/plugins\/seo\/ -->\n<title>Service - GINO AG<\/title>\n<meta name=\"robots\" content=\"index, follow, max-snippet:-1, max-image-preview:large, max-video-preview:-1\" \/>\n<link rel=\"canonical\" href=\"https:\/\/gino-ag.xtek.site\/de\/service\/\" \/>\n<meta property=\"og:locale\" content=\"de_DE\" \/>\n<meta property=\"og:type\" content=\"article\" \/>\n<meta property=\"og:title\" content=\"Service - GINO AG\" \/>\n<meta property=\"og:description\" content=\"Wartung, Inbetriebnahme, Gew\u00e4hrleistung Wir freuen uns auf Ihren Widerstand! Sie brauchen uns vor Ort?Ihre Widerst\u00e4nde m\u00fcssen instandgesetzt werden? Einfach das Kontaktformular ausf\u00fcllen und wir setzen uns mit Ihnen in Verbindung:\" \/>\n<meta property=\"og:url\" content=\"https:\/\/gino-ag.xtek.site\/de\/service\/\" \/>\n<meta property=\"og:site_name\" content=\"GINO AG\" \/>\n<meta property=\"article:modified_time\" content=\"2022-03-15T23:38:31+00:00\" \/>\n<meta property=\"og:image\" content=\"https:\/\/www.gino-ag.com\/wp-content\/uploads\/GINO_Header_Service.jpg\" \/>\n\t<meta property=\"og:image:width\" content=\"1920\" \/>\n\t<meta property=\"og:image:height\" content=\"480\" \/>\n\t<meta property=\"og:image:type\" content=\"image\/jpeg\" \/>\n<meta name=\"twitter:card\" content=\"summary_large_image\" \/>\n<meta name=\"twitter:label1\" content=\"Gesch\u00e4tzte Lesezeit\" \/>\n\t<meta name=\"twitter:data1\" content=\"1\u00a0Minute\" \/>\n<script type=\"application\/ld+json\" class=\"yoast-schema-graph\">{\"@context\":\"https:\/\/schema.org\",\"@graph\":[{\"@type\":\"WebPage\",\"@id\":\"https:\/\/gino-ag.xtek.site\/de\/service\/\",\"url\":\"https:\/\/gino-ag.xtek.site\/de\/service\/\",\"name\":\"Service - GINO AG\",\"isPartOf\":{\"@id\":\"https:\/\/www.gino-ag.com\/de\/#website\"},\"primaryImageOfPage\":{\"@id\":\"https:\/\/gino-ag.xtek.site\/de\/service\/#primaryimage\"},\"image\":{\"@id\":\"https:\/\/gino-ag.xtek.site\/de\/service\/#primaryimage\"},\"thumbnailUrl\":\"https:\/\/www.gino-ag.com\/wp-content\/uploads\/GINO_Header_Service.jpg\",\"datePublished\":\"2018-05-25T11:50:37+00:00\",\"dateModified\":\"2022-03-15T23:38:31+00:00\",\"breadcrumb\":{\"@id\":\"https:\/\/gino-ag.xtek.site\/de\/service\/#breadcrumb\"},\"inLanguage\":\"de\",\"potentialAction\":[{\"@type\":\"ReadAction\",\"target\":[\"https:\/\/gino-ag.xtek.site\/de\/service\/\"]}]},{\"@type\":\"ImageObject\",\"inLanguage\":\"de\",\"@id\":\"https:\/\/gino-ag.xtek.site\/de\/service\/#primaryimage\",\"url\":\"https:\/\/www.gino-ag.com\/wp-content\/uploads\/GINO_Header_Service.jpg\",\"contentUrl\":\"https:\/\/www.gino-ag.com\/wp-content\/uploads\/GINO_Header_Service.jpg\",\"width\":1920,\"height\":480},{\"@type\":\"BreadcrumbList\",\"@id\":\"https:\/\/gino-ag.xtek.site\/de\/service\/#breadcrumb\",\"itemListElement\":[{\"@type\":\"ListItem\",\"position\":1,\"name\":\"Startseite\",\"item\":\"https:\/\/www.gino-ag.com\/de\/\"},{\"@type\":\"ListItem\",\"position\":2,\"name\":\"Service\"}]},{\"@type\":\"WebSite\",\"@id\":\"https:\/\/www.gino-ag.com\/de\/#website\",\"url\":\"https:\/\/www.gino-ag.com\/de\/\",\"name\":\"GINO AG\",\"description\":\"Elektrische Widerst\u00e4nde von 50 W bis 360 MW\",\"potentialAction\":[{\"@type\":\"SearchAction\",\"target\":{\"@type\":\"EntryPoint\",\"urlTemplate\":\"https:\/\/www.gino-ag.com\/de\/?s={search_term_string}\"},\"query-input\":{\"@type\":\"PropertyValueSpecification\",\"valueRequired\":true,\"valueName\":\"search_term_string\"}}],\"inLanguage\":\"de\"}]}<\/script>\n<!-- \/ Yoast SEO plugin. -->","yoast_head_json":{"title":"Service - GINO AG","robots":{"index":"index","follow":"follow","max-snippet":"max-snippet:-1","max-image-preview":"max-image-preview:large","max-video-preview":"max-video-preview:-1"},"canonical":"https:\/\/gino-ag.xtek.site\/de\/service\/","og_locale":"de_DE","og_type":"article","og_title":"Service - GINO AG","og_description":"Wartung, Inbetriebnahme, Gew\u00e4hrleistung Wir freuen uns auf Ihren Widerstand! Sie brauchen uns vor Ort?Ihre Widerst\u00e4nde m\u00fcssen instandgesetzt werden? Einfach das Kontaktformular ausf\u00fcllen und wir setzen uns mit Ihnen in Verbindung:","og_url":"https:\/\/gino-ag.xtek.site\/de\/service\/","og_site_name":"GINO AG","article_modified_time":"2022-03-15T23:38:31+00:00","og_image":[{"width":1920,"height":480,"url":"https:\/\/www.gino-ag.com\/wp-content\/uploads\/GINO_Header_Service.jpg","type":"image\/jpeg"}],"twitter_card":"summary_large_image","twitter_misc":{"Gesch\u00e4tzte Lesezeit":"1\u00a0Minute"},"schema":{"@context":"https:\/\/schema.org","@graph":[{"@type":"WebPage","@id":"https:\/\/gino-ag.xtek.site\/de\/service\/","url":"https:\/\/gino-ag.xtek.site\/de\/service\/","name":"Service - GINO AG","isPartOf":{"@id":"https:\/\/www.gino-ag.com\/de\/#website"},"primaryImageOfPage":{"@id":"https:\/\/gino-ag.xtek.site\/de\/service\/#primaryimage"},"image":{"@id":"https:\/\/gino-ag.xtek.site\/de\/service\/#primaryimage"},"thumbnailUrl":"https:\/\/www.gino-ag.com\/wp-content\/uploads\/GINO_Header_Service.jpg","datePublished":"2018-05-25T11:50:37+00:00","dateModified":"2022-03-15T23:38:31+00:00","breadcrumb":{"@id":"https:\/\/gino-ag.xtek.site\/de\/service\/#breadcrumb"},"inLanguage":"de","potentialAction":[{"@type":"ReadAction","target":["https:\/\/gino-ag.xtek.site\/de\/service\/"]}]},{"@type":"ImageObject","inLanguage":"de","@id":"https:\/\/gino-ag.xtek.site\/de\/service\/#primaryimage","url":"https:\/\/www.gino-ag.com\/wp-content\/uploads\/GINO_Header_Service.jpg","contentUrl":"https:\/\/www.gino-ag.com\/wp-content\/uploads\/GINO_Header_Service.jpg","width":1920,"height":480},{"@type":"BreadcrumbList","@id":"https:\/\/gino-ag.xtek.site\/de\/service\/#breadcrumb","itemListElement":[{"@type":"ListItem","position":1,"name":"Startseite","item":"https:\/\/www.gino-ag.com\/de\/"},{"@type":"ListItem","position":2,"name":"Service"}]},{"@type":"WebSite","@id":"https:\/\/www.gino-ag.com\/de\/#website","url":"https:\/\/www.gino-ag.com\/de\/","name":"GINO AG","description":"Elektrische Widerst\u00e4nde von 50 W bis 360 MW","potentialAction":[{"@type":"SearchAction","target":{"@type":"EntryPoint","urlTemplate":"https:\/\/www.gino-ag.com\/de\/?s={search_term_string}"},"query-input":{"@type":"PropertyValueSpecification","valueRequired":true,"valueName":"search_term_string"}}],"inLanguage":"de"}]}},"_links":{"self":[{"href":"https:\/\/gino-ag.xtek.site\/de\/wp-json\/wp\/v2\/pages\/2929","targetHints":{"allow":["GET"]}}],"collection":[{"href":"https:\/\/gino-ag.xtek.site\/de\/wp-json\/wp\/v2\/pages"}],"about":[{"href":"https:\/\/gino-ag.xtek.site\/de\/wp-json\/wp\/v2\/types\/page"}],"author":[{"embeddable":true,"href":"https:\/\/gino-ag.xtek.site\/de\/wp-json\/wp\/v2\/users\/1"}],"replies":[{"embeddable":true,"href":"https:\/\/gino-ag.xtek.site\/de\/wp-json\/wp\/v2\/comments?post=2929"}],"version-history":[{"count":5,"href":"https:\/\/gino-ag.xtek.site\/de\/wp-json\/wp\/v2\/pages\/2929\/revisions"}],"predecessor-version":[{"id":8742,"href":"https:\/\/gino-ag.xtek.site\/de\/wp-json\/wp\/v2\/pages\/2929\/revisions\/8742"}],"wp:featuredmedia":[{"embeddable":true,"href":"https:\/\/gino-ag.xtek.site\/de\/wp-json\/wp\/v2\/media\/5667"}],"wp:attachment":[{"href":"https:\/\/gino-ag.xtek.site\/de\/wp-json\/wp\/v2\/media?parent=2929"}],"curies":[{"name":"wp","href":"https:\/\/api.w.org\/{rel}","templated":true}]}}