{"id":2,"date":"2016-01-27T12:44:49","date_gmt":"2016-01-27T11:44:49","guid":{"rendered":"http:\/\/relaunch.gino.de\/?page_id=2"},"modified":"2024-02-29T09:20:00","modified_gmt":"2024-02-29T08:20:00","slug":"beispiel-seite","status":"publish","type":"page","link":"https:\/\/gino-ag.xtek.site\/de\/","title":{"rendered":"Home"},"content":{"rendered":"<div id=\"pl-2\"  class=\"panel-layout\" ><div id=\"pg-2-0\"  class=\"panel-grid panel-no-style\" ><div id=\"pgc-2-0-0\"  class=\"panel-grid-cell\" ><div id=\"panel-2-0-0-0\" class=\"so-panel widget widget_black-studio-tinymce widget_black_studio_tinymce panel-first-child panel-last-child\" data-index=\"0\" ><div class=\"uber-uns-teaser panel-widget-style panel-widget-style-for-2-0-0-0\" ><div class=\"textwidget\"><h2>\u00dcber uns<\/h2>\n<p>Die GINO AG Elektrotechnische Fabrik ist ein weltweit f\u00fchrender Hersteller von Widerst\u00e4nden f\u00fcr Industrie- und Verkehrstechnik-Anwendungen. Als klassischer Nischenproduzent mit Fertigungsst\u00e4tten in Deutschland (Bonn und Eisenach) und China (Shanghai) sowie Repr\u00e4sentanzen in \u00fcber 15 L\u00e4ndern weltweit bedient GINO namhafte Kunden mit elektrischen Widerst\u00e4nden im Leistungsbereich von 50 Watt bis 360 Megawatt.<br \/>\n\u00a0<\/p>\n<p class=\"more\"><a href=\"https:\/\/www.gino-ag.com\/unternehmen\/\">Lesen sie mehr<\/a><\/p>\n<\/div><\/div><\/div><\/div><div id=\"pgc-2-0-1\"  class=\"panel-grid-cell\" ><div id=\"panel-2-0-1-0\" class=\"so-panel widget widget_black-studio-tinymce widget_black_studio_tinymce panel-first-child panel-last-child\" data-index=\"1\" ><div class=\"top-teaser texteinzug panel-widget-style panel-widget-style-for-2-0-1-0\" ><div class=\"textwidget\"><p><a href=\"https:\/\/www.gino-ag.com\/de\/produkte\/\"><img loading=\"lazy\" decoding=\"async\" class=\"img-responsive alignnone wp-image-99 size-full\" src=\"https:\/\/www.gino-ag.com\/wp-content\/uploads\/produkt01.jpg\" alt=\"Widerst\u00e4nde\" width=\"319\" height=\"170\" \/><\/a><\/p><h2>Produkte<\/h2><p>Leistungswiderst\u00e4nde von GINO sind in allen Industriebereichen zu finden. Bei der Entwicklung, Auslegung und Fertigung von Widerst\u00e4nden greifen die Mitarbeiter von GINO auf mehr als 100 Jahre Erfahrung zur\u00fcck.<\/p><p class=\"more\"><a href=\"https:\/\/www.gino-ag.com\/de\/produkte\/\">Lesen sie mehr<\/a><\/p><\/div><\/div><\/div><\/div><div id=\"pgc-2-0-2\"  class=\"panel-grid-cell\" ><div id=\"panel-2-0-2-0\" class=\"so-panel widget widget_black-studio-tinymce widget_black_studio_tinymce panel-first-child panel-last-child\" data-index=\"2\" ><div class=\"top-teaser texteinzug panel-widget-style panel-widget-style-for-2-0-2-0\" ><div class=\"textwidget\"><p><a href=\"https:\/\/www.gino-ag.com\/de\/anwendungen\/\"><img loading=\"lazy\" decoding=\"async\" width=\"320\" height=\"170\" class=\"alignnone size-full wp-image-726 img-responsive\" src=\"https:\/\/www.gino-ag.com\/wp-content\/uploads\/GINO_Anwendungen_320x170.jpg\" alt=\"GINO Anwendungsbereiche\" \/><\/a><\/p>\n<h2>Anwendungen<\/h2>\n<p>GINO-Widerst\u00e4nde kommen in den unterschiedlichsten Anwendungsbereichen zum Einsatz.<br \/>\n &nbsp;<br \/>\n &nbsp;<br \/>\n &nbsp;\n <\/p>\n<p class=\"more\"><a href=\"https:\/\/www.gino-ag.com\/de\/anwendungen\/\">Lesen sie mehr<\/a><\/p>\n<\/div><\/div><\/div><\/div><\/div><div id=\"pg-2-1\"  class=\"panel-grid panel-no-style\" ><div id=\"pgc-2-1-0\"  class=\"panel-grid-cell\" ><div id=\"panel-2-1-0-0\" class=\"so-panel widget widget_black-studio-tinymce widget_black_studio_tinymce panel-first-child panel-last-child\" data-index=\"3\" ><div class=\"kontakt-teaser panel-widget-style panel-widget-style-for-2-1-0-0\" ><div class=\"textwidget\"><p class=\"mail-button\"><a href=\"mailto:info@gino.de\">Email senden<\/a><\/p>\n<h2>Wir planen, fertigen &amp; liefern f\u00fcr Sie<\/h2>\n<p>Kontaktieren Sie uns.<\/p>\n<\/div><\/div><\/div><\/div><\/div><\/div>","protected":false},"excerpt":{"rendered":"<p>\u00dcber uns Die GINO AG Elektrotechnische Fabrik ist ein weltweit f\u00fchrender Hersteller von Widerst\u00e4nden f\u00fcr Industrie- und Verkehrstechnik-Anwendungen. Als klassischer Nischenproduzent mit Fertigungsst\u00e4tten in Deutschland (Bonn und Eisenach) und China (Shanghai) sowie Repr\u00e4sentanzen in \u00fcber 15 L\u00e4ndern weltweit bedient GINO namhafte Kunden mit elektrischen Widerst\u00e4nden im Leistungsbereich von 50 Watt bis 360 Megawatt. \u00a0 Lesen [&hellip;]<\/p>\n","protected":false},"author":1,"featured_media":0,"parent":0,"menu_order":0,"comment_status":"closed","ping_status":"open","template":"page-start.php","meta":{"_acf_changed":false,"footnotes":""},"class_list":["post-2","page","type-page","status-publish","hentry"],"acf":[],"yoast_head":"<!-- This site is optimized with the Yoast SEO plugin v24.4 - https:\/\/yoast.com\/wordpress\/plugins\/seo\/ -->\n<title>Startseite | GINO AG Elektrotechnische Fabrik<\/title>\n<meta name=\"description\" content=\"GINO AG - weltweit f\u00fchrender Hersteller elektrischer Widerst\u00e4nde \u2705 F\u00fcr Industrie und Verkehrstechnik \u2713 Leistungsbereich 50 bis 360 Megawatt \u2713\" \/>\n<meta name=\"robots\" content=\"index, follow, max-snippet:-1, max-image-preview:large, max-video-preview:-1\" \/>\n<link rel=\"canonical\" href=\"https:\/\/gino-ag.xtek.site\/de\/\" \/>\n<meta property=\"og:locale\" content=\"de_DE\" \/>\n<meta property=\"og:type\" content=\"article\" \/>\n<meta property=\"og:title\" content=\"Startseite | GINO AG Elektrotechnische Fabrik\" \/>\n<meta property=\"og:description\" content=\"GINO AG - weltweit f\u00fchrender Hersteller elektrischer Widerst\u00e4nde \u2705 F\u00fcr Industrie und Verkehrstechnik \u2713 Leistungsbereich 50 bis 360 Megawatt \u2713\" \/>\n<meta property=\"og:url\" content=\"https:\/\/gino-ag.xtek.site\/de\/\" \/>\n<meta property=\"og:site_name\" content=\"GINO AG\" \/>\n<meta property=\"article:modified_time\" content=\"2024-02-29T08:20:00+00:00\" \/>\n<meta property=\"og:image\" content=\"https:\/\/www.gino-ag.com\/wp-content\/uploads\/produkt01.jpg\" \/>\n<meta name=\"twitter:card\" content=\"summary_large_image\" \/>\n<meta name=\"twitter:label1\" content=\"Gesch\u00e4tzte Lesezeit\" \/>\n\t<meta name=\"twitter:data1\" content=\"2\u00a0Minuten\" \/>\n<script type=\"application\/ld+json\" class=\"yoast-schema-graph\">{\"@context\":\"https:\/\/schema.org\",\"@graph\":[{\"@type\":\"WebPage\",\"@id\":\"https:\/\/gino-ag.xtek.site\/de\/\",\"url\":\"https:\/\/gino-ag.xtek.site\/de\/\",\"name\":\"Startseite | GINO AG Elektrotechnische Fabrik\",\"isPartOf\":{\"@id\":\"https:\/\/www.gino-ag.com\/de\/#website\"},\"primaryImageOfPage\":{\"@id\":\"https:\/\/gino-ag.xtek.site\/de\/#primaryimage\"},\"image\":{\"@id\":\"https:\/\/gino-ag.xtek.site\/de\/#primaryimage\"},\"thumbnailUrl\":\"https:\/\/www.gino-ag.com\/wp-content\/uploads\/produkt01.jpg\",\"datePublished\":\"2016-01-27T11:44:49+00:00\",\"dateModified\":\"2024-02-29T08:20:00+00:00\",\"description\":\"GINO AG - weltweit f\u00fchrender Hersteller elektrischer Widerst\u00e4nde \u2705 F\u00fcr Industrie und Verkehrstechnik \u2713 Leistungsbereich 50 bis 360 Megawatt \u2713\",\"breadcrumb\":{\"@id\":\"https:\/\/gino-ag.xtek.site\/de\/#breadcrumb\"},\"inLanguage\":\"de\",\"potentialAction\":[{\"@type\":\"ReadAction\",\"target\":[\"https:\/\/gino-ag.xtek.site\/de\/\"]}]},{\"@type\":\"ImageObject\",\"inLanguage\":\"de\",\"@id\":\"https:\/\/gino-ag.xtek.site\/de\/#primaryimage\",\"url\":\"https:\/\/www.gino-ag.com\/wp-content\/uploads\/produkt01.jpg\",\"contentUrl\":\"https:\/\/www.gino-ag.com\/wp-content\/uploads\/produkt01.jpg\"},{\"@type\":\"BreadcrumbList\",\"@id\":\"https:\/\/gino-ag.xtek.site\/de\/#breadcrumb\",\"itemListElement\":[{\"@type\":\"ListItem\",\"position\":1,\"name\":\"Startseite\",\"item\":\"https:\/\/www.gino-ag.com\/de\/\"},{\"@type\":\"ListItem\",\"position\":2,\"name\":\"Home\"}]},{\"@type\":\"WebSite\",\"@id\":\"https:\/\/www.gino-ag.com\/de\/#website\",\"url\":\"https:\/\/www.gino-ag.com\/de\/\",\"name\":\"GINO AG\",\"description\":\"Elektrische Widerst\u00e4nde von 50 W bis 360 MW\",\"potentialAction\":[{\"@type\":\"SearchAction\",\"target\":{\"@type\":\"EntryPoint\",\"urlTemplate\":\"https:\/\/www.gino-ag.com\/de\/?s={search_term_string}\"},\"query-input\":{\"@type\":\"PropertyValueSpecification\",\"valueRequired\":true,\"valueName\":\"search_term_string\"}}],\"inLanguage\":\"de\"}]}<\/script>\n<!-- \/ Yoast SEO plugin. -->","yoast_head_json":{"title":"Startseite | GINO AG Elektrotechnische Fabrik","description":"GINO AG - weltweit f\u00fchrender Hersteller elektrischer Widerst\u00e4nde \u2705 F\u00fcr Industrie und Verkehrstechnik \u2713 Leistungsbereich 50 bis 360 Megawatt \u2713","robots":{"index":"index","follow":"follow","max-snippet":"max-snippet:-1","max-image-preview":"max-image-preview:large","max-video-preview":"max-video-preview:-1"},"canonical":"https:\/\/gino-ag.xtek.site\/de\/","og_locale":"de_DE","og_type":"article","og_title":"Startseite | GINO AG Elektrotechnische Fabrik","og_description":"GINO AG - weltweit f\u00fchrender Hersteller elektrischer Widerst\u00e4nde \u2705 F\u00fcr Industrie und Verkehrstechnik \u2713 Leistungsbereich 50 bis 360 Megawatt \u2713","og_url":"https:\/\/gino-ag.xtek.site\/de\/","og_site_name":"GINO AG","article_modified_time":"2024-02-29T08:20:00+00:00","og_image":[{"url":"https:\/\/www.gino-ag.com\/wp-content\/uploads\/produkt01.jpg","type":"","width":"","height":""}],"twitter_card":"summary_large_image","twitter_misc":{"Gesch\u00e4tzte Lesezeit":"2\u00a0Minuten"},"schema":{"@context":"https:\/\/schema.org","@graph":[{"@type":"WebPage","@id":"https:\/\/gino-ag.xtek.site\/de\/","url":"https:\/\/gino-ag.xtek.site\/de\/","name":"Startseite | GINO AG Elektrotechnische Fabrik","isPartOf":{"@id":"https:\/\/www.gino-ag.com\/de\/#website"},"primaryImageOfPage":{"@id":"https:\/\/gino-ag.xtek.site\/de\/#primaryimage"},"image":{"@id":"https:\/\/gino-ag.xtek.site\/de\/#primaryimage"},"thumbnailUrl":"https:\/\/www.gino-ag.com\/wp-content\/uploads\/produkt01.jpg","datePublished":"2016-01-27T11:44:49+00:00","dateModified":"2024-02-29T08:20:00+00:00","description":"GINO AG - weltweit f\u00fchrender Hersteller elektrischer Widerst\u00e4nde \u2705 F\u00fcr Industrie und Verkehrstechnik \u2713 Leistungsbereich 50 bis 360 Megawatt \u2713","breadcrumb":{"@id":"https:\/\/gino-ag.xtek.site\/de\/#breadcrumb"},"inLanguage":"de","potentialAction":[{"@type":"ReadAction","target":["https:\/\/gino-ag.xtek.site\/de\/"]}]},{"@type":"ImageObject","inLanguage":"de","@id":"https:\/\/gino-ag.xtek.site\/de\/#primaryimage","url":"https:\/\/www.gino-ag.com\/wp-content\/uploads\/produkt01.jpg","contentUrl":"https:\/\/www.gino-ag.com\/wp-content\/uploads\/produkt01.jpg"},{"@type":"BreadcrumbList","@id":"https:\/\/gino-ag.xtek.site\/de\/#breadcrumb","itemListElement":[{"@type":"ListItem","position":1,"name":"Startseite","item":"https:\/\/www.gino-ag.com\/de\/"},{"@type":"ListItem","position":2,"name":"Home"}]},{"@type":"WebSite","@id":"https:\/\/www.gino-ag.com\/de\/#website","url":"https:\/\/www.gino-ag.com\/de\/","name":"GINO AG","description":"Elektrische Widerst\u00e4nde von 50 W bis 360 MW","potentialAction":[{"@type":"SearchAction","target":{"@type":"EntryPoint","urlTemplate":"https:\/\/www.gino-ag.com\/de\/?s={search_term_string}"},"query-input":{"@type":"PropertyValueSpecification","valueRequired":true,"valueName":"search_term_string"}}],"inLanguage":"de"}]}},"_links":{"self":[{"href":"https:\/\/gino-ag.xtek.site\/de\/wp-json\/wp\/v2\/pages\/2","targetHints":{"allow":["GET"]}}],"collection":[{"href":"https:\/\/gino-ag.xtek.site\/de\/wp-json\/wp\/v2\/pages"}],"about":[{"href":"https:\/\/gino-ag.xtek.site\/de\/wp-json\/wp\/v2\/types\/page"}],"author":[{"embeddable":true,"href":"https:\/\/gino-ag.xtek.site\/de\/wp-json\/wp\/v2\/users\/1"}],"replies":[{"embeddable":true,"href":"https:\/\/gino-ag.xtek.site\/de\/wp-json\/wp\/v2\/comments?post=2"}],"version-history":[{"count":11,"href":"https:\/\/gino-ag.xtek.site\/de\/wp-json\/wp\/v2\/pages\/2\/revisions"}],"predecessor-version":[{"id":10032,"href":"https:\/\/gino-ag.xtek.site\/de\/wp-json\/wp\/v2\/pages\/2\/revisions\/10032"}],"wp:attachment":[{"href":"https:\/\/gino-ag.xtek.site\/de\/wp-json\/wp\/v2\/media?parent=2"}],"curies":[{"name":"wp","href":"https:\/\/api.w.org\/{rel}","templated":true}]}}