{"id":15,"date":"2016-01-27T13:15:54","date_gmt":"2016-01-27T12:15:54","guid":{"rendered":"http:\/\/gino.xtek.hosting\/?page_id=15"},"modified":"2022-12-20T14:57:57","modified_gmt":"2022-12-20T13:57:57","slug":"karriere","status":"publish","type":"page","link":"https:\/\/gino-ag.xtek.site\/de\/karriere\/","title":{"rendered":"Karriere"},"content":{"rendered":"<div id=\"pl-15\"  class=\"panel-layout\" ><div id=\"pg-15-0\"  class=\"panel-grid panel-has-style\" ><div class=\"sidebar-row panel-row-style panel-row-style-for-15-0\" ><div id=\"pgc-15-0-0\"  class=\"panel-grid-cell\" ><div id=\"panel-15-0-0-0\" class=\"so-panel widget widget_sow-editor panel-first-child\" data-index=\"0\" ><div\n\t\t\t\n\t\t\tclass=\"so-widget-sow-editor so-widget-sow-editor-base\"\n\t\t\t\n\t\t>\n<div class=\"siteorigin-widget-tinymce textwidget\">\n\t<h1>Karriere bei GINO:<br \/>\nMit gro\u00dfen Schritten zum Ziel!<\/h1>\n<p>Im Beruf verbringt man oft mehr Zeit als zu Hause oder mit Freunden in der Freizeit. Deswegen soll die Arbeit in unserem mittelst\u00e4ndischen Unternehmen besonders viel Spa\u00df bereiten: Hier steht jeder im Mittelpunkt. Jeder erf\u00fcllt individuelle Aufgaben. Jeder ist wichtig. Das gemeinsame Ziel ist es, unseren Mitarbeitern zu erm\u00f6glichen, sich mit ihrem Potential einzubringen und das Beste aus sich herauszuholen. Gemeinsam zum Erfolg beitragen hei\u00dft, gemeinsam vom Erfolg zu profitieren.<br \/>\n&nbsp;<\/p>\n<\/div>\n<\/div><\/div><div id=\"panel-15-0-0-1\" class=\"so-panel widget widget_sow-editor\" data-index=\"1\" ><div class=\"product panel-widget-style panel-widget-style-for-15-0-0-1\" ><div\n\t\t\t\n\t\t\tclass=\"so-widget-sow-editor so-widget-sow-editor-base\"\n\t\t\t\n\t\t>\n<div class=\"siteorigin-widget-tinymce textwidget\">\n\t<p><a href=\"https:\/\/www.instagram.com\/ginoag_official\/\" target=\"_blank\" rel=\"noopener\"><img loading=\"lazy\" decoding=\"async\" class=\"alignnone size-full wp-image-6041 img-responsive\" src=\"https:\/\/www.gino-ag.com\/wp-content\/uploads\/GINO-AG_Instagram.jpg\" sizes=\"auto, (max-width: 1414px) 100vw, 1414px\" srcset=\"https:\/\/www.gino-ag.com\/wp-content\/uploads\/GINO-AG_Instagram.jpg 1414w, https:\/\/www.gino-ag.com\/wp-content\/uploads\/GINO-AG_Instagram-320x57.jpg 320w, https:\/\/www.gino-ag.com\/wp-content\/uploads\/GINO-AG_Instagram-1024x181.jpg 1024w\" alt=\"\" width=\"1414\" height=\"250\" \/><\/a><\/p>\n<p>Sie wollen mehr \u00fcber den Alltag der GINO AG erfahren?<br \/>\nWas unsere Kunden und uns bewegt?<br \/>\nWie unser Arbeitsalltag aussieht oder wer bei uns arbeitet?<br \/>\nUnd nat\u00fcrlich was es Neues gibt?<\/p>\n<p><a href=\"https:\/\/www.instagram.com\/ginoag_official\/\" target=\"_blank\" rel=\"noopener\"><img loading=\"lazy\" decoding=\"async\" class=\"size-full wp-image-6069 img-responsive alignleft\" style=\"position: relative; top: -12px;\" src=\"https:\/\/www.gino-ag.com\/wp-content\/uploads\/Logo_Instagram_40x40.png\" alt=\"\" width=\"40\" height=\"40\" \/>Einfach auf Instagram vorbeischauen \u00bb<\/a><\/p>\n<\/div>\n<\/div><\/div><\/div><div id=\"panel-15-0-0-2\" class=\"so-panel widget widget_siteorigin-panels-builder panel-last-child\" data-index=\"2\" ><div id=\"pl-w63a1bf650b9bb\"  class=\"panel-layout\" ><div id=\"pg-w63a1bf650b9bb-0\"  class=\"panel-grid panel-no-style\" ><div id=\"pgc-w63a1bf650b9bb-0-0\"  class=\"panel-grid-cell\" ><div id=\"panel-w63a1bf650b9bb-0-0-0\" class=\"so-panel widget widget_sow-editor panel-first-child panel-last-child\" data-index=\"0\" ><div class=\"product panel-widget-style panel-widget-style-for-w63a1bf650b9bb-0-0-0\" ><div\n\t\t\t\n\t\t\tclass=\"so-widget-sow-editor so-widget-sow-editor-base\"\n\t\t\t\n\t\t>\n<div class=\"siteorigin-widget-tinymce textwidget\">\n\t<p><a href=\"https:\/\/www.gino-ag.com\/de\/karriere\/berufserfahrene\/\"><img loading=\"lazy\" decoding=\"async\" class=\"img-responsive alignnone wp-image-920 size-full\" src=\"https:\/\/www.gino-ag.com\/wp-content\/uploads\/GINO_Karriere_Direkteinstieg_320x170.jpg\" alt=\"GINO Karriere Direkteinstieg\" width=\"320\" height=\"170\" \/><\/a><\/p>\n<h2>Berufserfahrene<\/h2>\n<p class=\"more\"><a href=\"https:\/\/www.gino-ag.com\/de\/karriere\/berufserfahrene\/\">N\u00c4CHSTER STOP: KARRIERE \u00bb<\/a><\/p>\n<\/div>\n<\/div><\/div><\/div><\/div><div id=\"pgc-w63a1bf650b9bb-0-1\"  class=\"panel-grid-cell\" ><div id=\"panel-w63a1bf650b9bb-0-1-0\" class=\"so-panel widget widget_sow-editor panel-first-child panel-last-child\" data-index=\"1\" ><div class=\"product panel-widget-style panel-widget-style-for-w63a1bf650b9bb-0-1-0\" ><div\n\t\t\t\n\t\t\tclass=\"so-widget-sow-editor so-widget-sow-editor-base\"\n\t\t\t\n\t\t>\n<div class=\"siteorigin-widget-tinymce textwidget\">\n\t<p><a href=\"https:\/\/www.gino-ag.com\/de\/karriere\/studium-absolventen\/\"><img loading=\"lazy\" decoding=\"async\" class=\"img-responsive alignnone wp-image-940 size-full\" src=\"https:\/\/www.gino-ag.com\/wp-content\/uploads\/GINO_Karriere_Studium_320x170.jpg\" alt=\"GINO Karriere Studium\" width=\"320\" height=\"170\" \/><\/a><\/p>\n<h2>Studium &amp; frisch von der Uni<\/h2>\n<p class=\"more\"><a href=\"https:\/\/www.gino-ag.com\/de\/karriere\/studium-absolventen\/\">JETZT DURCHSTARTEN\u00bb<\/a><\/p>\n<\/div>\n<\/div><\/div><\/div><\/div><\/div><div id=\"pg-w63a1bf650b9bb-1\"  class=\"panel-grid panel-no-style\" ><div id=\"pgc-w63a1bf650b9bb-1-0\"  class=\"panel-grid-cell\" ><div id=\"panel-w63a1bf650b9bb-1-0-0\" class=\"so-panel widget widget_sow-editor panel-first-child panel-last-child\" data-index=\"2\" ><div class=\"product panel-widget-style panel-widget-style-for-w63a1bf650b9bb-1-0-0\" ><div\n\t\t\t\n\t\t\tclass=\"so-widget-sow-editor so-widget-sow-editor-base\"\n\t\t\t\n\t\t>\n<div class=\"siteorigin-widget-tinymce textwidget\">\n\t<p><img loading=\"lazy\" decoding=\"async\" class=\"img-responsive alignnone wp-image-9465 size-thumbnail\" src=\"https:\/\/www.gino-ag.com\/wp-content\/uploads\/GINO_Web-17-320x213.jpg\" alt=\"\" width=\"320\" height=\"213\" srcset=\"https:\/\/www.gino-ag.com\/wp-content\/uploads\/GINO_Web-17-320x213.jpg 320w, https:\/\/www.gino-ag.com\/wp-content\/uploads\/GINO_Web-17-255x170.jpg 255w, https:\/\/www.gino-ag.com\/wp-content\/uploads\/GINO_Web-17-1024x683.jpg 1024w, https:\/\/www.gino-ag.com\/wp-content\/uploads\/GINO_Web-17-1536x1024.jpg 1536w, https:\/\/www.gino-ag.com\/wp-content\/uploads\/GINO_Web-17-272x182.jpg 272w, https:\/\/www.gino-ag.com\/wp-content\/uploads\/GINO_Web-17.jpg 2048w\" sizes=\"auto, (max-width: 320px) 100vw, 320px\" \/><\/p>\n<h2>Berufsausbildung<\/h2>\n<p class=\"more\"><a href=\"https:\/\/www.gino-ag.com\/de\/karriere\/berufsausbildung\/\">JETZT EINSTEIGEN\u00bb<\/a><\/p>\n<\/div>\n<\/div><\/div><\/div><\/div><div id=\"pgc-w63a1bf650b9bb-1-1\"  class=\"panel-grid-cell\" ><div id=\"panel-w63a1bf650b9bb-1-1-0\" class=\"so-panel widget widget_sow-editor panel-first-child panel-last-child\" data-index=\"3\" ><div class=\"product panel-widget-style panel-widget-style-for-w63a1bf650b9bb-1-1-0\" ><div\n\t\t\t\n\t\t\tclass=\"so-widget-sow-editor so-widget-sow-editor-base\"\n\t\t\t\n\t\t>\n<div class=\"siteorigin-widget-tinymce textwidget\">\n\t<p><a href=\"https:\/\/www.gino-ag.com\/de\/karriere\/praktikum\/\"><img loading=\"lazy\" decoding=\"async\" class=\"alignnone size-full wp-image-943 img-responsive\" src=\"https:\/\/www.gino-ag.com\/wp-content\/uploads\/GINO_Karriere_Praktikum_320x170.jpg\" alt=\"GINO Karriere Praktikum\" width=\"320\" height=\"170\" \/><\/a><\/p>\n<h2>Praktikum<\/h2>\n<p class=\"more\"><a href=\"https:\/\/www.gino-ag.com\/de\/karriere\/praktikum\/\">REINSCHNUPPERN \u00bb<\/a><\/p>\n<\/div>\n<\/div><\/div><\/div><\/div><\/div><div id=\"pg-w63a1bf650b9bb-2\"  class=\"panel-grid panel-no-style\" ><div id=\"pgc-w63a1bf650b9bb-2-0\"  class=\"panel-grid-cell panel-grid-cell-mobile-last\" ><div id=\"panel-w63a1bf650b9bb-2-0-0\" class=\"so-panel widget widget_sow-editor panel-first-child panel-last-child\" data-index=\"4\" ><div class=\"product panel-widget-style panel-widget-style-for-w63a1bf650b9bb-2-0-0\" ><div\n\t\t\t\n\t\t\tclass=\"so-widget-sow-editor so-widget-sow-editor-base\"\n\t\t\t\n\t\t>\n<div class=\"siteorigin-widget-tinymce textwidget\">\n\t<p><a href=\"https:\/\/www.gino-ag.com\/de\/karriere\/jobboerse\/\"><img decoding=\"async\" class=\"alignnone size-thumbnail wp-image-1721 img-responsive\" src=\"https:\/\/www.gino-ag.com\/wp-content\/uploads\/GINO_Karriere_Jobboerse_320x170-320x170.jpg\" alt=\"GINO Karriere Jobb\u00f6rse\" \/><\/a><\/p>\n<h2>Jobb\u00f6rse<\/h2>\n<p class=\"more\"><a href=\"https:\/\/www.gino-ag.com\/de\/karriere\/jobboerse\/\">JETZT TRAUMJOB FINDEN \u00bb<\/a><\/p>\n<\/div>\n<\/div><\/div><\/div><\/div><div id=\"pgc-w63a1bf650b9bb-2-1\"  class=\"panel-grid-cell panel-grid-cell-empty\" ><\/div><\/div><\/div><\/div><\/div><div id=\"pgc-15-0-1\"  class=\"panel-grid-cell\" ><div id=\"panel-15-0-1-0\" class=\"so-panel widget widget_nav_menu panel-first-child panel-last-child\" data-index=\"3\" ><div class=\"sidebar panel-widget-style panel-widget-style-for-15-0-1-0\" ><div class=\"menu-submenu-karriere-container\"><ul id=\"menu-submenu-karriere\" class=\"menu\"><li id=\"menu-item-5378\" class=\"menu-item menu-item-type-post_type menu-item-object-page menu-item-5378\"><a href=\"https:\/\/gino-ag.xtek.site\/de\/karriere\/berufserfahrene\/\">Berufserfahrene<\/a><\/li>\n<li id=\"menu-item-5381\" class=\"menu-item menu-item-type-post_type menu-item-object-page menu-item-5381\"><a href=\"https:\/\/gino-ag.xtek.site\/de\/karriere\/studium-absolventen\/\">Studium und Absolventen<\/a><\/li>\n<li id=\"menu-item-5377\" class=\"menu-item menu-item-type-post_type menu-item-object-page menu-item-5377\"><a href=\"https:\/\/gino-ag.xtek.site\/de\/karriere\/berufsausbildung\/\">Berufsausbildung<\/a><\/li>\n<li id=\"menu-item-6027\" class=\"menu-item menu-item-type-post_type menu-item-object-page menu-item-6027\"><a href=\"https:\/\/gino-ag.xtek.site\/de\/karriere\/praktikum\/\">Praktikum<\/a><\/li>\n<li id=\"menu-item-6252\" class=\"menu-item menu-item-type-post_type menu-item-object-page menu-item-6252\"><a href=\"https:\/\/gino-ag.xtek.site\/de\/karriere\/jobboerse\/\">Jobb\u00f6rse<\/a><\/li>\n<\/ul><\/div><\/div><\/div><\/div><\/div><\/div><div id=\"pg-15-1\"  class=\"panel-grid panel-no-style\" ><div id=\"pgc-15-1-0\"  class=\"panel-grid-cell\" ><div id=\"panel-15-1-0-0\" class=\"so-panel widget widget_sow-editor panel-first-child panel-last-child\" data-index=\"4\" ><div\n\t\t\t\n\t\t\tclass=\"so-widget-sow-editor so-widget-sow-editor-base\"\n\t\t\t\n\t\t>\n<div class=\"siteorigin-widget-tinymce textwidget\">\n\t<\/div>\n<\/div><\/div><\/div><\/div><\/div>","protected":false},"excerpt":{"rendered":"<p>Karriere bei GINO: Mit gro\u00dfen Schritten zum Ziel! Im Beruf verbringt man oft mehr Zeit als zu Hause oder mit Freunden in der Freizeit. Deswegen soll die Arbeit in unserem mittelst\u00e4ndischen Unternehmen besonders viel Spa\u00df bereiten: Hier steht jeder im Mittelpunkt. Jeder erf\u00fcllt individuelle Aufgaben. Jeder ist wichtig. Das gemeinsame Ziel ist es, unseren Mitarbeitern [&hellip;]<\/p>\n","protected":false},"author":1,"featured_media":5649,"parent":0,"menu_order":0,"comment_status":"closed","ping_status":"closed","template":"","meta":{"_acf_changed":false,"footnotes":""},"class_list":["post-15","page","type-page","status-publish","has-post-thumbnail","hentry"],"acf":[],"yoast_head":"<!-- This site is optimized with the Yoast SEO plugin v24.4 - https:\/\/yoast.com\/wordpress\/plugins\/seo\/ -->\n<title>Karriere - GINO AG<\/title>\n<meta name=\"description\" content=\"Jobs in der Elektrotechnik - machen Sie Karriere bei GINO - in Bonn oder Eisenach. Mit gro\u00dfen Schritten zum Ziel! Mit einem zuverl\u00e4ssigen Arbeitgeber in die Zukunft\" \/>\n<meta name=\"robots\" content=\"index, follow, max-snippet:-1, max-image-preview:large, max-video-preview:-1\" \/>\n<link rel=\"canonical\" href=\"https:\/\/gino-ag.xtek.site\/de\/karriere\/\" \/>\n<meta property=\"og:locale\" content=\"de_DE\" \/>\n<meta property=\"og:type\" content=\"article\" \/>\n<meta property=\"og:title\" content=\"Karriere - GINO AG\" \/>\n<meta property=\"og:description\" content=\"Jobs in der Elektrotechnik - machen Sie Karriere bei GINO - in Bonn oder Eisenach. Mit gro\u00dfen Schritten zum Ziel! Mit einem zuverl\u00e4ssigen Arbeitgeber in die Zukunft\" \/>\n<meta property=\"og:url\" content=\"https:\/\/gino-ag.xtek.site\/de\/karriere\/\" \/>\n<meta property=\"og:site_name\" content=\"GINO AG\" \/>\n<meta property=\"article:modified_time\" content=\"2022-12-20T13:57:57+00:00\" \/>\n<meta property=\"og:image\" content=\"https:\/\/www.gino-ag.com\/wp-content\/uploads\/GINO_Header_Karriere.jpg\" \/>\n\t<meta property=\"og:image:width\" content=\"1920\" \/>\n\t<meta property=\"og:image:height\" content=\"480\" \/>\n\t<meta property=\"og:image:type\" content=\"image\/jpeg\" \/>\n<meta name=\"twitter:card\" content=\"summary_large_image\" \/>\n<meta name=\"twitter:label1\" content=\"Gesch\u00e4tzte Lesezeit\" \/>\n\t<meta name=\"twitter:data1\" content=\"3\u00a0Minuten\" \/>\n<script type=\"application\/ld+json\" class=\"yoast-schema-graph\">{\"@context\":\"https:\/\/schema.org\",\"@graph\":[{\"@type\":\"WebPage\",\"@id\":\"https:\/\/gino-ag.xtek.site\/de\/karriere\/\",\"url\":\"https:\/\/gino-ag.xtek.site\/de\/karriere\/\",\"name\":\"Karriere - GINO AG\",\"isPartOf\":{\"@id\":\"https:\/\/www.gino-ag.com\/de\/#website\"},\"primaryImageOfPage\":{\"@id\":\"https:\/\/gino-ag.xtek.site\/de\/karriere\/#primaryimage\"},\"image\":{\"@id\":\"https:\/\/gino-ag.xtek.site\/de\/karriere\/#primaryimage\"},\"thumbnailUrl\":\"https:\/\/www.gino-ag.com\/wp-content\/uploads\/GINO_Header_Karriere.jpg\",\"datePublished\":\"2016-01-27T12:15:54+00:00\",\"dateModified\":\"2022-12-20T13:57:57+00:00\",\"description\":\"Jobs in der Elektrotechnik - machen Sie Karriere bei GINO - in Bonn oder Eisenach. Mit gro\u00dfen Schritten zum Ziel! Mit einem zuverl\u00e4ssigen Arbeitgeber in die Zukunft\",\"breadcrumb\":{\"@id\":\"https:\/\/gino-ag.xtek.site\/de\/karriere\/#breadcrumb\"},\"inLanguage\":\"de\",\"potentialAction\":[{\"@type\":\"ReadAction\",\"target\":[\"https:\/\/gino-ag.xtek.site\/de\/karriere\/\"]}]},{\"@type\":\"ImageObject\",\"inLanguage\":\"de\",\"@id\":\"https:\/\/gino-ag.xtek.site\/de\/karriere\/#primaryimage\",\"url\":\"https:\/\/www.gino-ag.com\/wp-content\/uploads\/GINO_Header_Karriere.jpg\",\"contentUrl\":\"https:\/\/www.gino-ag.com\/wp-content\/uploads\/GINO_Header_Karriere.jpg\",\"width\":1920,\"height\":480},{\"@type\":\"BreadcrumbList\",\"@id\":\"https:\/\/gino-ag.xtek.site\/de\/karriere\/#breadcrumb\",\"itemListElement\":[{\"@type\":\"ListItem\",\"position\":1,\"name\":\"Startseite\",\"item\":\"https:\/\/www.gino-ag.com\/de\/\"},{\"@type\":\"ListItem\",\"position\":2,\"name\":\"Karriere\"}]},{\"@type\":\"WebSite\",\"@id\":\"https:\/\/www.gino-ag.com\/de\/#website\",\"url\":\"https:\/\/www.gino-ag.com\/de\/\",\"name\":\"GINO AG\",\"description\":\"Elektrische Widerst\u00e4nde von 50 W bis 360 MW\",\"potentialAction\":[{\"@type\":\"SearchAction\",\"target\":{\"@type\":\"EntryPoint\",\"urlTemplate\":\"https:\/\/www.gino-ag.com\/de\/?s={search_term_string}\"},\"query-input\":{\"@type\":\"PropertyValueSpecification\",\"valueRequired\":true,\"valueName\":\"search_term_string\"}}],\"inLanguage\":\"de\"}]}<\/script>\n<!-- \/ Yoast SEO plugin. -->","yoast_head_json":{"title":"Karriere - GINO AG","description":"Jobs in der Elektrotechnik - machen Sie Karriere bei GINO - in Bonn oder Eisenach. Mit gro\u00dfen Schritten zum Ziel! Mit einem zuverl\u00e4ssigen Arbeitgeber in die Zukunft","robots":{"index":"index","follow":"follow","max-snippet":"max-snippet:-1","max-image-preview":"max-image-preview:large","max-video-preview":"max-video-preview:-1"},"canonical":"https:\/\/gino-ag.xtek.site\/de\/karriere\/","og_locale":"de_DE","og_type":"article","og_title":"Karriere - GINO AG","og_description":"Jobs in der Elektrotechnik - machen Sie Karriere bei GINO - in Bonn oder Eisenach. Mit gro\u00dfen Schritten zum Ziel! Mit einem zuverl\u00e4ssigen Arbeitgeber in die Zukunft","og_url":"https:\/\/gino-ag.xtek.site\/de\/karriere\/","og_site_name":"GINO AG","article_modified_time":"2022-12-20T13:57:57+00:00","og_image":[{"width":1920,"height":480,"url":"https:\/\/www.gino-ag.com\/wp-content\/uploads\/GINO_Header_Karriere.jpg","type":"image\/jpeg"}],"twitter_card":"summary_large_image","twitter_misc":{"Gesch\u00e4tzte Lesezeit":"3\u00a0Minuten"},"schema":{"@context":"https:\/\/schema.org","@graph":[{"@type":"WebPage","@id":"https:\/\/gino-ag.xtek.site\/de\/karriere\/","url":"https:\/\/gino-ag.xtek.site\/de\/karriere\/","name":"Karriere - GINO AG","isPartOf":{"@id":"https:\/\/www.gino-ag.com\/de\/#website"},"primaryImageOfPage":{"@id":"https:\/\/gino-ag.xtek.site\/de\/karriere\/#primaryimage"},"image":{"@id":"https:\/\/gino-ag.xtek.site\/de\/karriere\/#primaryimage"},"thumbnailUrl":"https:\/\/www.gino-ag.com\/wp-content\/uploads\/GINO_Header_Karriere.jpg","datePublished":"2016-01-27T12:15:54+00:00","dateModified":"2022-12-20T13:57:57+00:00","description":"Jobs in der Elektrotechnik - machen Sie Karriere bei GINO - in Bonn oder Eisenach. Mit gro\u00dfen Schritten zum Ziel! Mit einem zuverl\u00e4ssigen Arbeitgeber in die Zukunft","breadcrumb":{"@id":"https:\/\/gino-ag.xtek.site\/de\/karriere\/#breadcrumb"},"inLanguage":"de","potentialAction":[{"@type":"ReadAction","target":["https:\/\/gino-ag.xtek.site\/de\/karriere\/"]}]},{"@type":"ImageObject","inLanguage":"de","@id":"https:\/\/gino-ag.xtek.site\/de\/karriere\/#primaryimage","url":"https:\/\/www.gino-ag.com\/wp-content\/uploads\/GINO_Header_Karriere.jpg","contentUrl":"https:\/\/www.gino-ag.com\/wp-content\/uploads\/GINO_Header_Karriere.jpg","width":1920,"height":480},{"@type":"BreadcrumbList","@id":"https:\/\/gino-ag.xtek.site\/de\/karriere\/#breadcrumb","itemListElement":[{"@type":"ListItem","position":1,"name":"Startseite","item":"https:\/\/www.gino-ag.com\/de\/"},{"@type":"ListItem","position":2,"name":"Karriere"}]},{"@type":"WebSite","@id":"https:\/\/www.gino-ag.com\/de\/#website","url":"https:\/\/www.gino-ag.com\/de\/","name":"GINO AG","description":"Elektrische Widerst\u00e4nde von 50 W bis 360 MW","potentialAction":[{"@type":"SearchAction","target":{"@type":"EntryPoint","urlTemplate":"https:\/\/www.gino-ag.com\/de\/?s={search_term_string}"},"query-input":{"@type":"PropertyValueSpecification","valueRequired":true,"valueName":"search_term_string"}}],"inLanguage":"de"}]}},"_links":{"self":[{"href":"https:\/\/gino-ag.xtek.site\/de\/wp-json\/wp\/v2\/pages\/15","targetHints":{"allow":["GET"]}}],"collection":[{"href":"https:\/\/gino-ag.xtek.site\/de\/wp-json\/wp\/v2\/pages"}],"about":[{"href":"https:\/\/gino-ag.xtek.site\/de\/wp-json\/wp\/v2\/types\/page"}],"author":[{"embeddable":true,"href":"https:\/\/gino-ag.xtek.site\/de\/wp-json\/wp\/v2\/users\/1"}],"replies":[{"embeddable":true,"href":"https:\/\/gino-ag.xtek.site\/de\/wp-json\/wp\/v2\/comments?post=15"}],"version-history":[{"count":20,"href":"https:\/\/gino-ag.xtek.site\/de\/wp-json\/wp\/v2\/pages\/15\/revisions"}],"predecessor-version":[{"id":9468,"href":"https:\/\/gino-ag.xtek.site\/de\/wp-json\/wp\/v2\/pages\/15\/revisions\/9468"}],"wp:featuredmedia":[{"embeddable":true,"href":"https:\/\/gino-ag.xtek.site\/de\/wp-json\/wp\/v2\/media\/5649"}],"wp:attachment":[{"href":"https:\/\/gino-ag.xtek.site\/de\/wp-json\/wp\/v2\/media?parent=15"}],"curies":[{"name":"wp","href":"https:\/\/api.w.org\/{rel}","templated":true}]}}