{"id":1312,"date":"2016-06-21T14:15:21","date_gmt":"2016-06-21T12:15:21","guid":{"rendered":"http:\/\/gino.xtek.hosting\/?page_id=1312"},"modified":"2020-11-27T21:36:29","modified_gmt":"2020-11-27T20:36:29","slug":"anfahrt-eisenach","status":"publish","type":"page","link":"https:\/\/gino-ag.xtek.site\/de\/kontakt\/anfahrt-eisenach\/","title":{"rendered":"Anfahrt Eisenach"},"content":{"rendered":"<div id=\"pl-1312\"  class=\"panel-layout\" ><div id=\"pg-1312-0\"  class=\"panel-grid panel-has-style\" ><div class=\"abstand-header panel-row-style panel-row-style-for-1312-0\" ><div id=\"pgc-1312-0-0\"  class=\"panel-grid-cell\" ><div id=\"panel-1312-0-0-0\" class=\"so-panel widget widget_black-studio-tinymce widget_black_studio_tinymce panel-first-child\" data-index=\"0\" ><div class=\"textwidget\"><p><span class=\"code-example\"><div class=\"BorlabsCookie _brlbs-cb-googlemaps\"><div class=\"_brlbs-content-blocker\"> <div class=\"_brlbs-embed _brlbs-google-maps\"> <img decoding=\"async\" class=\"_brlbs-thumbnail\" src=\"https:\/\/www.gino-ag.com\/wp-content\/plugins\/borlabs-cookie\/assets\/images\/cb-maps.png\" alt=\"Google Maps\"> <div class=\"_brlbs-caption\"> <p>Mit dem Laden der Karte akzeptieren Sie die Datenschutzerkl\u00e4rung von Google.<br><a href=\"https:\/\/policies.google.com\/privacy\" target=\"_blank\" rel=\"nofollow noopener noreferrer\">Mehr erfahren<\/a><\/p> <p><a class=\"_brlbs-btn\" href=\"#\" data-borlabs-cookie-unblock role=\"button\">Karte laden<\/a><\/p> <p><label><input type=\"checkbox\" name=\"unblockAll\" value=\"1\" checked> <small>Google Maps immer entsperren<\/small><\/label><\/p> <\/div> <\/div> <\/div><div class=\"borlabs-hide\" data-borlabs-cookie-type=\"content-blocker\" data-borlabs-cookie-id=\"googlemaps\"><script type=\"text\/template\">PHN0eWxlPi5nbS1zdHlsZS1pdyB7IGxpbmUtaGVpZ2h0OiBpbmhlcml0ICFpbXBvcnRhbnQ7fTwvc3R5bGU+PGRpdiBjbGFzcz0id3BnbXBfbWFwX2NvbnRhaW5lciB3cGdtcC1tYXAtNCIgcmVsPSJtYXA0IiBkYXRhLXBsdWdpbi12ZXJzaW9uPSI0LjYuOSI+PGRpdiBjbGFzcz0id3BnbXBfbWFwX3BhcmVudCI+PGRpdiBjbGFzcz0id3BnbXBfbWFwICIgc3R5bGU9IndpZHRoOjEwMCU7IGhlaWdodDo1MDBweDsiIGlkPSJtYXA0IiBkYXRhLW1hcC1pZD0iNCI+PC9kaXY+PC9kaXY+PC9kaXY+PHNjcmlwdCBpZD0ic2NyaXB0LW1hcC1kYXRhLTQiPmpRdWVyeShkb2N1bWVudCkucmVhZHkoZnVuY3Rpb24oJCl7IHdpbmRvdy53cGdtcCA9IHdpbmRvdy53cGdtcCB8fCB7fTsgd2luZG93LndwZ21wLm1hcGRhdGE0ID0gImV5SnRZWEJmYjNCMGFXOXVjeUk2ZXlKalpXNTBaWEpmYkdGMElqb2lOVEF1T1RjNE9UYzBOams1T1RrNU9Ua2lMQ0pqWlc1MFpYSmZiRzVuSWpvaU1UQXVNek01TkRBME55SXNJbnB2YjIwaU9qVXNJbTFoY0Y5MGVYQmxYMmxrSWpvaVNGbENVa2xFSWl3aVptbDBYMkp2ZFc1a2N5STZabUZzYzJVc0ltUnlZV2RuWVdKc1pTSTZkSEoxWlN3aWMyTnliMnhzWDNkb1pXVnNJanAwY25WbExDSmthWE53YkdGNVh6UTFYMmx0WVdkbGNua2lPaUlpTENKdFlYSnJaWEpmWkdWbVlYVnNkRjlwWTI5dUlqb2lhSFIwY0hNNlhDOWNMM2QzZHk1bmFXNXZMV0ZuTG1OdmJWd3ZkM0F0WTI5dWRHVnVkRnd2ZFhCc2IyRmtjMXd2UjBsT1QxOU5ZWEpyWlhJdWNHNW5JaXdpYVc1bWIzZHBibVJ2ZDE5elpYUjBhVzVuSWpvaUlpd2lhVzVtYjNkcGJtUnZkMTlpYjNWdVkyVmZZVzVwYldGMGFXOXVJam9pSWl3aWFXNW1iM2RwYm1SdmQxOWtjbTl3WDJGdWFXMWhkR2x2YmlJNlptRnNjMlVzSW1Oc2IzTmxYMmx1Wm05M2FXNWtiM2RmYjI1ZmJXRndYMk5zYVdOcklqcG1ZV3h6WlN3aWFXNW1iM2RwYm1SdmQxOXphMmx1SWpvaUlpd2laR1ZtWVhWc2RGOXBibVp2ZDJsdVpHOTNYMjl3Wlc0aU9tWmhiSE5sTENKcGJtWnZkMmx1Wkc5M1gyOXdaVzVmWlhabGJuUWlPaUpqYkdsamF5SXNJbVoxYkd4ZmMyTnlaV1Z1WDJOdmJuUnliMndpT25SeWRXVXNJbk5sWVhKamFGOWpiMjUwY205c0lqcDBjblZsTENKNmIyOXRYMk52Ym5SeWIyd2lPblJ5ZFdVc0ltMWhjRjkwZVhCbFgyTnZiblJ5YjJ3aU9uUnlkV1VzSW5OMGNtVmxkRjkyYVdWM1gyTnZiblJ5YjJ3aU9uUnlkV1VzSW1aMWJHeGZjMk55WldWdVgyTnZiblJ5YjJ4ZmNHOXphWFJwYjI0aU9pSlVUMUJmVEVWR1ZDSXNJbk5sWVhKamFGOWpiMjUwY205c1gzQnZjMmwwYVc5dUlqb2lWRTlRWDB4RlJsUWlMQ0o2YjI5dFgyTnZiblJ5YjJ4ZmNHOXphWFJwYjI0aU9pSlVUMUJmVEVWR1ZDSXNJbTFoY0Y5MGVYQmxYMk52Ym5SeWIyeGZjRzl6YVhScGIyNGlPaUpVVDFCZlRFVkdWQ0lzSW0xaGNGOTBlWEJsWDJOdmJuUnliMnhmYzNSNWJHVWlPaUpJVDFKSldrOU9WRUZNWDBKQlVpSXNJbk4wY21WbGRGOTJhV1YzWDJOdmJuUnliMnhmY0c5emFYUnBiMjRpT2lKVVQxQmZURVZHVkNJc0ltMWhjRjlqYjI1MGNtOXNJanAwY25WbExDSnRZWEJmWTI5dWRISnZiRjl6WlhSMGFXNW5jeUk2Wm1Gc2MyVXNJbTFoY0Y5NmIyOXRYMkZtZEdWeVgzTmxZWEpqYUNJNk5pd2lkMmxrZEdnaU9pSWlMQ0pvWldsbmFIUWlPaUkxTURBaWZTd2ljR3hoWTJWeklqcGJleUpwWkNJNklqTTRJaXdpZEdsMGJHVWlPaUpCYm1aaGFISjBJRVZwYzJWdVlXTm9JaXdpWVdSa2NtVnpjeUk2SWtobGFXNXlhV05vYzNSeVlWeDFNREJrWm1VZ05EY3NJRGs1T0RFM0lFVnBjMlZ1WVdOb0xDQkVaWFYwYzJOb2JHRnVaQ0lzSW5OdmRYSmpaU0k2SW0xaGJuVmhiQ0lzSW1OdmJuUmxiblFpT2lJOFlqNUhTVTVQSUVGSFBGd3ZZajQ4WW5JK1hISmNiazVwWldSbGNteGhjM04xYm1jZ1JXbHpaVzVoWTJnOFluSStYSEpjYmtobGFXNXlhV05vYzNSeVlWeDFNREJrWm1VZ05EYzhZbkkrWEhKY2JrUWdPVGs0TVRjZ1JXbHpaVzVoWTJnOFluSStYSEpjYmxSbGJDNDZJQ3MwT1NBb01Da2dNelk1TVNBM056Y3RNRHhpY2o1Y2NseHVSVzFoYVd3NklEeGhJR2h5WldZOVhDSnRZV2xzZEc4NmFXNW1iMEJuYVc1dkxtUmxYQ0krYVc1bWIwQm5hVzV2TG1SbFBGd3ZZVDRpTENKc2IyTmhkR2x2YmlJNmV5SnBZMjl1SWpvaWFIUjBjSE02WEM5Y0wzZDNkeTVuYVc1dkxXRm5MbU52YlZ3dmQzQXRZMjl1ZEdWdWRGd3ZkWEJzYjJGa2Mxd3ZSMGxPVDE5TllYSnJaWEl1Y0c1bklpd2liR0YwSWpvaU5UQXVPVGM0T1RjME5qazVPVGs1T1RraUxDSnNibWNpT2lJeE1DNHpNemswTURRM0lpd2lZMmwwZVNJNklrVnBjMlZ1WVdOb0lpd2ljM1JoZEdVaU9pSlVhRngxTURCbVkzSnBibWRsYmlJc0ltTnZkVzUwY25raU9pSkhaWEp0WVc1NUlpd2liMjVqYkdsamExOWhZM1JwYjI0aU9pSnRZWEpyWlhJaUxDSnlaV1JwY21WamRGOWpkWE4wYjIxZmJHbHVheUk2SWlJc0ltMWhjbXRsY2w5cGJXRm5aU0k2SWlJc0ltOXdaVzVmYm1WM1gzUmhZaUk2SW5sbGN5SXNJbkJ2YzNSaGJGOWpiMlJsSWpvaUlpd2laSEpoWjJkaFlteGxJanBtWVd4elpTd2lhVzVtYjNkcGJtUnZkMTlrWldaaGRXeDBYMjl3Wlc0aU9tWmhiSE5sTENKaGJtbHRZWFJwYjI0aU9pSkNUMVZPUTBVaUxDSnBibVp2ZDJsdVpHOTNYMlJwYzJGaWJHVWlPblJ5ZFdVc0lucHZiMjBpT2pVc0ltVjRkSEpoWDJacFpXeGtjeUk2SWlKOUxDSmpZWFJsWjI5eWFXVnpJanBiZXlKcFpDSTZJaUlzSW01aGJXVWlPaUlpTENKMGVYQmxJam9pWTJGMFpXZHZjbmtpTENKbGVIUmxibk5wYjI1ZlptbGxiR1J6SWpwYlhTd2lhV052YmlJNkltaDBkSEJ6T2x3dlhDOTNkM2N1WjJsdWJ5MWhaeTVqYjIxY0wzZHdMV052Ym5SbGJuUmNMM1Z3Ykc5aFpITmNMMGRKVGs5ZlRXRnlhMlZ5TG5CdVp5SjlYU3dpWTNWemRHOXRYMlpwYkhSbGNuTWlPaUlpZlYwc0luTjBlV3hsY3lJNklpSXNJbXhwYzNScGJtY2lPaUlpTENKdFlYSnJaWEpmWTJ4MWMzUmxjaUk2SWlJc0ltMWhjRjl3Y205d1pYSjBlU0k2ZXlKdFlYQmZhV1FpT2lJMElpd2laR1ZpZFdkZmJXOWtaU0k2Wm1Gc2MyVjlmUT09IjsgfSk7PC9zY3JpcHQ+<\/script><\/div><\/div><\/span><\/p>\n<\/div><\/div><div id=\"panel-1312-0-0-1\" class=\"so-panel widget widget_black-studio-tinymce widget_black_studio_tinymce\" data-index=\"1\" ><div class=\"textwidget\"><h2>Aus s\u00fcd-westlicher Richtung:<\/h2>\n<p>Aus Frankfurt Richtung Kassel Autobahn A5 bis zum Hattenbacher Dreieck. Links halten und auf die A7 Richtung Kassel abbiegen. Am AB-Dreieck Kirchheim abbiegen auf die Autobahn A4 Richtung Erfurt. Ausfahrt Eisenach-Ost. Abbiegen nach links auf die B84 (Langensalzaer Stra\u00dfe) Richtung Eisenach. Dem Stra\u00dfenverlauf in die Stadt Eisenach folgen. Nach dem Ortseingang, den Fluss H\u00f6rsel \u00fcberqueren. Nach ca. 80 m rechts abbiegen in die Hermannstra\u00dfe. An der n\u00e4chsten Kreuzung (nach ca. 80 m) rechts abbiegen in die Heinrichstra\u00dfe. (Hier befindet sich bereits die LKW Einfahrt zur Anlieferung und Abholung.) Besucher folgen der Heinrichstra\u00dfe ca. 300 m. Die letzte Toreinfahrt auf der linken Seite ist gleichzeitig der Eingang zur Firma GINO AG Eisenach.<\/p>\n<h2>Aus \u00f6stlicher Richtung:<\/h2>\n<p>Aus Dresden Richtung Frankfurt\/Main auf der Autobahn A4, Ausfahrt Eisenach-Ost. Nach der Ausfahrt abbiegen nach links auf die B84 (Langensalzaer Stra\u00dfe) Richtung Eisenach. Die Autobahn unterqueren. Dem Stra\u00dfenverlauf in die Stadt Eisenach folgen. Nach dem Ortseingang, den Fluss H\u00f6rsel \u00fcberqueren. Nach ca. 80 m rechts abbiegen in die Hermannstra\u00dfe. An der n\u00e4chsten Kreuzung (nach ca. 80 m) rechts abbiegen in die Heinrichstra\u00dfe (Hier befindet sich bereits die LKW Einfahrt zur Anlieferung und Abholung). Besucher folgen der Heinrichstra\u00dfe ca. 300 m. Die letzte Toreinfahrt auf der linken Seite ist gleichzeitig der Eingang zur Firma GINO AG Eisenach.<\/p>\n<h2>Aus n\u00f6rdlicher Richtung:<\/h2>\n<p>Aus Kassel Richtung Frankfurt auf der A5 bis zum Hattenbacher Dreieck. Links halten und auf die A7 Richtung Kassel abbiegen. Am AB- Dreieck Kirchheim abbiegen auf die Autobahn A4 Richtung Erfurt. Ausfahrt Eisenach-Ost. Abbiegen nach links auf die B84 (Langensalzaer Stra\u00dfe) Richtung Eisenach. Dem Stra\u00dfenverlauf in die Stadt Eisenach folgen. Nach dem Ortseingang, den Fluss H\u00f6rsel \u00fcberqueren. Nach ca. 80 m rechts abbiegen in die Hermannstra\u00dfe. An der n\u00e4chsten Kreuzung (nach ca. 80 m) rechts abbiegen in die Heinrichstra\u00dfe. (Hier befindet sich bereits die LKW Einfahrt zur Anlieferung und Abholung). Besucher folgen der Heinrichstra\u00dfe ca. 300 m. Die letzte Toreinfahrt auf der linken Seite ist gleichzeitig der Eingang zur Firma GINO AG Eisenach.<\/p>\n<\/div><\/div><div id=\"panel-1312-0-0-2\" class=\"so-panel widget widget_black-studio-tinymce widget_black_studio_tinymce panel-last-child\" data-index=\"2\" ><div class=\"textwidget\"><h2>Download:<\/h2>\n<p><a href=\"https:\/\/www.gino-ag.com\/wp-content\/uploads\/GINO_Wegbeschreibung_Eisenach.pdf\" target=\"_blank\">Wegbeschreibung Eisenach \u00bb<\/a><\/p>\n<\/div><\/div><\/div><div id=\"pgc-1312-0-1\"  class=\"panel-grid-cell\" ><div id=\"panel-1312-0-1-0\" class=\"so-panel widget widget_nav_menu panel-first-child panel-last-child\" data-index=\"3\" ><div class=\"sidebar panel-widget-style panel-widget-style-for-1312-0-1-0\" ><div class=\"menu-submenue-kontakt-container\"><ul id=\"menu-submenue-kontakt\" class=\"menu\"><li id=\"menu-item-1490\" class=\"menu-item menu-item-type-post_type menu-item-object-page menu-item-1490\"><a href=\"https:\/\/gino-ag.xtek.site\/de\/kontakt\/kontakt\/\">Kontakt<\/a><\/li>\n<li id=\"menu-item-1315\" class=\"menu-item menu-item-type-post_type menu-item-object-page menu-item-1315\"><a href=\"https:\/\/gino-ag.xtek.site\/de\/kontakt\/anfahrt-bonn\/\">Anfahrt Bonn<\/a><\/li>\n<li id=\"menu-item-1314\" class=\"menu-item menu-item-type-post_type menu-item-object-page menu-item-1314\"><a href=\"https:\/\/gino-ag.xtek.site\/de\/kontakt\/anfahrt-eisenach\/\">Anfahrt Eisenach<\/a><\/li>\n<li id=\"menu-item-1337\" class=\"menu-item menu-item-type-post_type menu-item-object-page menu-item-1337\"><a href=\"https:\/\/gino-ag.xtek.site\/de\/kontakt\/gino-vertretungen\/\">GINO-Vertretungen<\/a><\/li>\n<\/ul><\/div><\/div><\/div><\/div><\/div><\/div><\/div>","protected":false},"excerpt":{"rendered":"<p>Aus s\u00fcd-westlicher Richtung:Aus Frankfurt Richtung Kassel Autobahn A5 bis zum Hattenbacher Dreieck. Links halten und auf die A7 Richtung Kassel abbiegen. Am AB-Dreieck Kirchheim abbiegen auf die Autobahn A4 Richtung Erfurt. Ausfahrt Eisenach-Ost. Abbiegen nach links auf die B84 (Langensalzaer Stra\u00dfe) Richtung Eisenach. Dem Stra\u00dfenverlauf in die Stadt Eisenach folgen. Nach dem Ortseingang, den Fluss [&hellip;]<\/p>\n","protected":false},"author":1,"featured_media":5649,"parent":17,"menu_order":0,"comment_status":"closed","ping_status":"closed","template":"","meta":{"_acf_changed":false,"footnotes":""},"class_list":["post-1312","page","type-page","status-publish","has-post-thumbnail","hentry"],"acf":[],"yoast_head":"<!-- This site is optimized with the Yoast SEO plugin v24.4 - https:\/\/yoast.com\/wordpress\/plugins\/seo\/ -->\n<title>Anfahrt Eisenach - GINO AG<\/title>\n<meta name=\"description\" content=\"Ihr Weg zum GINO-Standort Eisenach\" \/>\n<meta name=\"robots\" content=\"index, follow, max-snippet:-1, max-image-preview:large, max-video-preview:-1\" \/>\n<link rel=\"canonical\" href=\"https:\/\/gino-ag.xtek.site\/de\/kontakt\/anfahrt-eisenach\/\" \/>\n<meta property=\"og:locale\" content=\"de_DE\" \/>\n<meta property=\"og:type\" content=\"article\" \/>\n<meta property=\"og:title\" content=\"Anfahrt Eisenach - GINO AG\" \/>\n<meta property=\"og:description\" content=\"Ihr Weg zum GINO-Standort Eisenach\" \/>\n<meta property=\"og:url\" content=\"https:\/\/gino-ag.xtek.site\/de\/kontakt\/anfahrt-eisenach\/\" \/>\n<meta property=\"og:site_name\" content=\"GINO AG\" \/>\n<meta property=\"article:modified_time\" content=\"2020-11-27T20:36:29+00:00\" \/>\n<meta property=\"og:image\" content=\"https:\/\/www.gino-ag.com\/wp-content\/uploads\/GINO_Header_Karriere.jpg\" \/>\n\t<meta property=\"og:image:width\" content=\"1920\" \/>\n\t<meta property=\"og:image:height\" content=\"480\" \/>\n\t<meta property=\"og:image:type\" content=\"image\/jpeg\" \/>\n<meta name=\"twitter:card\" content=\"summary_large_image\" \/>\n<meta name=\"twitter:label1\" content=\"Gesch\u00e4tzte Lesezeit\" \/>\n\t<meta name=\"twitter:data1\" content=\"2\u00a0Minuten\" \/>\n<script type=\"application\/ld+json\" class=\"yoast-schema-graph\">{\"@context\":\"https:\/\/schema.org\",\"@graph\":[{\"@type\":\"WebPage\",\"@id\":\"https:\/\/gino-ag.xtek.site\/de\/kontakt\/anfahrt-eisenach\/\",\"url\":\"https:\/\/gino-ag.xtek.site\/de\/kontakt\/anfahrt-eisenach\/\",\"name\":\"Anfahrt Eisenach - GINO AG\",\"isPartOf\":{\"@id\":\"https:\/\/www.gino-ag.com\/de\/#website\"},\"primaryImageOfPage\":{\"@id\":\"https:\/\/gino-ag.xtek.site\/de\/kontakt\/anfahrt-eisenach\/#primaryimage\"},\"image\":{\"@id\":\"https:\/\/gino-ag.xtek.site\/de\/kontakt\/anfahrt-eisenach\/#primaryimage\"},\"thumbnailUrl\":\"https:\/\/www.gino-ag.com\/wp-content\/uploads\/GINO_Header_Karriere.jpg\",\"datePublished\":\"2016-06-21T12:15:21+00:00\",\"dateModified\":\"2020-11-27T20:36:29+00:00\",\"description\":\"Ihr Weg zum GINO-Standort Eisenach\",\"breadcrumb\":{\"@id\":\"https:\/\/gino-ag.xtek.site\/de\/kontakt\/anfahrt-eisenach\/#breadcrumb\"},\"inLanguage\":\"de\",\"potentialAction\":[{\"@type\":\"ReadAction\",\"target\":[\"https:\/\/gino-ag.xtek.site\/de\/kontakt\/anfahrt-eisenach\/\"]}]},{\"@type\":\"ImageObject\",\"inLanguage\":\"de\",\"@id\":\"https:\/\/gino-ag.xtek.site\/de\/kontakt\/anfahrt-eisenach\/#primaryimage\",\"url\":\"https:\/\/www.gino-ag.com\/wp-content\/uploads\/GINO_Header_Karriere.jpg\",\"contentUrl\":\"https:\/\/www.gino-ag.com\/wp-content\/uploads\/GINO_Header_Karriere.jpg\",\"width\":1920,\"height\":480},{\"@type\":\"BreadcrumbList\",\"@id\":\"https:\/\/gino-ag.xtek.site\/de\/kontakt\/anfahrt-eisenach\/#breadcrumb\",\"itemListElement\":[{\"@type\":\"ListItem\",\"position\":1,\"name\":\"Startseite\",\"item\":\"https:\/\/www.gino-ag.com\/de\/\"},{\"@type\":\"ListItem\",\"position\":2,\"name\":\"Kontakt\",\"item\":\"https:\/\/www.gino-ag.com\/de\/kontakt\/\"},{\"@type\":\"ListItem\",\"position\":3,\"name\":\"Anfahrt Eisenach\"}]},{\"@type\":\"WebSite\",\"@id\":\"https:\/\/www.gino-ag.com\/de\/#website\",\"url\":\"https:\/\/www.gino-ag.com\/de\/\",\"name\":\"GINO AG\",\"description\":\"Elektrische Widerst\u00e4nde von 50 W bis 360 MW\",\"potentialAction\":[{\"@type\":\"SearchAction\",\"target\":{\"@type\":\"EntryPoint\",\"urlTemplate\":\"https:\/\/www.gino-ag.com\/de\/?s={search_term_string}\"},\"query-input\":{\"@type\":\"PropertyValueSpecification\",\"valueRequired\":true,\"valueName\":\"search_term_string\"}}],\"inLanguage\":\"de\"}]}<\/script>\n<!-- \/ Yoast SEO plugin. -->","yoast_head_json":{"title":"Anfahrt Eisenach - GINO AG","description":"Ihr Weg zum GINO-Standort Eisenach","robots":{"index":"index","follow":"follow","max-snippet":"max-snippet:-1","max-image-preview":"max-image-preview:large","max-video-preview":"max-video-preview:-1"},"canonical":"https:\/\/gino-ag.xtek.site\/de\/kontakt\/anfahrt-eisenach\/","og_locale":"de_DE","og_type":"article","og_title":"Anfahrt Eisenach - GINO AG","og_description":"Ihr Weg zum GINO-Standort Eisenach","og_url":"https:\/\/gino-ag.xtek.site\/de\/kontakt\/anfahrt-eisenach\/","og_site_name":"GINO AG","article_modified_time":"2020-11-27T20:36:29+00:00","og_image":[{"width":1920,"height":480,"url":"https:\/\/www.gino-ag.com\/wp-content\/uploads\/GINO_Header_Karriere.jpg","type":"image\/jpeg"}],"twitter_card":"summary_large_image","twitter_misc":{"Gesch\u00e4tzte Lesezeit":"2\u00a0Minuten"},"schema":{"@context":"https:\/\/schema.org","@graph":[{"@type":"WebPage","@id":"https:\/\/gino-ag.xtek.site\/de\/kontakt\/anfahrt-eisenach\/","url":"https:\/\/gino-ag.xtek.site\/de\/kontakt\/anfahrt-eisenach\/","name":"Anfahrt Eisenach - GINO AG","isPartOf":{"@id":"https:\/\/www.gino-ag.com\/de\/#website"},"primaryImageOfPage":{"@id":"https:\/\/gino-ag.xtek.site\/de\/kontakt\/anfahrt-eisenach\/#primaryimage"},"image":{"@id":"https:\/\/gino-ag.xtek.site\/de\/kontakt\/anfahrt-eisenach\/#primaryimage"},"thumbnailUrl":"https:\/\/www.gino-ag.com\/wp-content\/uploads\/GINO_Header_Karriere.jpg","datePublished":"2016-06-21T12:15:21+00:00","dateModified":"2020-11-27T20:36:29+00:00","description":"Ihr Weg zum GINO-Standort Eisenach","breadcrumb":{"@id":"https:\/\/gino-ag.xtek.site\/de\/kontakt\/anfahrt-eisenach\/#breadcrumb"},"inLanguage":"de","potentialAction":[{"@type":"ReadAction","target":["https:\/\/gino-ag.xtek.site\/de\/kontakt\/anfahrt-eisenach\/"]}]},{"@type":"ImageObject","inLanguage":"de","@id":"https:\/\/gino-ag.xtek.site\/de\/kontakt\/anfahrt-eisenach\/#primaryimage","url":"https:\/\/www.gino-ag.com\/wp-content\/uploads\/GINO_Header_Karriere.jpg","contentUrl":"https:\/\/www.gino-ag.com\/wp-content\/uploads\/GINO_Header_Karriere.jpg","width":1920,"height":480},{"@type":"BreadcrumbList","@id":"https:\/\/gino-ag.xtek.site\/de\/kontakt\/anfahrt-eisenach\/#breadcrumb","itemListElement":[{"@type":"ListItem","position":1,"name":"Startseite","item":"https:\/\/www.gino-ag.com\/de\/"},{"@type":"ListItem","position":2,"name":"Kontakt","item":"https:\/\/www.gino-ag.com\/de\/kontakt\/"},{"@type":"ListItem","position":3,"name":"Anfahrt Eisenach"}]},{"@type":"WebSite","@id":"https:\/\/www.gino-ag.com\/de\/#website","url":"https:\/\/www.gino-ag.com\/de\/","name":"GINO AG","description":"Elektrische Widerst\u00e4nde von 50 W bis 360 MW","potentialAction":[{"@type":"SearchAction","target":{"@type":"EntryPoint","urlTemplate":"https:\/\/www.gino-ag.com\/de\/?s={search_term_string}"},"query-input":{"@type":"PropertyValueSpecification","valueRequired":true,"valueName":"search_term_string"}}],"inLanguage":"de"}]}},"_links":{"self":[{"href":"https:\/\/gino-ag.xtek.site\/de\/wp-json\/wp\/v2\/pages\/1312","targetHints":{"allow":["GET"]}}],"collection":[{"href":"https:\/\/gino-ag.xtek.site\/de\/wp-json\/wp\/v2\/pages"}],"about":[{"href":"https:\/\/gino-ag.xtek.site\/de\/wp-json\/wp\/v2\/types\/page"}],"author":[{"embeddable":true,"href":"https:\/\/gino-ag.xtek.site\/de\/wp-json\/wp\/v2\/users\/1"}],"replies":[{"embeddable":true,"href":"https:\/\/gino-ag.xtek.site\/de\/wp-json\/wp\/v2\/comments?post=1312"}],"version-history":[{"count":0,"href":"https:\/\/gino-ag.xtek.site\/de\/wp-json\/wp\/v2\/pages\/1312\/revisions"}],"up":[{"embeddable":true,"href":"https:\/\/gino-ag.xtek.site\/de\/wp-json\/wp\/v2\/pages\/17"}],"wp:featuredmedia":[{"embeddable":true,"href":"https:\/\/gino-ag.xtek.site\/de\/wp-json\/wp\/v2\/media\/5649"}],"wp:attachment":[{"href":"https:\/\/gino-ag.xtek.site\/de\/wp-json\/wp\/v2\/media?parent=1312"}],"curies":[{"name":"wp","href":"https:\/\/api.w.org\/{rel}","templated":true}]}}