{"id":1306,"date":"2016-06-21T14:02:31","date_gmt":"2016-06-21T12:02:31","guid":{"rendered":"http:\/\/gino.xtek.hosting\/?page_id=1306"},"modified":"2020-11-27T21:35:22","modified_gmt":"2020-11-27T20:35:22","slug":"anfahrt-bonn","status":"publish","type":"page","link":"https:\/\/gino-ag.xtek.site\/de\/kontakt\/anfahrt-bonn\/","title":{"rendered":"Anfahrt Bonn"},"content":{"rendered":"<div id=\"pl-1306\"  class=\"panel-layout\" ><div id=\"pg-1306-0\"  class=\"panel-grid panel-has-style\" ><div class=\"abstand-header panel-row-style panel-row-style-for-1306-0\" ><div id=\"pgc-1306-0-0\"  class=\"panel-grid-cell\" ><div id=\"panel-1306-0-0-0\" class=\"so-panel widget widget_black-studio-tinymce widget_black_studio_tinymce panel-first-child\" data-index=\"0\" ><div class=\"textwidget\"><p><span class=\"code-example\"><div class=\"BorlabsCookie _brlbs-cb-googlemaps\"><div class=\"_brlbs-content-blocker\"> <div class=\"_brlbs-embed _brlbs-google-maps\"> <img decoding=\"async\" class=\"_brlbs-thumbnail\" src=\"https:\/\/www.gino-ag.com\/wp-content\/plugins\/borlabs-cookie\/assets\/images\/cb-maps.png\" alt=\"Google Maps\"> <div class=\"_brlbs-caption\"> <p>Mit dem Laden der Karte akzeptieren Sie die Datenschutzerkl\u00e4rung von Google.<br><a href=\"https:\/\/policies.google.com\/privacy\" target=\"_blank\" rel=\"nofollow noopener noreferrer\">Mehr erfahren<\/a><\/p> <p><a class=\"_brlbs-btn\" href=\"#\" data-borlabs-cookie-unblock role=\"button\">Karte laden<\/a><\/p> <p><label><input type=\"checkbox\" name=\"unblockAll\" value=\"1\" checked> <small>Google Maps immer entsperren<\/small><\/label><\/p> <\/div> <\/div> <\/div><div class=\"borlabs-hide\" data-borlabs-cookie-type=\"content-blocker\" data-borlabs-cookie-id=\"googlemaps\"><script type=\"text\/template\">PHN0eWxlPi5nbS1zdHlsZS1pdyB7IGxpbmUtaGVpZ2h0OiBpbmhlcml0ICFpbXBvcnRhbnQ7fTwvc3R5bGU+PGRpdiBjbGFzcz0id3BnbXBfbWFwX2NvbnRhaW5lciB3cGdtcC1tYXAtMyIgcmVsPSJtYXAzIiBkYXRhLXBsdWdpbi12ZXJzaW9uPSI0LjYuOSI+PGRpdiBjbGFzcz0id3BnbXBfbWFwX3BhcmVudCI+PGRpdiBjbGFzcz0id3BnbXBfbWFwICIgc3R5bGU9IndpZHRoOjEwMCU7IGhlaWdodDo1MDBweDsiIGlkPSJtYXAzIiBkYXRhLW1hcC1pZD0iMyI+PC9kaXY+PC9kaXY+PC9kaXY+PHNjcmlwdCBpZD0ic2NyaXB0LW1hcC1kYXRhLTMiPmpRdWVyeShkb2N1bWVudCkucmVhZHkoZnVuY3Rpb24oJCl7IHdpbmRvdy53cGdtcCA9IHdpbmRvdy53cGdtcCB8fCB7fTsgd2luZG93LndwZ21wLm1hcGRhdGEzID0gImV5SnRZWEJmYjNCMGFXOXVjeUk2ZXlKalpXNTBaWEpmYkdGMElqb2lOVEF1TnpRNE16STNJaXdpWTJWdWRHVnlYMnh1WnlJNklqY3VNRGN5TmpFeU56azVPVGs1T1RrNUlpd2llbTl2YlNJNk5Td2liV0Z3WDNSNWNHVmZhV1FpT2lKSVdVSlNTVVFpTENKbWFYUmZZbTkxYm1SeklqcG1ZV3h6WlN3aVpISmhaMmRoWW14bElqcDBjblZsTENKelkzSnZiR3hmZDJobFpXd2lPblJ5ZFdVc0ltUnBjM0JzWVhsZk5EVmZhVzFoWjJWeWVTSTZJaUlzSW0xaGNtdGxjbDlrWldaaGRXeDBYMmxqYjI0aU9pSm9kSFJ3Y3pwY0wxd3ZkM2QzTG1kcGJtOHRZV2N1WTI5dFhDOTNjQzFqYjI1MFpXNTBYQzkxY0d4dllXUnpYQzlIU1U1UFgwMWhjbXRsY2k1d2JtY2lMQ0pwYm1admQybHVaRzkzWDNObGRIUnBibWNpT2lJaUxDSnBibVp2ZDJsdVpHOTNYMkp2ZFc1alpWOWhibWx0WVhScGIyNGlPaUlpTENKcGJtWnZkMmx1Wkc5M1gyUnliM0JmWVc1cGJXRjBhVzl1SWpwbVlXeHpaU3dpWTJ4dmMyVmZhVzVtYjNkcGJtUnZkMTl2Ymw5dFlYQmZZMnhwWTJzaU9tWmhiSE5sTENKcGJtWnZkMmx1Wkc5M1gzTnJhVzRpT2lJaUxDSmtaV1poZFd4MFgybHVabTkzYVc1a2IzZGZiM0JsYmlJNlptRnNjMlVzSW1sdVptOTNhVzVrYjNkZmIzQmxibDlsZG1WdWRDSTZJbU5zYVdOcklpd2lablZzYkY5elkzSmxaVzVmWTI5dWRISnZiQ0k2ZEhKMVpTd2ljMlZoY21Ob1gyTnZiblJ5YjJ3aU9uUnlkV1VzSW5wdmIyMWZZMjl1ZEhKdmJDSTZkSEoxWlN3aWJXRndYM1I1Y0dWZlkyOXVkSEp2YkNJNmRISjFaU3dpYzNSeVpXVjBYM1pwWlhkZlkyOXVkSEp2YkNJNmRISjFaU3dpWm5Wc2JGOXpZM0psWlc1ZlkyOXVkSEp2YkY5d2IzTnBkR2x2YmlJNklsUlBVRjlNUlVaVUlpd2ljMlZoY21Ob1gyTnZiblJ5YjJ4ZmNHOXphWFJwYjI0aU9pSlVUMUJmVEVWR1ZDSXNJbnB2YjIxZlkyOXVkSEp2YkY5d2IzTnBkR2x2YmlJNklsUlBVRjlNUlVaVUlpd2liV0Z3WDNSNWNHVmZZMjl1ZEhKdmJGOXdiM05wZEdsdmJpSTZJbFJQVUY5TVJVWlVJaXdpYldGd1gzUjVjR1ZmWTI5dWRISnZiRjl6ZEhsc1pTSTZJa2hQVWtsYVQwNVVRVXhmUWtGU0lpd2ljM1J5WldWMFgzWnBaWGRmWTI5dWRISnZiRjl3YjNOcGRHbHZiaUk2SWxSUFVGOU1SVVpVSWl3aWJXRndYMk52Ym5SeWIyd2lPblJ5ZFdVc0ltMWhjRjlqYjI1MGNtOXNYM05sZEhScGJtZHpJanBtWVd4elpTd2liV0Z3WDNwdmIyMWZZV1owWlhKZmMyVmhjbU5vSWpvMkxDSjNhV1IwYUNJNklpSXNJbWhsYVdkb2RDSTZJalV3TUNKOUxDSndiR0ZqWlhNaU9sdDdJbWxrSWpvaU16Y2lMQ0owYVhSc1pTSTZJa0Z1Wm1Gb2NuUWdRbTl1YmlJc0ltRmtaSEpsYzNNaU9pSkdjbWxsWkhKcFkyZ3RWMXgxTURCbU5taHNaWEl0VTNSeVlWeDFNREJrWm1VZ05qVXNJRFV6TVRFM0lFSnZibTRzSUVSbGRYUnpZMmhzWVc1a0lpd2ljMjkxY21ObElqb2liV0Z1ZFdGc0lpd2lZMjl1ZEdWdWRDSTZJanhpUGtkSlRrOGdRVWM4WEM5aVBqeGljajVjY2x4dVJXeGxhM1J5YjNSbFkyaHVhWE5qYUdVZ1JtRmljbWxyUEdKeVBseHlYRzVHY21sbFpISnBZMmd0VjF4MU1EQm1ObWhzWlhJdFUzUnlMaUEyTlR4aWNqNWNjbHh1UkNBMU16RXhOeUJDYjI1dVBHSnlQbHh5WEc1VVpXd3VJQ3MwT1NBb01Da2dNakk0SURrNElEazRJRFlnTFNBd1BHSnlQbHh5WEc1R1lYZ3VJQ3MwT1NBb01Da2dNakk0SURrNElEazRJRFlnTFNBek5EeGljajVjY2x4dVJXMWhhV3c2SUR4aElHaHlaV1k5WENKdFlXbHNkRzg2YVc1bWIwQm5hVzV2TG1SbFhDSSthVzVtYjBCbmFXNXZMbVJsUEZ3dllUNGlMQ0pzYjJOaGRHbHZiaUk2ZXlKcFkyOXVJam9pYUhSMGNITTZYQzljTDNkM2R5NW5hVzV2TFdGbkxtTnZiVnd2ZDNBdFkyOXVkR1Z1ZEZ3dmRYQnNiMkZrYzF3dlIwbE9UMTlOWVhKclpYSXVjRzVuSWl3aWJHRjBJam9pTlRBdU56UTRNekkzSWl3aWJHNW5Jam9pTnk0d056STJNVEkzT1RrNU9UazVPVGtpTENKamFYUjVJam9pUW05dWJpSXNJbk4wWVhSbElqb2lUbTl5WkhKb1pXbHVMVmRsYzNSbVlXeGxiaUlzSW1OdmRXNTBjbmtpT2lKSFpYSnRZVzU1SWl3aWIyNWpiR2xqYTE5aFkzUnBiMjRpT2lKdFlYSnJaWElpTENKeVpXUnBjbVZqZEY5amRYTjBiMjFmYkdsdWF5STZJaUlzSW0xaGNtdGxjbDlwYldGblpTSTZJaUlzSW05d1pXNWZibVYzWDNSaFlpSTZJbmxsY3lJc0luQnZjM1JoYkY5amIyUmxJam9pSWl3aVpISmhaMmRoWW14bElqcG1ZV3h6WlN3aWFXNW1iM2RwYm1SdmQxOWtaV1poZFd4MFgyOXdaVzRpT21aaGJITmxMQ0poYm1sdFlYUnBiMjRpT2lKQ1QxVk9RMFVpTENKcGJtWnZkMmx1Wkc5M1gyUnBjMkZpYkdVaU9uUnlkV1VzSW5wdmIyMGlPalVzSW1WNGRISmhYMlpwWld4a2N5STZJaUo5TENKallYUmxaMjl5YVdWeklqcGJleUpwWkNJNklpSXNJbTVoYldVaU9pSWlMQ0owZVhCbElqb2lZMkYwWldkdmNua2lMQ0psZUhSbGJuTnBiMjVmWm1sbGJHUnpJanBiWFN3aWFXTnZiaUk2SW1oMGRIQnpPbHd2WEM5M2QzY3VaMmx1YnkxaFp5NWpiMjFjTDNkd0xXTnZiblJsYm5SY0wzVndiRzloWkhOY0wwZEpUazlmVFdGeWEyVnlMbkJ1WnlKOVhTd2lZM1Z6ZEc5dFgyWnBiSFJsY25NaU9pSWlmVjBzSW5OMGVXeGxjeUk2SWlJc0lteHBjM1JwYm1jaU9pSWlMQ0p0WVhKclpYSmZZMngxYzNSbGNpSTZJaUlzSW0xaGNGOXdjbTl3WlhKMGVTSTZleUp0WVhCZmFXUWlPaUl6SWl3aVpHVmlkV2RmYlc5a1pTSTZabUZzYzJWOWZRPT0iOyB9KTs8L3NjcmlwdD4=<\/script><\/div><\/div><\/span><\/p>\n<\/div><\/div><div id=\"panel-1306-0-0-1\" class=\"so-panel widget widget_black-studio-tinymce widget_black_studio_tinymce\" data-index=\"1\" ><div class=\"textwidget\"><h2>\u00a0<\/h2>\n<h2>Aus n\u00f6rdlicher Richtung:<\/h2>\n<p>Autobahn A3 aus D\u00fcsseldorf Richtung K\u00f6ln bis zum AB-Dreieck K\u00f6ln-Heumar. Abbiegen auf die Autobahn A59 in Richtung Bonn. Bei Bonn-Beuel abbiegen auf die Autobahn A565 in Richtung Koblenz. Auf der Rheinbr\u00fccke beginnt bereits die AB-Ausfahrt: Bonn-Auerberg. Nach der Ausfahrt rechts abbiegen. Dem Stra\u00dfen-\/ Stra\u00dfenbahnschienenverlauf folgen. Die Kreuzung K\u00f6lnstra\u00dfe geradeaus \u00fcberqueren. Nach ca. 500 m nach links abbiegen in die Friedrich-W\u00f6hler-Stra\u00dfe 65. Nach ca. 100 m nach links abbiegen in die Firmen-Toreinfahrt. Das Ziel GINO AG ist erreicht.<\/p>\n<h2>Aus s\u00fcdlicher Richtung:<\/h2>\n<p>Autobahn A3 aus Frankfurt Richtung K\u00f6ln bis zur Ausfahrt Bonn\/Siegburg (1. Flughafenhinweis). Abbiegen auf die Autobahn A560 in Richtung St. Augustin. Am AB-Dreieck St. Augustin abbiegen auf die Autobahn A59 in Richtung Bonn. Bei Bonn-Beuel abbiegen auf die Autobahn A565 in Richtung Koblenz. Auf der Rheinbr\u00fccke beginnt bereits die AB-Ausfahrt Bonn-Auerberg. Nach der Ausfahrt rechts abbiegen. Dem Stra\u00dfen-\/ Stra\u00dfenbahnschienenverlauf folgen. Die Kreuzung K\u00f6lnstra\u00dfe geradeaus \u00fcberqueren. Nach ca. 500 m nach links abbiegen in die Friedrich-W\u00f6hler-Stra\u00dfe 65. Nach ca. 100 m nach links abbiegen in die Firmen-Toreinfahrt. Das Ziel GINO AG ist erreicht.<\/p>\n<h2>Aus westlicher Richtung:<\/h2>\n<p>Autobahn A61 aus Koblenz Richtung K\u00f6ln. Am AB-Kreuz Meckenheim abbiegen auf die Autobahn A565 in Richtung Bonn. Autobahnausfahrt Bonn-Tannenbusch. Nach der Ausfahrt links abbiegen, die Autobahn unterqueren. An der n\u00e4chsten Ampelanlage nach rechts abbiegen, in die Berta-Lungstras-Stra\u00dfe. An der n\u00e4chsten Ampelanlage nach rechts abbiegen in die Oppelner Stra\u00dfe. Nach ca. 750 m rechts abbiegen in die Friedrich-W\u00f6hler-Stra\u00dfe 65. Nach ca. 100 m nach links abbiegen in die Firmen-Toreinfahrt. Das Ziel GINO AG ist erreicht.<\/p>\n<\/div><\/div><div id=\"panel-1306-0-0-2\" class=\"so-panel widget widget_black-studio-tinymce widget_black_studio_tinymce panel-last-child\" data-index=\"2\" ><div class=\"textwidget\"><h2>Download:<\/h2>\n<p><a href=\"https:\/\/www.gino-ag.com\/wp-content\/uploads\/GINO_Wegbeschreibung_Bonn.pdf\" target=\"_blank\">Wegbeschreibung Bonn \u00bb<\/a><\/p>\n<\/div><\/div><\/div><div id=\"pgc-1306-0-1\"  class=\"panel-grid-cell\" ><div id=\"panel-1306-0-1-0\" class=\"so-panel widget widget_nav_menu panel-first-child panel-last-child\" data-index=\"3\" ><div class=\"sidebar panel-widget-style panel-widget-style-for-1306-0-1-0\" ><div class=\"menu-submenue-kontakt-container\"><ul id=\"menu-submenue-kontakt\" class=\"menu\"><li id=\"menu-item-1490\" class=\"menu-item menu-item-type-post_type menu-item-object-page menu-item-1490\"><a href=\"https:\/\/gino-ag.xtek.site\/de\/kontakt\/kontakt\/\">Kontakt<\/a><\/li>\n<li id=\"menu-item-1315\" class=\"menu-item menu-item-type-post_type menu-item-object-page menu-item-1315\"><a href=\"https:\/\/gino-ag.xtek.site\/de\/kontakt\/anfahrt-bonn\/\">Anfahrt Bonn<\/a><\/li>\n<li id=\"menu-item-1314\" class=\"menu-item menu-item-type-post_type menu-item-object-page menu-item-1314\"><a href=\"https:\/\/gino-ag.xtek.site\/de\/kontakt\/anfahrt-eisenach\/\">Anfahrt Eisenach<\/a><\/li>\n<li id=\"menu-item-1337\" class=\"menu-item menu-item-type-post_type menu-item-object-page menu-item-1337\"><a href=\"https:\/\/gino-ag.xtek.site\/de\/kontakt\/gino-vertretungen\/\">GINO-Vertretungen<\/a><\/li>\n<\/ul><\/div><\/div><\/div><\/div><\/div><\/div><\/div>","protected":false},"excerpt":{"rendered":"<p>\u00a0Aus n\u00f6rdlicher Richtung:Autobahn A3 aus D\u00fcsseldorf Richtung K\u00f6ln bis zum AB-Dreieck K\u00f6ln-Heumar. Abbiegen auf die Autobahn A59 in Richtung Bonn. Bei Bonn-Beuel abbiegen auf die Autobahn A565 in Richtung Koblenz. Auf der Rheinbr\u00fccke beginnt bereits die AB-Ausfahrt: Bonn-Auerberg. Nach der Ausfahrt rechts abbiegen. Dem Stra\u00dfen-\/ Stra\u00dfenbahnschienenverlauf folgen. Die Kreuzung K\u00f6lnstra\u00dfe geradeaus \u00fcberqueren. Nach ca. 500 [&hellip;]<\/p>\n","protected":false},"author":1,"featured_media":5649,"parent":17,"menu_order":0,"comment_status":"closed","ping_status":"closed","template":"","meta":{"_acf_changed":false,"footnotes":""},"class_list":["post-1306","page","type-page","status-publish","has-post-thumbnail","hentry"],"acf":[],"yoast_head":"<!-- This site is optimized with the Yoast SEO plugin v24.4 - https:\/\/yoast.com\/wordpress\/plugins\/seo\/ -->\n<title>Anfahrt Bonn - GINO AG<\/title>\n<meta name=\"description\" content=\"Ihr Weg zum GINO-Standort Bonn\" \/>\n<meta name=\"robots\" content=\"index, follow, max-snippet:-1, max-image-preview:large, max-video-preview:-1\" \/>\n<link rel=\"canonical\" href=\"https:\/\/gino-ag.xtek.site\/de\/kontakt\/anfahrt-bonn\/\" \/>\n<meta property=\"og:locale\" content=\"de_DE\" \/>\n<meta property=\"og:type\" content=\"article\" \/>\n<meta property=\"og:title\" content=\"Anfahrt Bonn - GINO AG\" \/>\n<meta property=\"og:description\" content=\"Ihr Weg zum GINO-Standort Bonn\" \/>\n<meta property=\"og:url\" content=\"https:\/\/gino-ag.xtek.site\/de\/kontakt\/anfahrt-bonn\/\" \/>\n<meta property=\"og:site_name\" content=\"GINO AG\" \/>\n<meta property=\"article:modified_time\" content=\"2020-11-27T20:35:22+00:00\" \/>\n<meta property=\"og:image\" content=\"https:\/\/www.gino-ag.com\/wp-content\/uploads\/GINO_Header_Karriere.jpg\" \/>\n\t<meta property=\"og:image:width\" content=\"1920\" \/>\n\t<meta property=\"og:image:height\" content=\"480\" \/>\n\t<meta property=\"og:image:type\" content=\"image\/jpeg\" \/>\n<meta name=\"twitter:card\" content=\"summary_large_image\" \/>\n<meta name=\"twitter:label1\" content=\"Gesch\u00e4tzte Lesezeit\" \/>\n\t<meta name=\"twitter:data1\" content=\"1\u00a0Minute\" \/>\n<script type=\"application\/ld+json\" class=\"yoast-schema-graph\">{\"@context\":\"https:\/\/schema.org\",\"@graph\":[{\"@type\":\"WebPage\",\"@id\":\"https:\/\/gino-ag.xtek.site\/de\/kontakt\/anfahrt-bonn\/\",\"url\":\"https:\/\/gino-ag.xtek.site\/de\/kontakt\/anfahrt-bonn\/\",\"name\":\"Anfahrt Bonn - GINO AG\",\"isPartOf\":{\"@id\":\"https:\/\/www.gino-ag.com\/de\/#website\"},\"primaryImageOfPage\":{\"@id\":\"https:\/\/gino-ag.xtek.site\/de\/kontakt\/anfahrt-bonn\/#primaryimage\"},\"image\":{\"@id\":\"https:\/\/gino-ag.xtek.site\/de\/kontakt\/anfahrt-bonn\/#primaryimage\"},\"thumbnailUrl\":\"https:\/\/www.gino-ag.com\/wp-content\/uploads\/GINO_Header_Karriere.jpg\",\"datePublished\":\"2016-06-21T12:02:31+00:00\",\"dateModified\":\"2020-11-27T20:35:22+00:00\",\"description\":\"Ihr Weg zum GINO-Standort Bonn\",\"breadcrumb\":{\"@id\":\"https:\/\/gino-ag.xtek.site\/de\/kontakt\/anfahrt-bonn\/#breadcrumb\"},\"inLanguage\":\"de\",\"potentialAction\":[{\"@type\":\"ReadAction\",\"target\":[\"https:\/\/gino-ag.xtek.site\/de\/kontakt\/anfahrt-bonn\/\"]}]},{\"@type\":\"ImageObject\",\"inLanguage\":\"de\",\"@id\":\"https:\/\/gino-ag.xtek.site\/de\/kontakt\/anfahrt-bonn\/#primaryimage\",\"url\":\"https:\/\/www.gino-ag.com\/wp-content\/uploads\/GINO_Header_Karriere.jpg\",\"contentUrl\":\"https:\/\/www.gino-ag.com\/wp-content\/uploads\/GINO_Header_Karriere.jpg\",\"width\":1920,\"height\":480},{\"@type\":\"BreadcrumbList\",\"@id\":\"https:\/\/gino-ag.xtek.site\/de\/kontakt\/anfahrt-bonn\/#breadcrumb\",\"itemListElement\":[{\"@type\":\"ListItem\",\"position\":1,\"name\":\"Startseite\",\"item\":\"https:\/\/www.gino-ag.com\/de\/\"},{\"@type\":\"ListItem\",\"position\":2,\"name\":\"Kontakt\",\"item\":\"https:\/\/www.gino-ag.com\/de\/kontakt\/\"},{\"@type\":\"ListItem\",\"position\":3,\"name\":\"Anfahrt Bonn\"}]},{\"@type\":\"WebSite\",\"@id\":\"https:\/\/www.gino-ag.com\/de\/#website\",\"url\":\"https:\/\/www.gino-ag.com\/de\/\",\"name\":\"GINO AG\",\"description\":\"Elektrische Widerst\u00e4nde von 50 W bis 360 MW\",\"potentialAction\":[{\"@type\":\"SearchAction\",\"target\":{\"@type\":\"EntryPoint\",\"urlTemplate\":\"https:\/\/www.gino-ag.com\/de\/?s={search_term_string}\"},\"query-input\":{\"@type\":\"PropertyValueSpecification\",\"valueRequired\":true,\"valueName\":\"search_term_string\"}}],\"inLanguage\":\"de\"}]}<\/script>\n<!-- \/ Yoast SEO plugin. -->","yoast_head_json":{"title":"Anfahrt Bonn - GINO AG","description":"Ihr Weg zum GINO-Standort Bonn","robots":{"index":"index","follow":"follow","max-snippet":"max-snippet:-1","max-image-preview":"max-image-preview:large","max-video-preview":"max-video-preview:-1"},"canonical":"https:\/\/gino-ag.xtek.site\/de\/kontakt\/anfahrt-bonn\/","og_locale":"de_DE","og_type":"article","og_title":"Anfahrt Bonn - GINO AG","og_description":"Ihr Weg zum GINO-Standort Bonn","og_url":"https:\/\/gino-ag.xtek.site\/de\/kontakt\/anfahrt-bonn\/","og_site_name":"GINO AG","article_modified_time":"2020-11-27T20:35:22+00:00","og_image":[{"width":1920,"height":480,"url":"https:\/\/www.gino-ag.com\/wp-content\/uploads\/GINO_Header_Karriere.jpg","type":"image\/jpeg"}],"twitter_card":"summary_large_image","twitter_misc":{"Gesch\u00e4tzte Lesezeit":"1\u00a0Minute"},"schema":{"@context":"https:\/\/schema.org","@graph":[{"@type":"WebPage","@id":"https:\/\/gino-ag.xtek.site\/de\/kontakt\/anfahrt-bonn\/","url":"https:\/\/gino-ag.xtek.site\/de\/kontakt\/anfahrt-bonn\/","name":"Anfahrt Bonn - GINO AG","isPartOf":{"@id":"https:\/\/www.gino-ag.com\/de\/#website"},"primaryImageOfPage":{"@id":"https:\/\/gino-ag.xtek.site\/de\/kontakt\/anfahrt-bonn\/#primaryimage"},"image":{"@id":"https:\/\/gino-ag.xtek.site\/de\/kontakt\/anfahrt-bonn\/#primaryimage"},"thumbnailUrl":"https:\/\/www.gino-ag.com\/wp-content\/uploads\/GINO_Header_Karriere.jpg","datePublished":"2016-06-21T12:02:31+00:00","dateModified":"2020-11-27T20:35:22+00:00","description":"Ihr Weg zum GINO-Standort Bonn","breadcrumb":{"@id":"https:\/\/gino-ag.xtek.site\/de\/kontakt\/anfahrt-bonn\/#breadcrumb"},"inLanguage":"de","potentialAction":[{"@type":"ReadAction","target":["https:\/\/gino-ag.xtek.site\/de\/kontakt\/anfahrt-bonn\/"]}]},{"@type":"ImageObject","inLanguage":"de","@id":"https:\/\/gino-ag.xtek.site\/de\/kontakt\/anfahrt-bonn\/#primaryimage","url":"https:\/\/www.gino-ag.com\/wp-content\/uploads\/GINO_Header_Karriere.jpg","contentUrl":"https:\/\/www.gino-ag.com\/wp-content\/uploads\/GINO_Header_Karriere.jpg","width":1920,"height":480},{"@type":"BreadcrumbList","@id":"https:\/\/gino-ag.xtek.site\/de\/kontakt\/anfahrt-bonn\/#breadcrumb","itemListElement":[{"@type":"ListItem","position":1,"name":"Startseite","item":"https:\/\/www.gino-ag.com\/de\/"},{"@type":"ListItem","position":2,"name":"Kontakt","item":"https:\/\/www.gino-ag.com\/de\/kontakt\/"},{"@type":"ListItem","position":3,"name":"Anfahrt Bonn"}]},{"@type":"WebSite","@id":"https:\/\/www.gino-ag.com\/de\/#website","url":"https:\/\/www.gino-ag.com\/de\/","name":"GINO AG","description":"Elektrische Widerst\u00e4nde von 50 W bis 360 MW","potentialAction":[{"@type":"SearchAction","target":{"@type":"EntryPoint","urlTemplate":"https:\/\/www.gino-ag.com\/de\/?s={search_term_string}"},"query-input":{"@type":"PropertyValueSpecification","valueRequired":true,"valueName":"search_term_string"}}],"inLanguage":"de"}]}},"_links":{"self":[{"href":"https:\/\/gino-ag.xtek.site\/de\/wp-json\/wp\/v2\/pages\/1306","targetHints":{"allow":["GET"]}}],"collection":[{"href":"https:\/\/gino-ag.xtek.site\/de\/wp-json\/wp\/v2\/pages"}],"about":[{"href":"https:\/\/gino-ag.xtek.site\/de\/wp-json\/wp\/v2\/types\/page"}],"author":[{"embeddable":true,"href":"https:\/\/gino-ag.xtek.site\/de\/wp-json\/wp\/v2\/users\/1"}],"replies":[{"embeddable":true,"href":"https:\/\/gino-ag.xtek.site\/de\/wp-json\/wp\/v2\/comments?post=1306"}],"version-history":[{"count":0,"href":"https:\/\/gino-ag.xtek.site\/de\/wp-json\/wp\/v2\/pages\/1306\/revisions"}],"up":[{"embeddable":true,"href":"https:\/\/gino-ag.xtek.site\/de\/wp-json\/wp\/v2\/pages\/17"}],"wp:featuredmedia":[{"embeddable":true,"href":"https:\/\/gino-ag.xtek.site\/de\/wp-json\/wp\/v2\/media\/5649"}],"wp:attachment":[{"href":"https:\/\/gino-ag.xtek.site\/de\/wp-json\/wp\/v2\/media?parent=1306"}],"curies":[{"name":"wp","href":"https:\/\/api.w.org\/{rel}","templated":true}]}}